{"id":12657,"date":"2024-12-09T14:53:52","date_gmt":"2024-12-09T14:53:52","guid":{"rendered":"https:\/\/mbefranchise.com\/sobre-mbe\/"},"modified":"2026-04-08T08:43:25","modified_gmt":"2026-04-08T07:43:25","slug":"sobre-mbe","status":"publish","type":"page","link":"https:\/\/mbefranchise.com\/es\/sobre-mbe\/","title":{"rendered":"Sobre MBE"},"content":{"rendered":"\n<div class=\"wp-block-group alignfull hero has-global-padding is-layout-constrained wp-block-group-is-layout-constrained has-background\" style=\"margin-top:0;margin-bottom:0;padding-top:0;padding-bottom:0;background-image:url(&apos;https:\/\/mbefranchise.com\/wp-content\/uploads\/2024\/07\/mbe-2-copy-8-.webp&apos;);background-position:100% 50%;background-repeat:no-repeat;background-size:contain;\">\n<div class=\"wp-block-columns alignfull is-layout-flex wp-container-core-columns-is-layout-f1061711 wp-block-columns-is-layout-flex\" style=\"padding-right:var(--wp--preset--spacing--20);padding-left:var(--wp--preset--spacing--20)\">\n<div class=\"wp-block-column is-layout-flow wp-block-column-is-layout-flow\" style=\"padding-right:0;padding-left:0;flex-basis:100%\">\n<h1 class=\"wp-block-heading alignwide\">Sobre Mail Boxes Etc.<\/h1>\n\n\n\n<p style=\"margin-top:var(--wp--preset--spacing--30);margin-bottom:var(--wp--preset--spacing--30)\">Fundada en San Diego, California (EE. UU.) en 1980, Mail Boxes Etc. (\u201cMBE\u201d) ha evolucionado con el tiempo hasta convertirse en una de las redes internacionales m\u00e1s grandes del mundo de empresarios franquiciados que operan soluciones de env\u00edo, log\u00edstica, impresi\u00f3n, marketing y comunicaciones para empresas y clientes particulares.<br><strong>1.800 Centros de Servicio MBE en m\u00e1s de 50 pa\u00edses en el mundo.<\/strong><\/p>\n<\/div>\n\n\n\n<div class=\"wp-block-column is-layout-flow wp-block-column-is-layout-flow\" style=\"flex-basis:100%\"><\/div>\n<\/div>\n<\/div>\n\n\n\n<div class=\"wp-block-group alignfull has-global-padding is-layout-constrained wp-block-group-is-layout-constrained\" style=\"padding-top:var(--wp--preset--spacing--30);padding-bottom:var(--wp--preset--spacing--30)\">\n<p class=\"has-text-align-center linebefore has-contrast-3-color has-text-color has-link-color wp-elements-5a35e23817acfc4a7dcc7f94e5d8db7b\" style=\"font-style:normal;font-weight:600;text-transform:uppercase\">A TRAV\u00c9S DE LOS A\u00d1OS<\/p>\n\n\n\n<h2 class=\"wp-block-heading alignwide has-text-align-center\" style=\"margin-bottom:var(--wp--preset--spacing--30)\">Nuestors Hitos<\/h2>\n\n\n\n<div class=\"wp-block-group alignwide timeline is-vertical is-content-justification-stretch is-layout-flex wp-container-core-group-is-layout-353c4f5a wp-block-group-is-layout-flex\">\n<div class=\"wp-block-columns are-vertically-aligned-center is-layout-flex wp-container-core-columns-is-layout-28f84493 wp-block-columns-is-layout-flex\">\n<div class=\"wp-block-column is-vertically-aligned-center is-layout-flow wp-block-column-is-layout-flow\">\n<h3 class=\"wp-block-heading\">En 2001<\/h3>\n\n\n\n<p>UPS Inc. adquiri\u00f3 Mail Boxes Etc. y en 2003 comenz\u00f3 a cambiar el nombre de la red MBE tanto en EE. UU. como en Canad\u00e1 a \u201cThe UPS Store\u201d.<\/p>\n<\/div>\n\n\n\n<div class=\"wp-block-column is-vertically-aligned-center is-layout-flow wp-block-column-is-layout-flow\"><\/div>\n<\/div>\n\n\n\n<div class=\"wp-block-columns are-vertically-aligned-center is-layout-flex wp-container-core-columns-is-layout-28f84493 wp-block-columns-is-layout-flex\">\n<div class=\"wp-block-column is-vertically-aligned-center is-layout-flow wp-block-column-is-layout-flow\"><\/div>\n\n\n\n<div class=\"wp-block-column is-vertically-aligned-center is-layout-flow wp-block-column-is-layout-flow\">\n<h3 class=\"wp-block-heading\">En 2009<\/h3>\n\n\n\n<p>MBE Worldwide S.p.A. adquiri\u00f3 la red mundial de centros de servicios MBE (excepto los centros en Norteam\u00e9rica). En ese momento, se trataba de un holding familiar italiano con sede en Mil\u00e1n (Italia), que inici\u00f3 su actividad en 1993 como Franquiciado Master de Mail Boxes Etc. para Italia y, posteriormente, para Espa\u00f1a y Alemania.  <\/p>\n<\/div>\n<\/div>\n\n\n\n<div class=\"wp-block-columns are-vertically-aligned-center is-layout-flex wp-container-core-columns-is-layout-28f84493 wp-block-columns-is-layout-flex\">\n<div class=\"wp-block-column is-vertically-aligned-center is-layout-flow wp-block-column-is-layout-flow\">\n<h3 class=\"wp-block-heading\">En 2017<\/h3>\n\n\n\n<p>MBE Worldwide tambi\u00e9n se convirti\u00f3 en el propietario mayoritario del marketplace log\u00edstico Spedingo.<br>Con la adquisici\u00f3n de AlphaGraphics y PostNet en 2017, la red global de MBE se expandi\u00f3 a aproximadamente 2.600 centros de servicio en m\u00e1s de 50 pa\u00edses.<br>Bosnia y Herzegovina, Croacia, Kosovo, Macedonia, Montenegro, Serbia, Eslovenia.<\/p>\n<\/div>\n\n\n\n<div class=\"wp-block-column is-vertically-aligned-center is-layout-flow wp-block-column-is-layout-flow\"><\/div>\n<\/div>\n\n\n\n<div class=\"wp-block-columns are-vertically-aligned-center is-layout-flex wp-container-core-columns-is-layout-28f84493 wp-block-columns-is-layout-flex\">\n<div class=\"wp-block-column is-vertically-aligned-center is-layout-flow wp-block-column-is-layout-flow\"><\/div>\n\n\n\n<div class=\"wp-block-column is-vertically-aligned-center is-layout-flow wp-block-column-is-layout-flow\">\n<h3 class=\"wp-block-heading\">En 2018<\/h3>\n\n\n\n<p>Hong Kong, Rumania, Hungr\u00eda.<\/p>\n<\/div>\n<\/div>\n\n\n\n<div class=\"wp-block-columns are-vertically-aligned-center is-layout-flex wp-container-core-columns-is-layout-28f84493 wp-block-columns-is-layout-flex\">\n<div class=\"wp-block-column is-vertically-aligned-center is-layout-flow wp-block-column-is-layout-flow\">\n<h3 class=\"wp-block-heading\">En 2021<\/h3>\n\n\n\n<p>MBE adquiere PrestaShop, PACK &amp; SEND y Multicopy;<br>MBE establece una presencia directa (DOC) en el Reino Unido e Irlanda. B\u00e9lgica, Arabia Saudita y los pa\u00edses de la regi\u00f3n del Golfo firmaron Master Franquicias.<\/p>\n\n\n\n<figure class=\"wp-block-gallery aligncenter has-nested-images columns-default wp-block-gallery-1 is-layout-flex wp-block-gallery-is-layout-flex\">\n<figure class=\"wp-block-image size-full\"><img decoding=\"async\" width=\"239\" height=\"43\" data-id=\"3411\" src=\"https:\/\/mbefranchise.com\/wp-content\/uploads\/2022\/05\/prestashop-logo-min.png\" alt=\"\" class=\"wp-image-3411\"\/><\/figure>\n\n\n\n<figure class=\"wp-block-image size-full\"><img decoding=\"async\" width=\"201\" height=\"44\" data-id=\"3413\" src=\"https:\/\/mbefranchise.com\/wp-content\/uploads\/2022\/05\/packsend-logo-min.png\" alt=\"pack send logo\" class=\"wp-image-3413\"\/><\/figure>\n\n\n\n<figure class=\"wp-block-image size-large\"><img decoding=\"async\" width=\"137\" height=\"62\" data-id=\"3409\" src=\"https:\/\/mbefranchise.com\/wp-content\/uploads\/2022\/05\/multicopy-logo-min.png\" alt=\"Multicopy logo\" class=\"wp-image-3409\"\/><\/figure>\n<\/figure>\n<\/div>\n\n\n\n<div class=\"wp-block-column is-vertically-aligned-center is-layout-flow wp-block-column-is-layout-flow\"><\/div>\n<\/div>\n\n\n\n<div class=\"wp-block-columns are-vertically-aligned-center is-layout-flex wp-container-core-columns-is-layout-28f84493 wp-block-columns-is-layout-flex\">\n<div class=\"wp-block-column is-vertically-aligned-center is-layout-flow wp-block-column-is-layout-flow\"><\/div>\n\n\n\n<div class=\"wp-block-column is-vertically-aligned-center is-layout-flow wp-block-column-is-layout-flow\">\n<h3 class=\"wp-block-heading\">En 2022<\/h3>\n\n\n\n<p>MBE adquiere GEL Proximity y WORLD OPTIONS.<br>Marruecos, Colombia, Ecuador.<\/p>\n\n\n\n<figure class=\"wp-block-gallery alignleft has-nested-images columns-default galleryfix wp-block-gallery-2 is-layout-flex wp-block-gallery-is-layout-flex\">\n<figure class=\"wp-block-image alignleft size-full\"><img decoding=\"async\" width=\"78\" height=\"41\" data-id=\"11464\" src=\"https:\/\/mbefranchise.com\/wp-content\/uploads\/2024\/07\/gel-proximity-for-woocommerce.png\" alt=\"\" class=\"wp-image-11464\"\/><\/figure>\n\n\n\n<figure class=\"wp-block-image alignleft size-full\"><img decoding=\"async\" width=\"181\" height=\"51\" data-id=\"11456\" src=\"https:\/\/mbefranchise.com\/wp-content\/uploads\/2024\/07\/world-optios-uk-secondary-logo-colour-transparent.png\" alt=\"\" class=\"wp-image-11456\"\/><\/figure>\n<\/figure>\n<\/div>\n<\/div>\n\n\n\n<div class=\"wp-block-columns are-vertically-aligned-center is-layout-flex wp-container-core-columns-is-layout-28f84493 wp-block-columns-is-layout-flex\">\n<div class=\"wp-block-column is-vertically-aligned-center is-layout-flow wp-block-column-is-layout-flow\">\n<h3 class=\"wp-block-heading\">En 2023<\/h3>\n\n\n\n<p>MBE adquiere PACK &amp; SEND UK del antiguo Master Franquiciado.<br>Malta, Paraguay, Uruguay y Nueva Delhi (India)<\/p>\n<\/div>\n\n\n\n<div class=\"wp-block-column is-vertically-aligned-center is-layout-flow wp-block-column-is-layout-flow\"><\/div>\n<\/div>\n\n\n\n<div class=\"line\"><span class=\"redline\"><\/span><\/div>\n<\/div>\n<\/div>\n\n\n\n<div class=\"wp-block-group alignfull polygon has-global-padding is-layout-constrained wp-block-group-is-layout-constrained\" style=\"padding-top:var(--wp--preset--spacing--30);padding-bottom:var(--wp--preset--spacing--30)\">\n<p class=\"has-text-align-center linebefore has-contrast-3-color has-text-color has-link-color wp-elements-18a71f1fa18db31bc25921bc4c347c03\" style=\"font-style:normal;font-weight:600;text-transform:uppercase\">M\u00c9TRICAS GLOBALES<\/p>\n\n\n\n<h2 class=\"wp-block-heading alignwide has-text-align-center\" style=\"margin-bottom:var(--wp--preset--spacing--30)\">El grupo MBE Worldwide en cifras<\/h2>\n\n\n\n<div class=\"wp-block-columns alignwide counter is-layout-flex wp-container-core-columns-is-layout-c5150b4a wp-block-columns-is-layout-flex\">\n<div class=\"wp-block-column is-layout-flow wp-container-core-column-is-layout-b108c007 wp-block-column-is-layout-flow\" style=\"padding-right:0;padding-left:0\">\n<p class=\"number has-contrast-3-color has-text-color has-link-color wp-elements-ca702ea177ff0cbba6cc0d369efe0ecc\" style=\"font-size:clamp(43.728px, 2.733rem + ((1vw - 3.2px) * 4.911), 84px);font-style:normal;font-weight:700;line-height:1\">30<\/p>\n\n\n\n<p style=\"margin-right:var(--wp--preset--spacing--20);font-size:clamp(14px, 0.875rem + ((1vw - 3.2px) * 0.732), 20px);\">M\u00e1s de 30 a\u00f1os de experiencia en franquicias<\/p>\n<\/div>\n\n\n\n<div class=\"wp-block-column is-layout-flow wp-container-core-column-is-layout-b108c007 wp-block-column-is-layout-flow\" style=\"padding-right:0;padding-left:0\">\n<p class=\"number has-contrast-3-color has-text-color has-link-color wp-elements-9aa6be881e932b414b73b83673a85deb\" style=\"font-size:clamp(43.728px, 2.733rem + ((1vw - 3.2px) * 4.911), 84px);font-style:normal;font-weight:700;line-height:1\">1700<\/p>\n\n\n\n<p style=\"margin-right:var(--wp--preset--spacing--20);font-size:clamp(14px, 0.875rem + ((1vw - 3.2px) * 0.732), 20px);\">M\u00e1s de 1700 franquicias<br>individuales en todo el mundo<\/p>\n<\/div>\n\n\n\n<div class=\"wp-block-column is-layout-flow wp-container-core-column-is-layout-b108c007 wp-block-column-is-layout-flow\" style=\"padding-right:0;padding-left:0\">\n<p class=\"number has-contrast-3-color has-text-color has-link-color wp-elements-532a2c6b507ac0b56c61455331b43ae5\" style=\"font-size:clamp(43.728px, 2.733rem + ((1vw - 3.2px) * 4.911), 84px);font-style:normal;font-weight:700;line-height:1\">45<\/p>\n\n\n\n<p style=\"margin-right:var(--wp--preset--spacing--20);font-size:clamp(14px, 0.875rem + ((1vw - 3.2px) * 0.732), 20px);\">M\u00e1s de 45 pa\u00edses en todo el mundo<\/p>\n<\/div>\n\n\n\n<div class=\"wp-block-column is-layout-flow wp-container-core-column-is-layout-b108c007 wp-block-column-is-layout-flow\" style=\"padding-right:0;padding-left:0\">\n<p class=\"number thousand has-contrast-3-color has-text-color has-link-color wp-elements-a787e6d7929c560953f17558e256b3b8\" style=\"font-size:clamp(41.65px, 2.603rem + ((1vw - 3.2px) * 4.555), 79px);font-style:normal;font-weight:700;line-height:1\">1100<\/p>\n\n\n\n<p style=\"font-size:clamp(14px, 0.875rem + ((1vw - 3.2px) * 0.732), 20px);\">M\u00e1s de 110.000 clientes empresariales<\/p>\n\n\n\n<p class=\"has-text-align-right has-text-color has-link-color wp-elements-b480c26a6ebbbbf9138c876fed3ec16b\" style=\"color:#777777;margin-top:var(--wp--preset--spacing--20);font-size:14px\">*MBE Worldwide SPA a 31 de diciembre de 2023<\/p>\n<\/div>\n<\/div>\n<\/div>\n\n\n\n<div class=\"wp-block-group alignfull ctaline has-global-padding is-layout-constrained wp-block-group-is-layout-constrained\" style=\"margin-top:var(--wp--preset--spacing--30);margin-bottom:var(--wp--preset--spacing--30);padding-top:var(--wp--preset--spacing--30);padding-bottom:var(--wp--preset--spacing--30)\">\n<div class=\"wp-block-columns alignwide is-layout-flex wp-container-core-columns-is-layout-28f84493 wp-block-columns-is-layout-flex\">\n<div class=\"wp-block-column is-layout-flow wp-block-column-is-layout-flow\">\n<p class=\"has-medium-font-size\">Obtenga m\u00e1s informaci\u00f3n en nuestro folleto<\/p>\n\n\n\n<div class=\"wp-block-buttons is-layout-flex wp-block-buttons-is-layout-flex\">\n<div class=\"wp-block-button downlBtn\"><a class=\"wp-block-button__link wp-element-button\">Descarga ahora<\/a><\/div>\n<\/div>\n<\/div>\n\n\n\n<div class=\"wp-block-column is-layout-flow wp-block-column-is-layout-flow\">\n<p class=\"has-medium-font-size\">\u00bfListo para comenzar?<\/p>\n\n\n\n<div class=\"wp-block-buttons is-layout-flex wp-block-buttons-is-layout-flex\">\n<div class=\"wp-block-button\"><a class=\"wp-block-button__link wp-element-button\" href=\"https:\/\/mbefranchise.com\/#apply\">Aplicar ahora<\/a><\/div>\n<\/div>\n<\/div>\n<\/div>\n<\/div>\n\n\n\n<div class=\"wp-block-group alignfull has-global-padding is-layout-constrained wp-block-group-is-layout-constrained\" style=\"padding-top:var(--wp--preset--spacing--30);padding-bottom:var(--wp--preset--spacing--30)\">\n<p class=\"has-text-align-center linebefore has-contrast-3-color has-text-color has-link-color wp-elements-53d11bc11642ee0fdb92f1ec4df05af5\" style=\"font-style:normal;font-weight:600;text-transform:uppercase\">VAMOS A CONOCERNOS<\/p>\n\n\n\n<h2 class=\"wp-block-heading alignwide has-text-align-center\" style=\"margin-bottom:var(--wp--preset--spacing--30)\">Su Equipo de Gu\u00edas<\/h2>\n\n\n\n<div class=\"wp-block-columns alignwide is-not-stacked-on-mobile team is-layout-flex wp-container-core-columns-is-layout-28f84493 wp-block-columns-is-layout-flex\">\n<div class=\"wp-block-column is-layout-flow wp-block-column-is-layout-flow\">\n<figure class=\"wp-block-image size-full\"><img decoding=\"async\" width=\"316\" height=\"429\" src=\"https:\/\/mbefranchise.com\/wp-content\/uploads\/2022\/12\/giuseppe-2.jpg\" alt=\"\" class=\"wp-image-5815\" srcset=\"https:\/\/mbefranchise.com\/wp-content\/uploads\/2022\/12\/giuseppe-2.jpg 316w, https:\/\/mbefranchise.com\/wp-content\/uploads\/2022\/12\/giuseppe-2-221x300.jpg 221w\" sizes=\"(max-width: 316px) 100vw, 316px\" \/><\/figure>\n\n\n\n<p class=\"has-text-align-center\" style=\"font-size:clamp(15.747px, 0.984rem + ((1vw - 3.2px) * 1.006), 24px);\"><strong>Giuseppe Bergonzi<\/strong><\/p>\n\n\n\n<p class=\"has-text-align-center\" style=\"font-size:clamp(14px, 0.875rem + ((1vw - 3.2px) * 0.488), 18px);\">Director Regional MBE Worldwide<\/p>\n\n\n\n<p class=\"has-text-align-center has-text-color has-link-color wp-elements-c436f75c4cce87e77602fa19537c5201\" style=\"color:#777777\">Global<\/p>\n<\/div>\n\n\n\n<div class=\"wp-block-column is-layout-flow wp-block-column-is-layout-flow\">\n<figure class=\"wp-block-image size-full\"><img decoding=\"async\" width=\"316\" height=\"474\" src=\"https:\/\/mbefranchise.com\/wp-content\/uploads\/2021\/02\/maria.jpg\" alt=\"MBE Employee\" class=\"wp-image-229\" srcset=\"https:\/\/mbefranchise.com\/wp-content\/uploads\/2021\/02\/maria.jpg 316w, https:\/\/mbefranchise.com\/wp-content\/uploads\/2021\/02\/maria-200x300.jpg 200w\" sizes=\"(max-width: 316px) 100vw, 316px\" \/><\/figure>\n\n\n\n<p class=\"has-text-align-center\" style=\"font-size:clamp(15.747px, 0.984rem + ((1vw - 3.2px) * 1.006), 24px);\"><strong>Maria Ilicheva<\/strong><\/p>\n\n\n\n<p class=\"has-text-align-center\" style=\"font-size:clamp(14px, 0.875rem + ((1vw - 3.2px) * 0.488), 18px);\">Supervisora de Desarrollo Mundial<\/p>\n\n\n\n<p class=\"has-text-align-center has-text-color has-link-color wp-elements-1493db6543a7a69ab93bb88c7f121426\" style=\"color:#777777\">Europa e Israel, CIS<\/p>\n\n\n\n<p class=\"has-text-align-center\"><a href=\"https:\/\/meetings-eu1.hubspot.com\/mariia-ilicheva\/mail-boxes-etc?uuid=2e3bde48-1ac7-4d2f-9f61-8aacecba078e\" target=\"_blank\" rel=\"noreferrer noopener nofollow\">Programe una llamada<\/a><\/p>\n<\/div>\n\n\n\n<div class=\"wp-block-column is-layout-flow wp-block-column-is-layout-flow\">\n<figure class=\"wp-block-image size-full\"><img decoding=\"async\" width=\"314\" height=\"469\" src=\"https:\/\/mbefranchise.com\/wp-content\/uploads\/2021\/02\/iliess-1.jpg\" alt=\"Mbe Employee\" class=\"wp-image-236\" srcset=\"https:\/\/mbefranchise.com\/wp-content\/uploads\/2021\/02\/iliess-1.jpg 314w, https:\/\/mbefranchise.com\/wp-content\/uploads\/2021\/02\/iliess-1-201x300.jpg 201w\" sizes=\"(max-width: 314px) 100vw, 314px\" \/><\/figure>\n\n\n\n<p class=\"has-text-align-center\" style=\"font-size:clamp(15.747px, 0.984rem + ((1vw - 3.2px) * 1.006), 24px);\"><strong>Iliess Ayad<\/strong><\/p>\n\n\n\n<p class=\"has-text-align-center\" style=\"font-size:clamp(14px, 0.875rem + ((1vw - 3.2px) * 0.488), 18px);\">Supervisora de Desarrollo Mundial<\/p>\n\n\n\n<p class=\"has-text-align-center has-text-color has-link-color wp-elements-c25b83aa910d4a48e05c6edf7ee3ebf4\" style=\"color:#777777\">\u00c1frica, India y Turqu\u00eda<\/p>\n\n\n\n<p class=\"has-text-align-center\"><a href=\"https:\/\/meetings-eu1.hubspot.com\/mbe\/15-minutes-meeting-with-iliess-?uuid=f8036ac0-8644-4b8c-8f08-307702497751\" target=\"_blank\" rel=\"noreferrer noopener nofollow\">Programe una llamada<\/a><\/p>\n<\/div>\n\n\n\n<div class=\"wp-block-column is-layout-flow wp-block-column-is-layout-flow\">\n<figure class=\"wp-block-image size-full\"><img decoding=\"async\" width=\"316\" height=\"474\" src=\"https:\/\/mbefranchise.com\/wp-content\/uploads\/2021\/10\/cesar.jpg\" alt=\"MBE representative\" class=\"wp-image-1969\" srcset=\"https:\/\/mbefranchise.com\/wp-content\/uploads\/2021\/10\/cesar.jpg 316w, https:\/\/mbefranchise.com\/wp-content\/uploads\/2021\/10\/cesar-200x300.jpg 200w\" sizes=\"(max-width: 316px) 100vw, 316px\" \/><\/figure>\n\n\n\n<p class=\"has-text-align-center\" style=\"font-size:clamp(15.747px, 0.984rem + ((1vw - 3.2px) * 1.006), 24px);\"><strong>Cesar Bergamo<\/strong><\/p>\n\n\n\n<p class=\"has-text-align-center\" style=\"font-size:clamp(14px, 0.875rem + ((1vw - 3.2px) * 0.488), 18px);\">Desarrolador de Negocios<\/p>\n\n\n\n<p class=\"has-text-align-center has-text-color has-link-color wp-elements-cab7195733d5da4b055db1ffa4c8fc46\" style=\"color:#777777\">Sudamerica<\/p>\n<\/div>\n\n\n\n<div class=\"wp-block-column is-layout-flow wp-block-column-is-layout-flow\">\n<figure class=\"wp-block-image size-full\"><img decoding=\"async\" width=\"416\" height=\"474\" src=\"https:\/\/mbefranchise.com\/wp-content\/uploads\/2022\/12\/MBE-Potrait-Ruonan.jpg\" alt=\"\" class=\"wp-image-5791\" srcset=\"https:\/\/mbefranchise.com\/wp-content\/uploads\/2022\/12\/MBE-Potrait-Ruonan.jpg 416w, https:\/\/mbefranchise.com\/wp-content\/uploads\/2022\/12\/MBE-Potrait-Ruonan-263x300.jpg 263w\" sizes=\"(max-width: 416px) 100vw, 416px\" \/><\/figure>\n\n\n\n<p class=\"has-text-align-center\" style=\"font-size:clamp(15.747px, 0.984rem + ((1vw - 3.2px) * 1.006), 24px);\"><strong>Ruonan Chen<\/strong><\/p>\n\n\n\n<p class=\"has-text-align-center\" style=\"font-size:clamp(14px, 0.875rem + ((1vw - 3.2px) * 0.488), 18px);\">Desarrolador de Negocios<\/p>\n\n\n\n<p class=\"has-text-align-center has-text-color has-link-color wp-elements-e5c037274fc21965bc8bab10ed86e4ff\" style=\"color:#777777\">Asia<\/p>\n\n\n\n<p class=\"has-text-align-center\"><a href=\"https:\/\/meetings-eu1.hubspot.com\/ruonan\" target=\"_blank\" rel=\"noreferrer noopener nofollow\">Programe una llamada<\/a><\/p>\n<\/div>\n\n\n\n<div class=\"wp-block-column is-layout-flow wp-block-column-is-layout-flow\">\n<figure class=\"wp-block-image size-full\"><img decoding=\"async\" width=\"330\" height=\"350\" src=\"https:\/\/mbefranchise.com\/wp-content\/uploads\/2024\/08\/pawan-kim.jpeg\" alt=\"\" class=\"wp-image-12033\" srcset=\"https:\/\/mbefranchise.com\/wp-content\/uploads\/2024\/08\/pawan-kim.jpeg 330w, https:\/\/mbefranchise.com\/wp-content\/uploads\/2024\/08\/pawan-kim-283x300.jpeg 283w\" sizes=\"(max-width: 330px) 100vw, 330px\" \/><\/figure>\n\n\n\n<p class=\"has-text-align-center\" style=\"font-size:clamp(15.747px, 0.984rem + ((1vw - 3.2px) * 1.006), 24px);\"><strong><strong><strong>Pawan Kim<\/strong><\/strong><\/strong><\/p>\n\n\n\n<p class=\"has-text-align-center\" style=\"font-size:clamp(14px, 0.875rem + ((1vw - 3.2px) * 0.488), 18px);\">Desarrolador de Negocios<\/p>\n\n\n\n<p class=\"has-text-align-center has-text-color has-link-color wp-elements-3884aec6cf54a33fa760b49a6f7a5b6f\" style=\"color:#777777\">Corea del Sur, Vietnam e Estado de Gujarat en India<\/p>\n\n\n\n<p class=\"has-text-align-center\"><a href=\"https:\/\/meetings-eu1.hubspot.com\/pawan-kim\/mlcall\" target=\"_blank\" rel=\"noreferrer noopener nofollow\">Programe una llamada<\/a><\/p>\n<\/div>\n<\/div>\n<\/div>\n\n\n\n<div class=\"wp-block-group alignfull polygon polygon2 has-global-padding is-layout-constrained wp-block-group-is-layout-constrained\" style=\"padding-top:var(--wp--preset--spacing--30);padding-bottom:var(--wp--preset--spacing--30)\">\n<p class=\"has-text-align-center linebefore has-contrast-3-color has-text-color has-link-color wp-elements-238aa20aef2002c6262a41eb7fc492d1\" id=\"testimonials\" style=\"font-style:normal;font-weight:600;text-transform:uppercase\">Testimonios<\/p>\n\n\n\n<h2 class=\"wp-block-heading alignwide has-text-align-center\" style=\"margin-bottom:var(--wp--preset--spacing--30)\">Historias reales de \u00e9xito<\/h2>\n\n\n\n<div class=\"wp-block-columns alignwide videos is-layout-flex wp-container-core-columns-is-layout-28f84493 wp-block-columns-is-layout-flex\">\n<div class=\"wp-block-column sasavideo is-layout-flow wp-block-column-is-layout-flow\">\n<figure class=\"wp-block-image size-full has-custom-border\"><img decoding=\"async\" width=\"366\" height=\"206\" src=\"https:\/\/mbefranchise.com\/wp-content\/uploads\/2024\/07\/sasa-min.jpg\" alt=\"\" class=\"wp-image-11391\" style=\"border-radius:10px\" srcset=\"https:\/\/mbefranchise.com\/wp-content\/uploads\/2024\/07\/sasa-min.jpg 366w, https:\/\/mbefranchise.com\/wp-content\/uploads\/2024\/07\/sasa-min-300x169.jpg 300w\" sizes=\"(max-width: 366px) 100vw, 366px\" \/><\/figure>\n\n\n\n<p style=\"font-size:clamp(15.747px, 0.984rem + ((1vw - 3.2px) * 1.006), 24px);\"><strong>Sa\u0161a Cvetojevi\u0107<br><\/strong>Franquiciado Regi\u00f3n Adri\u00e1tica<\/p>\n\n\n\n<p class=\"play\"><a href=\"#\">Mira ahora<\/a><\/p>\n<\/div>\n\n\n\n<div class=\"wp-block-column kennethvideo is-layout-flow wp-block-column-is-layout-flow\">\n<figure class=\"wp-block-image size-full has-custom-border\"><img decoding=\"async\" width=\"366\" height=\"206\" src=\"https:\/\/mbefranchise.com\/wp-content\/uploads\/2024\/08\/france-rev.jpg\" alt=\"\" class=\"wp-image-12046\" style=\"border-radius:10px\" srcset=\"https:\/\/mbefranchise.com\/wp-content\/uploads\/2024\/08\/france-rev.jpg 366w, https:\/\/mbefranchise.com\/wp-content\/uploads\/2024\/08\/france-rev-300x169.jpg 300w\" sizes=\"(max-width: 366px) 100vw, 366px\" \/><\/figure>\n\n\n\n<p style=\"font-size:clamp(15.747px, 0.984rem + ((1vw - 3.2px) * 1.006), 24px);\"><strong>MBE en Acci\u00f3n<\/strong><br>Clientes franceses comparten su opini\u00f3n<\/p>\n\n\n\n<p class=\"play\"><a href=\"#\">Mira ahora<\/a><\/p>\n<\/div>\n\n\n\n<div class=\"wp-block-column claytonvideo is-layout-flow wp-block-column-is-layout-flow\">\n<figure class=\"wp-block-image size-full has-custom-border\"><img decoding=\"async\" width=\"366\" height=\"206\" src=\"https:\/\/mbefranchise.com\/wp-content\/uploads\/2024\/09\/paolo-fiorelli.jpg\" alt=\"\" class=\"wp-image-12094\" style=\"border-radius:10px\" srcset=\"https:\/\/mbefranchise.com\/wp-content\/uploads\/2024\/09\/paolo-fiorelli.jpg 366w, https:\/\/mbefranchise.com\/wp-content\/uploads\/2024\/09\/paolo-fiorelli-300x169.jpg 300w\" sizes=\"(max-width: 366px) 100vw, 366px\" \/><\/figure>\n\n\n\n<p style=\"font-size:clamp(15.747px, 0.984rem + ((1vw - 3.2px) * 1.006), 24px);\"><strong>Paolo Fiorelli<\/strong><br>Presidente y director ejecutivo de MBE Worldwide<\/p>\n\n\n\n<p class=\"play\"><a href=\"#\">Mira ahora<\/a><\/p>\n<\/div>\n<\/div>\n<\/div>\n","protected":false},"excerpt":{"rendered":"<p>Sobre Mail Boxes Etc. Fundada en San Diego, California (EE. UU.) en 1980, Mail Boxes Etc. (\u201cMBE\u201d) ha evolucionado con el tiempo hasta convertirse en una de las redes internacionales m\u00e1s grandes del mundo de empresarios franquiciados que operan soluciones de env\u00edo, log\u00edstica, impresi\u00f3n, marketing y comunicaciones para empresas y clientes particulares.1.800 Centros de Servicio [&hellip;]<\/p>\n","protected":false},"author":1,"featured_media":0,"parent":0,"menu_order":0,"comment_status":"closed","ping_status":"closed","template":"","meta":{"_acf_changed":false,"content-type":"","footnotes":""},"class_list":["post-12657","page","type-page","status-publish","hentry"],"acf":[],"_links":{"self":[{"href":"https:\/\/mbefranchise.com\/es\/wp-json\/wp\/v2\/pages\/12657","targetHints":{"allow":["GET"]}}],"collection":[{"href":"https:\/\/mbefranchise.com\/es\/wp-json\/wp\/v2\/pages"}],"about":[{"href":"https:\/\/mbefranchise.com\/es\/wp-json\/wp\/v2\/types\/page"}],"author":[{"embeddable":true,"href":"https:\/\/mbefranchise.com\/es\/wp-json\/wp\/v2\/users\/1"}],"replies":[{"embeddable":true,"href":"https:\/\/mbefranchise.com\/es\/wp-json\/wp\/v2\/comments?post=12657"}],"version-history":[{"count":5,"href":"https:\/\/mbefranchise.com\/es\/wp-json\/wp\/v2\/pages\/12657\/revisions"}],"predecessor-version":[{"id":18503,"href":"https:\/\/mbefranchise.com\/es\/wp-json\/wp\/v2\/pages\/12657\/revisions\/18503"}],"wp:attachment":[{"href":"https:\/\/mbefranchise.com\/es\/wp-json\/wp\/v2\/media?parent=12657"}],"curies":[{"name":"wp","href":"https:\/\/api.w.org\/{rel}","templated":true}]}}