{"id":12805,"date":"2024-12-13T15:07:28","date_gmt":"2024-12-13T15:07:28","guid":{"rendered":"https:\/\/mbefranchise.com\/testimonios\/"},"modified":"2025-12-17T14:11:32","modified_gmt":"2025-12-17T14:11:32","slug":"testimonios","status":"publish","type":"page","link":"https:\/\/mbefranchise.com\/es\/testimonios\/","title":{"rendered":"Testimonios"},"content":{"rendered":"\n<div class=\"wp-block-group alignfull hero has-global-padding is-layout-constrained wp-block-group-is-layout-constrained has-background\" style=\"margin-top:0;margin-bottom:0;background-image:url(&apos;https:\/\/mbefranchise.com\/wp-content\/uploads\/2024\/07\/franchising.webp&apos;);background-position:100% 50%;background-repeat:no-repeat;background-size:contain;\">\n<div class=\"wp-block-columns alignwide is-layout-flex wp-container-core-columns-is-layout-f1061711 wp-block-columns-is-layout-flex\" style=\"padding-right:var(--wp--preset--spacing--20);padding-left:var(--wp--preset--spacing--20)\">\n<div class=\"wp-block-column is-layout-flow wp-block-column-is-layout-flow\" style=\"padding-right:0;padding-left:0;flex-basis:100%\">\n<h1 class=\"wp-block-heading alignwide\">Nuestras Historias<\/h1>\n\n\n\n<p style=\"margin-top:var(--wp--preset--spacing--30);margin-bottom:var(--wp--preset--spacing--30)\">La red de MBE se alimenta de la pasi\u00f3n de nuestra gente. Son uno de los pilares de nuestra marca. Pero no se f\u00ede solo de nuestras palabras&#8230; Conozca a nuestros emprendedores de MBE.  <\/p>\n<\/div>\n\n\n\n<div class=\"wp-block-column is-layout-flow wp-block-column-is-layout-flow\" style=\"flex-basis:100%\"><\/div>\n<\/div>\n<\/div>\n\n\n\n<div class=\"wp-block-group alignfull polygon polygon2 has-global-padding is-layout-constrained wp-block-group-is-layout-constrained\" style=\"padding-top:var(--wp--preset--spacing--30);padding-bottom:var(--wp--preset--spacing--30)\">\n<p class=\"has-text-align-center linebefore has-contrast-3-color has-text-color has-link-color wp-elements-238aa20aef2002c6262a41eb7fc492d1\" id=\"testimonials\" style=\"font-style:normal;font-weight:600;text-transform:uppercase\">Testimonios<\/p>\n\n\n\n<h2 class=\"wp-block-heading alignwide has-text-align-center\" style=\"margin-bottom:var(--wp--preset--spacing--30)\">Historias reales de \u00e9xito<\/h2>\n\n\n\n<div class=\"wp-block-columns alignwide are-vertically-aligned-center stories is-layout-flex wp-container-core-columns-is-layout-63c0096e wp-block-columns-is-layout-flex\" style=\"margin-top:0;margin-bottom:0;padding-top:0;padding-right:0;padding-bottom:0;padding-left:0\">\n<div class=\"wp-block-column is-vertically-aligned-center is-layout-flow wp-block-column-is-layout-flow\">\n<p class=\"cite has-large-font-size\" style=\"line-height:1.2\"><strong>Aseg\u00farate de centrarte en el cliente. Si te centras en hacer lo correcto para los clientes, el futuro es prometedor. <\/strong><\/p>\n\n\n\n<p class=\"has-medium-font-size\">Nacido y criado en Venezuela, Kenneth estudi\u00f3 en Estados Unidos, donde descubri\u00f3 el concepto MBE. Despu\u00e9s de dos a\u00f1os en una empresa de consultor\u00eda global, Kenneth decidi\u00f3 fundar MBE en Venezuela y M\u00e9xico. Vea el video para ver su trayectoria profesional y sus planes a futuro.  <\/p>\n<\/div>\n\n\n\n<div class=\"wp-block-column is-vertically-aligned-center is-layout-flow wp-block-column-is-layout-flow\">\n<figure class=\"wp-block-embed is-type-video is-provider-youtube wp-block-embed-youtube wp-embed-aspect-16-9 wp-has-aspect-ratio\"><div class=\"wp-block-embed__wrapper\">\n<iframe title=\"MBE Master Franchisee Mexico and Venezuela: Kenneth Landau\" width=\"500\" height=\"281\" src=\"https:\/\/www.youtube.com\/embed\/uZRIVJTzthI?feature=oembed\" frameborder=\"0\" allow=\"accelerometer; autoplay; clipboard-write; encrypted-media; gyroscope; picture-in-picture; web-share\" referrerpolicy=\"strict-origin-when-cross-origin\" allowfullscreen><\/iframe>\n<\/div><\/figure>\n<\/div>\n<\/div>\n\n\n\n<div class=\"wp-block-columns alignwide stories is-layout-flex wp-container-core-columns-is-layout-1e834ece wp-block-columns-is-layout-flex\" style=\"margin-top:0;margin-bottom:0;padding-top:var(--wp--preset--spacing--50);padding-bottom:0\">\n<div class=\"wp-block-column is-vertically-aligned-center is-layout-flow wp-block-column-is-layout-flow\">\n<p class=\"cite has-large-font-size\" style=\"line-height:1.2\"><strong>Una base s\u00f3lida para hacer crecer un negocio sostenible y a largo plazo.<\/strong><\/p>\n\n\n\n<p class=\"has-medium-font-size\">Soy empresario en el negocio de la log\u00edstica y la distribuci\u00f3n desde hace m\u00e1s de 20 a\u00f1os, pero siempre estoy buscando nuevas oportunidades y nuevos modelos de negocio. MBE es una buena marca y hab\u00eda visto la Master Franquicia MBE como una posibilidad para el r\u00e1pido inicio de una operaci\u00f3n de franquicia. <\/p>\n<\/div>\n\n\n\n<div class=\"wp-block-column is-layout-flow wp-block-column-is-layout-flow\">\n<figure class=\"wp-block-embed is-type-video is-provider-youtube wp-block-embed-youtube wp-embed-aspect-16-9 wp-has-aspect-ratio\"><div class=\"wp-block-embed__wrapper\">\n<iframe title=\"MBE Master Licensee: Sa\u0161a Cvetojevi\u0107, Adriatic Region\" width=\"500\" height=\"281\" src=\"https:\/\/www.youtube.com\/embed\/Rae4ZSxWFrI?feature=oembed\" frameborder=\"0\" allow=\"accelerometer; autoplay; clipboard-write; encrypted-media; gyroscope; picture-in-picture; web-share\" referrerpolicy=\"strict-origin-when-cross-origin\" allowfullscreen><\/iframe>\n<\/div><\/figure>\n<\/div>\n<\/div>\n<\/div>\n\n\n\n<div class=\"wp-block-columns alignwide is-layout-flex wp-container-core-columns-is-layout-28f84493 wp-block-columns-is-layout-flex\">\n<div class=\"wp-block-column is-vertically-aligned-center is-layout-flow wp-block-column-is-layout-flow\" style=\"flex-basis:60%\">\n<p class=\"has-text-align-right\" style=\"font-size:clamp(14px, 0.875rem + ((1vw - 3.2px) * 0.732), 20px);\">Explora m\u00e1s historias inspiradoras en nuestro canal de YouTube<\/p>\n<\/div>\n\n\n\n<div class=\"wp-block-column is-layout-flow wp-block-column-is-layout-flow\" style=\"flex-basis:40%\">\n<div class=\"wp-block-buttons is-layout-flex wp-container-core-buttons-is-layout-da267d74 wp-block-buttons-is-layout-flex\">\n<div class=\"wp-block-button is-style-fill\"><a class=\"wp-block-button__link has-base-color has-contrast-2-background-color has-text-color has-background has-link-color wp-element-button\" href=\"https:\/\/www.youtube.com\/channel\/UC0Cqrv39pq1xRxhZSCrTbNw\" style=\"border-radius:50px;padding-right:var(--wp--preset--spacing--30);padding-left:var(--wp--preset--spacing--30)\" target=\"_blank\" rel=\"noreferrer noopener nofollow\">Explorar ahora<\/a><\/div>\n<\/div>\n<\/div>\n<\/div>\n\n\n\n<div class=\"wp-block-group alignfull polygon polygon2 has-global-padding is-layout-constrained wp-block-group-is-layout-constrained\" style=\"padding-top:var(--wp--preset--spacing--30);padding-bottom:var(--wp--preset--spacing--30)\">\n<p class=\"has-text-align-center linebefore has-contrast-3-color has-text-color has-link-color wp-elements-85ee4e4721bd80b0555efe948844222c\" id=\"testimonials\" style=\"font-style:normal;font-weight:600;text-transform:uppercase\">Mail Boxes Etc. Highlights <\/p>\n\n\n\n<h2 class=\"wp-block-heading alignwide has-text-align-center\" style=\"margin-bottom:var(--wp--preset--spacing--30)\">Entrevistas exclusivas de gesti\u00f3n<\/h2>\n\n\n\n<div class=\"wp-block-columns alignwide videos is-layout-flex wp-container-core-columns-is-layout-28f84493 wp-block-columns-is-layout-flex\">\n<div class=\"wp-block-column claytonvideo is-layout-flow wp-block-column-is-layout-flow\">\n<figure class=\"wp-block-image size-full has-custom-border\"><img decoding=\"async\" width=\"366\" height=\"206\" src=\"https:\/\/mbefranchise.com\/wp-content\/uploads\/2024\/09\/paolo-fiorelli.jpg\" alt=\"\" class=\"wp-image-12094\" style=\"border-radius:10px\" srcset=\"https:\/\/mbefranchise.com\/wp-content\/uploads\/2024\/09\/paolo-fiorelli.jpg 366w, https:\/\/mbefranchise.com\/wp-content\/uploads\/2024\/09\/paolo-fiorelli-300x169.jpg 300w\" sizes=\"(max-width: 366px) 100vw, 366px\" \/><\/figure>\n\n\n\n<p style=\"font-size:clamp(15.747px, 0.984rem + ((1vw - 3.2px) * 1.006), 24px);\"><strong>Paolo Fiorelli<\/strong><br>Presidente y director ejecutivo de MBE Worldwide<\/p>\n\n\n\n<p class=\"play\"><a href=\"#\">Mira ahora<\/a><\/p>\n<\/div>\n\n\n\n<div class=\"wp-block-column samuelevideo is-layout-flow wp-block-column-is-layout-flow\">\n<figure class=\"wp-block-image size-full has-custom-border\"><img decoding=\"async\" width=\"366\" height=\"206\" src=\"https:\/\/mbefranchise.com\/wp-content\/uploads\/2024\/09\/samuele-spaccia.jpg\" alt=\"\" class=\"wp-image-12113\" style=\"border-radius:10px\" srcset=\"https:\/\/mbefranchise.com\/wp-content\/uploads\/2024\/09\/samuele-spaccia.jpg 366w, https:\/\/mbefranchise.com\/wp-content\/uploads\/2024\/09\/samuele-spaccia-300x169.jpg 300w\" sizes=\"(max-width: 366px) 100vw, 366px\" \/><\/figure>\n\n\n\n<p style=\"font-size:clamp(15.747px, 0.984rem + ((1vw - 3.2px) * 1.006), 24px);\"><strong>Samuele Spaccia<\/strong><br>Director financiero del grupo MBE Worldwide<\/p>\n\n\n\n<p class=\"play\"><a href=\"#\">Mira ahora<\/a><\/p>\n<\/div>\n\n\n\n<div class=\"wp-block-column rudivideo is-layout-flow wp-block-column-is-layout-flow\">\n<figure class=\"wp-block-image size-full has-custom-border\"><img decoding=\"async\" width=\"366\" height=\"206\" src=\"https:\/\/mbefranchise.com\/wp-content\/uploads\/2024\/09\/giuseppe-rudi.jpg\" alt=\"\" class=\"wp-image-12121\" style=\"border-radius:10px\" srcset=\"https:\/\/mbefranchise.com\/wp-content\/uploads\/2024\/09\/giuseppe-rudi.jpg 366w, https:\/\/mbefranchise.com\/wp-content\/uploads\/2024\/09\/giuseppe-rudi-300x169.jpg 300w\" sizes=\"(max-width: 366px) 100vw, 366px\" \/><\/figure>\n\n\n\n<p style=\"font-size:clamp(15.747px, 0.984rem + ((1vw - 3.2px) * 1.006), 24px);\"><strong>Giuseppe Rudi<br><\/strong>Director de operaciones del grupo MBE Worldwide<\/p>\n\n\n\n<p class=\"play\"><a href=\"#\">Mira ahora<\/a><\/p>\n<\/div>\n<\/div>\n<\/div>\n\n\n\n<div class=\"wp-block-group alignwide form has-global-padding is-layout-constrained wp-block-group-is-layout-constrained\" style=\"padding-top:var(--wp--preset--spacing--30);padding-bottom:var(--wp--preset--spacing--30)\">\n<p class=\"has-text-align-center linebefore has-contrast-3-color has-text-color has-link-color wp-elements-32074354e7e44205ed5a5ce75c86c190\" id=\"apply\" style=\"font-style:normal;font-weight:600;text-transform:uppercase\">CONT\u00c1CTANOS<\/p>\n\n\n\n<div class=\"hs-form-frame\" data-region=\"eu1\" data-form-id=\"9fe84554-9f3e-4de2-bfa3-0c13760f2b8b\" data-portal-id=\"144081496\"><\/div>\n<\/div>\n","protected":false},"excerpt":{"rendered":"<p>Nuestras Historias La red de MBE se alimenta de la pasi\u00f3n de nuestra gente. Son uno de los pilares de nuestra marca. Pero no se f\u00ede solo de nuestras palabras&#8230; Conozca a nuestros emprendedores de MBE. Testimonios Historias reales de \u00e9xito Aseg\u00farate de centrarte en el cliente. Si te centras en hacer lo correcto para [&hellip;]<\/p>\n","protected":false},"author":1,"featured_media":0,"parent":0,"menu_order":0,"comment_status":"closed","ping_status":"closed","template":"","meta":{"_acf_changed":false,"content-type":"","footnotes":""},"class_list":["post-12805","page","type-page","status-publish","hentry"],"acf":[],"_links":{"self":[{"href":"https:\/\/mbefranchise.com\/es\/wp-json\/wp\/v2\/pages\/12805","targetHints":{"allow":["GET"]}}],"collection":[{"href":"https:\/\/mbefranchise.com\/es\/wp-json\/wp\/v2\/pages"}],"about":[{"href":"https:\/\/mbefranchise.com\/es\/wp-json\/wp\/v2\/types\/page"}],"author":[{"embeddable":true,"href":"https:\/\/mbefranchise.com\/es\/wp-json\/wp\/v2\/users\/1"}],"replies":[{"embeddable":true,"href":"https:\/\/mbefranchise.com\/es\/wp-json\/wp\/v2\/comments?post=12805"}],"version-history":[{"count":2,"href":"https:\/\/mbefranchise.com\/es\/wp-json\/wp\/v2\/pages\/12805\/revisions"}],"predecessor-version":[{"id":16861,"href":"https:\/\/mbefranchise.com\/es\/wp-json\/wp\/v2\/pages\/12805\/revisions\/16861"}],"wp:attachment":[{"href":"https:\/\/mbefranchise.com\/es\/wp-json\/wp\/v2\/media?parent=12805"}],"curies":[{"name":"wp","href":"https:\/\/api.w.org\/{rel}","templated":true}]}}