{"id":13469,"date":"2025-01-31T15:46:38","date_gmt":"2025-01-31T15:46:38","guid":{"rendered":"https:\/\/mbefranchise.com\/home\/"},"modified":"2025-12-09T11:05:26","modified_gmt":"2025-12-09T11:05:26","slug":"home","status":"publish","type":"page","link":"https:\/\/mbefranchise.com\/es\/","title":{"rendered":"Home"},"content":{"rendered":"\n<div class=\"wp-block-group alignfull hero has-global-padding is-layout-constrained wp-block-group-is-layout-constrained has-background\" style=\"margin-top:0;margin-bottom:0;background-image:url(&apos;https:\/\/mbefranchise.com\/wp-content\/uploads\/2024\/07\/mbe-2-copy-8-.webp&apos;);background-position:100% 50%;background-repeat:no-repeat;background-size:contain;\">\n<div class=\"wp-block-columns alignfull is-layout-flex wp-container-core-columns-is-layout-f1061711 wp-block-columns-is-layout-flex\" style=\"padding-right:var(--wp--preset--spacing--20);padding-left:var(--wp--preset--spacing--20)\">\n<div class=\"wp-block-column is-layout-flow wp-block-column-is-layout-flow\" style=\"padding-right:0;padding-left:0;flex-basis:100%\">\n<h1 class=\"wp-block-heading alignwide has-large-font-size\">Como red de emprendedores, comprendemos las dificultades diarias de las peque\u00f1as empresas<\/h1>\n\n\n\n<p style=\"margin-top:var(--wp--preset--spacing--30);margin-bottom:var(--wp--preset--spacing--30)\">Ofrecemos soluciones personalizadas en embalaje, env\u00edo, micro log\u00edstica, impresi\u00f3n y marketing para ayudar a las PYMES a crecer. Descubra por qu\u00e9 invertir en la Master Franquicia de Mail Boxes Etc. representa una oportunidad excepcional.  <\/p>\n\n\n\n<p class=\"herovideo play\" style=\"font-size:clamp(14px, 0.875rem + ((1vw - 3.2px) * 0.488), 18px);\"><a href=\"#video\">Mira nuestro video<\/a><\/p>\n<\/div>\n\n\n\n<div class=\"wp-block-column is-layout-flow wp-block-column-is-layout-flow\" style=\"flex-basis:100%\"><\/div>\n<\/div>\n<\/div>\n\n\n\n<div class=\"wp-block-group alignwide has-global-padding is-layout-constrained wp-block-group-is-layout-constrained\" style=\"padding-top:var(--wp--preset--spacing--30);padding-bottom:var(--wp--preset--spacing--30)\">\n<h2 class=\"wp-block-heading alignwide has-text-align-center\" style=\"margin-bottom:var(--wp--preset--spacing--30)\">Empoderando a las peque\u00f1as y medianas empresas<\/h2>\n\n\n\n<div class=\"wp-block-columns are-vertically-aligned-center is-not-stacked-on-mobile mobilestack is-layout-flex wp-container-core-columns-is-layout-658170e2 wp-block-columns-is-layout-flex\">\n<div class=\"wp-block-column is-vertically-aligned-center is-layout-flow wp-container-core-column-is-layout-38dc53a8 wp-block-column-is-layout-flow\" style=\"border-top-style:none;border-top-width:0px;border-right-color:var(--wp--preset--color--contrast-2);border-right-style:solid;border-right-width:2px;border-bottom-style:none;border-bottom-width:0px;border-left-style:none;border-left-width:0px;padding-right:var(--wp--preset--spacing--10);flex-basis:21%\">\n<figure class=\"wp-block-image size-full is-resized\"><img decoding=\"async\" width=\"190\" height=\"190\" src=\"https:\/\/mbefranchise.com\/wp-content\/uploads\/2024\/07\/logo-eff.png\" alt=\"\" class=\"wp-image-11215\" style=\"width:180px\" srcset=\"https:\/\/mbefranchise.com\/wp-content\/uploads\/2024\/07\/logo-eff.png 190w, https:\/\/mbefranchise.com\/wp-content\/uploads\/2024\/07\/logo-eff-150x150.png 150w\" sizes=\"(max-width: 190px) 100vw, 190px\" \/><\/figure>\n<\/div>\n\n\n\n<div class=\"wp-block-column is-vertically-aligned-center is-layout-flow wp-block-column-is-layout-flow\" style=\"flex-basis:66.66%\">\n<p>M\u00e1s del 90% de la econom\u00eda mundial se basa en la contribuci\u00f3n de las PYME, que luchan por crecer debido a problemas diarios de log\u00edstica, impresi\u00f3n, marketing y m\u00e1s. Estas empresas suelen ser ignoradas por los grandes actores debido a sus necesidades de personalizaci\u00f3n y flexibilidad. MBE est\u00e1 aqu\u00ed para brindar soluciones confiables para sus necesidades comerciales y personales.  <\/p>\n\n\n\n<p class=\"has-text-color has-link-color has-small-font-size wp-elements-610015558cd8ed1f0bb50d7f78793abd\" style=\"color:#777777\">* MBE Worldwide SPA \u2013 Marca Internacional de 2023, otorgada por la Asociaci\u00f3n Europea de Franquicias.<\/p>\n<\/div>\n<\/div>\n<\/div>\n\n\n\n<div class=\"wp-block-group alignwide has-global-padding is-layout-constrained wp-block-group-is-layout-constrained\" style=\"padding-top:var(--wp--preset--spacing--30);padding-bottom:var(--wp--preset--spacing--30)\">\n<p class=\"has-text-align-center linebefore has-contrast-3-color has-text-color has-link-color wp-elements-82ba74cd9feaca3654c823635e95eb36\" style=\"font-style:normal;font-weight:600;text-transform:uppercase\">NUESTRAS SOLUCIONES<\/p>\n\n\n\n<h2 class=\"wp-block-heading alignwide has-text-align-center\" style=\"margin-bottom:var(--wp--preset--spacing--30)\">Servicios y productos de MBE<\/h2>\n\n\n\n<div class=\"wp-block-columns alignwide services is-layout-flex wp-container-core-columns-is-layout-65e523f9 wp-block-columns-is-layout-flex\">\n<div class=\"wp-block-column is-layout-flow wp-block-column-is-layout-flow\">\n<figure class=\"wp-block-image size-full is-resized\"><img decoding=\"async\" src=\"https:\/\/mbefranchise.com\/wp-content\/uploads\/2024\/07\/pack-ship-red.svg\" alt=\"\" class=\"wp-image-11291\" style=\"object-fit:cover;width:54px;height:54px\"\/><\/figure>\n\n\n\n<h3 class=\"wp-block-heading has-contrast-color has-text-color has-link-color wp-elements-d05eddfeb5b884e32acb98f4410b2aed\">Embalaje &amp; Env\u00edo<\/h3>\n\n\n\n<p class=\"has-small-font-size\">Nuestros centros MBE eliminan las complicaciones de los env\u00edos y ofrecen soluciones para todas las necesidades de embalaje y env\u00edo. Nuestro personal bien capacitado recoge y empaqueta a medida los productos valiosos, las formas extra\u00f1as o los art\u00edculos esenciales de uso diario de los clientes, asegur\u00e1ndose de que lleguen de manera segura a su destino. Ya sea que necesiten env\u00edos nacionales, expr\u00e9s o internacionales, tenemos una soluci\u00f3n inteligente de m\u00faltiples transportistas que se adapta a todas las necesidades. Crea una red de centros de servicio franquiciados y convi\u00e9rtate en el socio confiable de tus clientes.   <a href=\"https:\/\/www.mbe-cr.com\/en\/pack-and-ship\/\"><\/a><\/p>\n\n\n\n<p class=\"more has-arrow has-contrast-2-color has-text-color has-link-color wp-elements-52e7d5009d3a6f9dbcc7a0a95fc44567\"><strong>M\u00e1s informaci\u00f3n<\/strong><\/p>\n<\/div>\n\n\n\n<div class=\"wp-block-column is-layout-flow wp-block-column-is-layout-flow\">\n<figure class=\"wp-block-image size-full is-resized\"><img decoding=\"async\" src=\"https:\/\/mbefranchise.com\/wp-content\/uploads\/2024\/07\/ecomm-fulfillment-red.svg\" alt=\"\" class=\"wp-image-11283\" style=\"object-fit:cover;width:53px;height:53px\"\/><\/figure>\n\n\n\n<h3 class=\"wp-block-heading has-contrast-color has-text-color has-link-color wp-elements-32f537d6cea4e703424116960e3bf005\">Log\u00edstica y comercio electr\u00f3nico<\/h3>\n\n\n\n<p class=\"has-small-font-size\">Impulsa el negocio de comercio electr\u00f3nico de tus clientes con las soluciones de microlog\u00edstica de MBE. Mail Boxes Etc. ofrece una experiencia perfecta, ya que se encarga de todo, desde el almacenamiento hasta la gesti\u00f3n y el cumplimiento del inventario. Nuestras soluciones escalables se adaptan al crecimiento del negocio y se encargan de la selecci\u00f3n, el embalaje y el env\u00edo de pedidos, para que las empresas puedan centrarse en lo que m\u00e1s importa: hacer crecer su tienda en l\u00ednea. Con MBE, obtenga la experiencia y la flexibilidad que necesitas para impresionar a tus clientes en cada paso del proceso.   <a href=\"https:\/\/www.mbe-cr.com\/en\/pack-and-ship\/\"><\/a><\/p>\n\n\n\n<p class=\"more has-arrow has-contrast-2-color has-text-color has-link-color wp-elements-52e7d5009d3a6f9dbcc7a0a95fc44567\"><strong>M\u00e1s informaci\u00f3n<\/strong><\/p>\n<\/div>\n\n\n\n<div class=\"wp-block-column is-layout-flow wp-block-column-is-layout-flow\">\n<figure class=\"wp-block-image size-full is-resized\"><img decoding=\"async\" src=\"https:\/\/mbefranchise.com\/wp-content\/uploads\/2024\/07\/marketing-solutions-red.svg\" alt=\"\" class=\"wp-image-11275\" style=\"object-fit:cover;width:54px;height:54px\"\/><\/figure>\n\n\n\n<h3 class=\"wp-block-heading has-contrast-color has-text-color has-link-color wp-elements-7b63ce56657cf95d23592c9b7b44ff9b\">Marketing &amp; Impresi\u00f3n<\/h3>\n\n\n\n<p class=\"has-small-font-size\">Genera una impresi\u00f3n duradera con nuestras soluciones de marketing e impresi\u00f3n. Como un proveedor integral, Mail Boxes Etc. comprende todo, desde el dise\u00f1o gr\u00e1fico hasta la impresi\u00f3n personalizada. Ya sea que tu cliente necesite tarjetas de presentaci\u00f3n de alta calidad, folletos impactantes o un nuevo sitio web sorprendente, hagas realidad su visi\u00f3n. Les permita contar la historia de su marca y conectarse con su audiencia de diversas maneras.   <a href=\"https:\/\/www.mbe-cr.com\/en\/pack-and-ship\/\"><\/a><\/p>\n\n\n\n<p class=\"more has-arrow has-contrast-2-color has-text-color has-link-color wp-elements-52e7d5009d3a6f9dbcc7a0a95fc44567\"><strong>M\u00e1s informaci\u00f3n<\/strong><\/p>\n<\/div>\n\n\n\n<div class=\"wp-block-column is-layout-flow wp-block-column-is-layout-flow\">\n<figure class=\"wp-block-image size-full is-resized tickre\"><img decoding=\"async\" src=\"https:\/\/mbefranchise.com\/wp-content\/uploads\/2024\/07\/etc-red.svg\" alt=\"\" class=\"wp-image-11299\" style=\"object-fit:cover;width:54px;height:54px\"\/><\/figure>\n\n\n\n<h3 class=\"wp-block-heading has-contrast-color has-text-color has-link-color wp-elements-e27cfb79b1990d58defce06d3659cf1e\">Etc. &#8211; Otros productos<br>&amp; servicios <\/h3>\n\n\n\n<p class=\"has-small-font-size\">Y m\u00e1s. Los servicios de Mail Boxes \u201cEtc.\u201d ofrecen una variedad de soluciones para agilizar las operaciones comerciales y las necesidades personales de tus clientes. Alquilar un buz\u00f3n seguro, establecer una direcci\u00f3n de oficina virtual, solicitar servicios de notario y m\u00e1s. Aproveche nuestro modelo flexible e incluya m\u00e1s servicios profesionales para las necesidades de tus clientes locales.   <a href=\"https:\/\/www.mbe-cr.com\/en\/pack-and-ship\/\"><\/a><\/p>\n\n\n\n<p class=\"more has-arrow has-contrast-2-color has-text-color has-link-color wp-elements-52e7d5009d3a6f9dbcc7a0a95fc44567\"><strong>M\u00e1s informaci\u00f3n<\/strong><\/p>\n<\/div>\n<\/div>\n<\/div>\n\n\n\n<div class=\"wp-block-group alignfull polygon has-global-padding is-layout-constrained wp-block-group-is-layout-constrained\" style=\"padding-top:var(--wp--preset--spacing--30);padding-bottom:var(--wp--preset--spacing--30)\">\n<div class=\"wp-block-columns alignwide counter is-layout-flex wp-container-core-columns-is-layout-c5150b4a wp-block-columns-is-layout-flex\">\n<div class=\"wp-block-column is-layout-flow wp-container-core-column-is-layout-b108c007 wp-block-column-is-layout-flow\" style=\"padding-right:0;padding-left:0\">\n<p class=\"number has-contrast-3-color has-text-color has-link-color wp-elements-ca702ea177ff0cbba6cc0d369efe0ecc\" style=\"font-size:clamp(43.728px, 2.733rem + ((1vw - 3.2px) * 4.911), 84px);font-style:normal;font-weight:700;line-height:1\">30<\/p>\n\n\n\n<p style=\"margin-right:var(--wp--preset--spacing--20);font-size:clamp(14px, 0.875rem + ((1vw - 3.2px) * 0.732), 20px);\">M\u00e1s de 30 a\u00f1os de experiencia en franquicias<\/p>\n<\/div>\n\n\n\n<div class=\"wp-block-column is-layout-flow wp-container-core-column-is-layout-b108c007 wp-block-column-is-layout-flow\" style=\"padding-right:0;padding-left:0\">\n<p class=\"number has-contrast-3-color has-text-color has-link-color wp-elements-ebc1c5faa6a85664c9afb4a9554a5496\" style=\"font-size:clamp(43.728px, 2.733rem + ((1vw - 3.2px) * 4.911), 84px);font-style:normal;font-weight:700;line-height:1\">1800<\/p>\n\n\n\n<p style=\"margin-right:var(--wp--preset--spacing--20);font-size:clamp(14px, 0.875rem + ((1vw - 3.2px) * 0.732), 20px);\">M\u00e1s de 1800 franquicias<br>individuales en todo el mundo<\/p>\n<\/div>\n\n\n\n<div class=\"wp-block-column is-layout-flow wp-container-core-column-is-layout-b108c007 wp-block-column-is-layout-flow\" style=\"padding-right:0;padding-left:0\">\n<p class=\"number has-contrast-3-color has-text-color has-link-color wp-elements-532a2c6b507ac0b56c61455331b43ae5\" style=\"font-size:clamp(43.728px, 2.733rem + ((1vw - 3.2px) * 4.911), 84px);font-style:normal;font-weight:700;line-height:1\">45<\/p>\n\n\n\n<p style=\"margin-right:var(--wp--preset--spacing--20);font-size:clamp(14px, 0.875rem + ((1vw - 3.2px) * 0.732), 20px);\">M\u00e1s de 45 pa\u00edses en todo el mundo<\/p>\n<\/div>\n\n\n\n<div class=\"wp-block-column is-layout-flow wp-container-core-column-is-layout-b108c007 wp-block-column-is-layout-flow\" style=\"padding-right:0;padding-left:0\">\n<p class=\"number thousand has-contrast-3-color has-text-color has-link-color wp-elements-a787e6d7929c560953f17558e256b3b8\" style=\"font-size:clamp(41.65px, 2.603rem + ((1vw - 3.2px) * 4.555), 79px);font-style:normal;font-weight:700;line-height:1\">1100<\/p>\n\n\n\n<p style=\"font-size:clamp(14px, 0.875rem + ((1vw - 3.2px) * 0.732), 20px);\">M\u00e1s de 110.000 clientes empresariales<\/p>\n\n\n\n<p class=\"has-text-align-right has-text-color has-link-color wp-elements-0ecb7de4741200f549f1e01022311a77\" style=\"color:#777777;margin-top:var(--wp--preset--spacing--20);font-size:14px\">MBE Worldwide SPA em 31 de dezembro de 2023<\/p>\n<\/div>\n<\/div>\n<\/div>\n\n\n\n<div class=\"wp-block-group alignwide cta has-global-padding is-layout-constrained wp-block-group-is-layout-constrained has-background\" style=\"padding-top:var(--wp--preset--spacing--30);padding-bottom:var(--wp--preset--spacing--30);background-image:url(&apos;https:\/\/mbefranchise.com\/wp-content\/uploads\/2024\/07\/path-to-mailbox-cust.svg&apos;);background-position:100% 0%;background-repeat:no-repeat;background-size:contain;\">\n<div class=\"wp-block-columns alignwide are-vertically-aligned-center is-layout-flex wp-container-core-columns-is-layout-28f84493 wp-block-columns-is-layout-flex\">\n<div class=\"wp-block-column is-vertically-aligned-center has-contrast-2-background-color has-background is-layout-flow wp-block-column-is-layout-flow\" style=\"padding-top:var(--wp--preset--spacing--30);padding-right:var(--wp--preset--spacing--30);padding-bottom:var(--wp--preset--spacing--30);padding-left:var(--wp--preset--spacing--30);flex-basis:55%\">\n<p class=\"has-text-align-left linebefore has-base-color has-text-color has-link-color wp-elements-9ccd2be534db007b70b6083c22f6f0a7\" style=\"font-style:normal;font-weight:600;text-transform:uppercase\">LA MASTER FRANQUICIA<\/p>\n\n\n\n<h2 class=\"wp-block-heading has-base-color has-text-color has-link-color wp-elements-c34c5a995c7d10b228a8d2b36e329c5e\">Aprovecha un sistema probado<\/h2>\n\n\n\n<p class=\"has-base-color has-text-color has-link-color wp-elements-c5b68028422ecb51dab6026ee6b44aef\" style=\"font-size:clamp(14px, 0.875rem + ((1vw - 3.2px) * 0.488), 18px);\">Como franquiciado maestro, tendr\u00e1 el derecho exclusivo de desarrollar una red de centros de servicio MBE franquiciados en su territorio, ofreciendo un \u00fanico punto de venta para una amplia gama de soluciones comerciales, incluidos env\u00edos, impresi\u00f3n, marketing y m\u00e1s. Nuestro apoyo, capacitaci\u00f3n y conocimientos t\u00e9cnicos, junto con su conocimiento local, experiencia y esp\u00edritu emprendedor: una combinaci\u00f3n que est\u00e1 esperando a hacerse realidad. <\/p>\n\n\n\n<div class=\"wp-block-buttons is-layout-flex wp-container-core-buttons-is-layout-8f37fa2e wp-block-buttons-is-layout-flex\">\n<div class=\"wp-block-button\"><a class=\"wp-block-button__link has-contrast-3-color has-base-background-color has-text-color has-background has-link-color has-text-align-right wp-element-button\" href=\"#apply\" style=\"border-radius:50px;padding-right:var(--wp--preset--spacing--30);padding-left:var(--wp--preset--spacing--30)\">P\u00f3ngase en contacto con nosotros<\/a><\/div>\n\n\n\n<div class=\"wp-block-button is-style-outline downlBtn is-style-outline--1\"><a class=\"wp-block-button__link has-base-color has-contrast-2-background-color has-text-color has-background has-link-color has-border-color has-base-border-color wp-element-button\" style=\"border-radius:50px;padding-right:var(--wp--preset--spacing--20);padding-left:var(--wp--preset--spacing--20)\">Descargar paquete de informaci\u00f3n de franquicia<\/a><\/div>\n<\/div>\n<\/div>\n\n\n\n<div class=\"wp-block-column is-vertically-aligned-center is-layout-flow wp-block-column-is-layout-flow\" style=\"flex-basis:45%\">\n<figure class=\"wp-block-image size-full has-custom-border\"><img decoding=\"async\" width=\"356\" height=\"490\" src=\"https:\/\/mbefranchise.com\/wp-content\/uploads\/2024\/07\/mbe-employee-packing.webp\" alt=\"\" class=\"wp-image-11340\" style=\"border-radius:10px\" srcset=\"https:\/\/mbefranchise.com\/wp-content\/uploads\/2024\/07\/mbe-employee-packing.webp 356w, https:\/\/mbefranchise.com\/wp-content\/uploads\/2024\/07\/mbe-employee-packing-218x300.webp 218w\" sizes=\"(max-width: 356px) 100vw, 356px\" \/><\/figure>\n<\/div>\n<\/div>\n<\/div>\n\n\n\n<div class=\"wp-block-group alignwide has-global-padding is-layout-constrained wp-block-group-is-layout-constrained\" style=\"padding-top:var(--wp--preset--spacing--30);padding-bottom:var(--wp--preset--spacing--30)\">\n<p class=\"has-text-align-center linebefore has-contrast-3-color has-text-color has-link-color wp-elements-9a48650f62e76c12bc0a469f8047cd64\" style=\"font-style:normal;font-weight:600;text-transform:uppercase\">MASTER FRANQUICIA<\/p>\n\n\n\n<h2 class=\"wp-block-heading alignwide has-text-align-center\" style=\"margin-bottom:var(--wp--preset--spacing--30)\">Territorios disponibles<\/h2>\n\n\n\n<p class=\"has-text-align-center\" style=\"font-size:clamp(14px, 0.875rem + ((1vw - 3.2px) * 0.732), 20px);\">\u00bfTu pa\u00eds necesita estos servicios? Creemos que s\u00ed. Consulta los territorios disponibles.  <\/p>\n\n\n<div class=\"available\"><input type=\"text\" placeholder=\"Start typing...\"><div class=\"countries\">\n<span class=\"cont\">Europe<\/span>\n<span>Switzerland<\/span>\n<span>Slovakia<\/span>\n<span>Romania<\/span>\n<span>Turkey<\/span>\n<span>Israel<\/span>\n<span>Greece<\/span>\n<span>Norway<\/span>\n<span>Cyprus<\/span>\n<span>Denmark<\/span>\n<span>Finland<\/span>\n<span>Sweden<\/span>\n<span>Iceland<\/span>\n<span>Netherlands<\/span>\n<span>Georgia<\/span>\n<span>Azerbaijan<\/span>\n<span>Armenia<\/span>\n<span>Latvia<\/span>\n<span>Estonia<\/span>\n<span>Hungary<\/span>\n<span class=\"cont\">LATAM<\/span>\n<span>Brasil<\/span>\n<span>Bolivia<\/span>\n<span class=\"cont\">APAC<\/span>\n<span>China<\/span>\n<span>Macao<\/span>\n<span>India<\/span>\n<span>Japan<\/span>\n<span>Vietnam<\/span>\n<span>Thailand<\/span>\n<span>Singapore<\/span>\n<span>South Korea<\/span>\n<span>Taiwan<\/span>\n<span>Cambodia<\/span>\n<span>Indonesia<\/span>\n<span class=\"cont\">AFRICA<\/span>\n<span>Tunisia<\/span>\n<span>Gabon<\/span>\n<span>Egypt<\/span>\n<span>Nigeria<\/span>\n<span>Senegal<\/span>\n<span>C\u00f4te d'Ivoire<\/span>\n<span>Cameroon<\/span>\n<\/div><\/div>\n\n\n\n<div class=\"wp-block-columns alignwide mobilecenter is-layout-flex wp-container-core-columns-is-layout-28f84493 wp-block-columns-is-layout-flex\">\n<div class=\"wp-block-column is-vertically-aligned-center is-layout-flow wp-block-column-is-layout-flow\" style=\"flex-basis:60%\">\n<p class=\"has-text-align-right\" style=\"font-size:clamp(14px, 0.875rem + ((1vw - 3.2px) * 0.732), 20px);\">\u00bfEl pa\u00eds que te interesa no est\u00e1 en la lista? Cont\u00e1ctanos ahora<\/p>\n<\/div>\n\n\n\n<div class=\"wp-block-column is-layout-flow wp-block-column-is-layout-flow\" style=\"flex-basis:40%\">\n<div class=\"wp-block-buttons is-layout-flex wp-container-core-buttons-is-layout-da267d74 wp-block-buttons-is-layout-flex\">\n<div class=\"wp-block-button is-style-fill\"><a class=\"wp-block-button__link has-base-color has-contrast-2-background-color has-text-color has-background has-link-color wp-element-button\" href=\"#apply\" style=\"border-radius:50px;padding-right:var(--wp--preset--spacing--30);padding-left:var(--wp--preset--spacing--30)\">CONT\u00c1CTANOS<\/a><\/div>\n<\/div>\n<\/div>\n<\/div>\n<\/div>\n\n\n\n<div class=\"wp-block-group alignfull polygon polygon2 has-global-padding is-layout-constrained wp-block-group-is-layout-constrained\" style=\"padding-top:var(--wp--preset--spacing--30);padding-bottom:var(--wp--preset--spacing--30)\">\n<p class=\"has-text-align-center linebefore has-contrast-3-color has-text-color has-link-color wp-elements-3001292be961f844ec1e9db37e3d1519\" id=\"testimonials\" style=\"font-style:normal;font-weight:600;text-transform:uppercase\">Testimonios<\/p>\n\n\n\n<h2 class=\"wp-block-heading alignwide has-text-align-center\" style=\"margin-bottom:var(--wp--preset--spacing--30)\">Historias reales de \u00e9xito<\/h2>\n\n\n\n<div class=\"wp-block-columns alignwide videos is-layout-flex wp-container-core-columns-is-layout-28f84493 wp-block-columns-is-layout-flex\">\n<div class=\"wp-block-column sasavideo is-layout-flow wp-block-column-is-layout-flow\">\n<figure class=\"wp-block-image size-full has-custom-border\"><img decoding=\"async\" width=\"366\" height=\"206\" src=\"https:\/\/mbefranchise.com\/wp-content\/uploads\/2024\/07\/sasa-min.jpg\" alt=\"\" class=\"wp-image-11391\" style=\"border-radius:10px\" srcset=\"https:\/\/mbefranchise.com\/wp-content\/uploads\/2024\/07\/sasa-min.jpg 366w, https:\/\/mbefranchise.com\/wp-content\/uploads\/2024\/07\/sasa-min-300x169.jpg 300w\" sizes=\"(max-width: 366px) 100vw, 366px\" \/><\/figure>\n\n\n\n<p style=\"font-size:clamp(15.747px, 0.984rem + ((1vw - 3.2px) * 1.006), 24px);\"><strong>Sa\u0161a Cvetojevi\u0107<br\/><\/strong>Franquiciado Regi\u00f3n Adri\u00e1tica<\/p>\n\n\n\n<p class=\"play\"><a href=\"#\">Mira ahora<\/a><\/p>\n<\/div>\n\n\n\n<div class=\"wp-block-column kennethvideo is-layout-flow wp-block-column-is-layout-flow\">\n<figure class=\"wp-block-image size-full has-custom-border\"><img decoding=\"async\" width=\"366\" height=\"206\" src=\"https:\/\/mbefranchise.com\/wp-content\/uploads\/2024\/08\/france-rev.jpg\" alt=\"\" class=\"wp-image-12046\" style=\"border-radius:10px\" srcset=\"https:\/\/mbefranchise.com\/wp-content\/uploads\/2024\/08\/france-rev.jpg 366w, https:\/\/mbefranchise.com\/wp-content\/uploads\/2024\/08\/france-rev-300x169.jpg 300w\" sizes=\"(max-width: 366px) 100vw, 366px\" \/><\/figure>\n\n\n\n<p style=\"font-size:clamp(15.747px, 0.984rem + ((1vw - 3.2px) * 1.006), 24px);\"><strong>MBE en Acci\u00f3n<\/strong><br\/>Clientes franceses comparten su opini\u00f3n<\/p>\n\n\n\n<p class=\"play\"><a href=\"#\">Mira ahora<\/a><\/p>\n<\/div>\n\n\n\n<div class=\"wp-block-column claytonvideo is-layout-flow wp-block-column-is-layout-flow\">\n<figure class=\"wp-block-image size-full has-custom-border\"><img decoding=\"async\" width=\"366\" height=\"206\" src=\"https:\/\/mbefranchise.com\/wp-content\/uploads\/2024\/09\/paolo-fiorelli.jpg\" alt=\"\" class=\"wp-image-12094\" style=\"border-radius:10px\" srcset=\"https:\/\/mbefranchise.com\/wp-content\/uploads\/2024\/09\/paolo-fiorelli.jpg 366w, https:\/\/mbefranchise.com\/wp-content\/uploads\/2024\/09\/paolo-fiorelli-300x169.jpg 300w\" sizes=\"(max-width: 366px) 100vw, 366px\" \/><\/figure>\n\n\n\n<p style=\"font-size:clamp(15.747px, 0.984rem + ((1vw - 3.2px) * 1.006), 24px);\"><strong>Paolo Fiorelli<\/strong><br\/>Presidente y director ejecutivo de MBE Worldwide<\/p>\n\n\n\n<p class=\"play\"><a href=\"#\">Mira ahora<\/a><\/p>\n<\/div>\n<\/div>\n<\/div>\n\n\n\n<div class=\"wp-block-group alignwide blog has-global-padding is-layout-constrained wp-block-group-is-layout-constrained\" style=\"padding-top:var(--wp--preset--spacing--30);padding-bottom:var(--wp--preset--spacing--30)\">\n<p class=\"has-text-align-center linebefore has-contrast-3-color has-text-color has-link-color wp-elements-0f0f551e780f1a1e17355cfcc7f651e8\" style=\"font-style:normal;font-weight:600;text-transform:uppercase\">Blog<\/p>\n\n\n\n<h2 class=\"wp-block-heading alignwide has-text-align-center\" style=\"margin-bottom:var(--wp--preset--spacing--30)\">Lea lo \u00faltimo de Mail Boxes Etc.<\/h2>\n\n\n<ul class=\"wp-block-latest-posts__list is-grid columns-3 has-dates alignwide wp-block-latest-posts\"><\/ul><\/div>\n\n\n\n<div class=\"wp-block-group alignwide form has-global-padding is-layout-constrained wp-block-group-is-layout-constrained\" style=\"padding-top:var(--wp--preset--spacing--30);padding-bottom:var(--wp--preset--spacing--30)\">\n<p class=\"has-text-align-center linebefore has-contrast-3-color has-text-color has-link-color wp-elements-32074354e7e44205ed5a5ce75c86c190\" id=\"apply\" style=\"font-style:normal;font-weight:600;text-transform:uppercase\">CONT\u00c1CTANOS<\/p>\n\n\n\n\n<div class=\"hs-form-frame\" data-region=\"eu1\" data-form-id=\"9fe84554-9f3e-4de2-bfa3-0c13760f2b8b\" data-portal-id=\"144081496\"><\/div>\n<\/div>\n","protected":false},"excerpt":{"rendered":"<p>Como red de emprendedores, comprendemos las dificultades diarias de las peque\u00f1as empresas Ofrecemos soluciones personalizadas en embalaje, env\u00edo, micro log\u00edstica, impresi\u00f3n y marketing para ayudar a las PYMES a crecer. Descubra por qu\u00e9 invertir en la Master Franquicia de Mail Boxes Etc. representa una oportunidad excepcional. Mira nuestro video Empoderando a las peque\u00f1as y medianas [&hellip;]<\/p>\n","protected":false},"author":1,"featured_media":0,"parent":0,"menu_order":0,"comment_status":"closed","ping_status":"closed","template":"","meta":{"_acf_changed":false,"content-type":"","footnotes":""},"class_list":["post-13469","page","type-page","status-publish","hentry"],"acf":[],"_links":{"self":[{"href":"https:\/\/mbefranchise.com\/es\/wp-json\/wp\/v2\/pages\/13469","targetHints":{"allow":["GET"]}}],"collection":[{"href":"https:\/\/mbefranchise.com\/es\/wp-json\/wp\/v2\/pages"}],"about":[{"href":"https:\/\/mbefranchise.com\/es\/wp-json\/wp\/v2\/types\/page"}],"author":[{"embeddable":true,"href":"https:\/\/mbefranchise.com\/es\/wp-json\/wp\/v2\/users\/1"}],"replies":[{"embeddable":true,"href":"https:\/\/mbefranchise.com\/es\/wp-json\/wp\/v2\/comments?post=13469"}],"version-history":[{"count":2,"href":"https:\/\/mbefranchise.com\/es\/wp-json\/wp\/v2\/pages\/13469\/revisions"}],"predecessor-version":[{"id":16823,"href":"https:\/\/mbefranchise.com\/es\/wp-json\/wp\/v2\/pages\/13469\/revisions\/16823"}],"wp:attachment":[{"href":"https:\/\/mbefranchise.com\/es\/wp-json\/wp\/v2\/media?parent=13469"}],"curies":[{"name":"wp","href":"https:\/\/api.w.org\/{rel}","templated":true}]}}