{"id":12651,"date":"2024-12-05T14:38:41","date_gmt":"2024-12-05T14:38:41","guid":{"rendered":"https:\/\/mbefranchise.com\/a-propos-de-nous\/"},"modified":"2026-04-08T08:43:16","modified_gmt":"2026-04-08T07:43:16","slug":"a-propos-de-nous","status":"publish","type":"page","link":"https:\/\/mbefranchise.com\/fr\/a-propos-de-nous\/","title":{"rendered":"\u00c0 propos de nous"},"content":{"rendered":"\n<div class=\"wp-block-group alignfull hero has-global-padding is-layout-constrained wp-block-group-is-layout-constrained has-background\" style=\"margin-top:0;margin-bottom:0;padding-top:0;padding-bottom:0;background-image:url(&apos;https:\/\/mbefranchise.com\/wp-content\/uploads\/2024\/07\/mbe-2-copy-8-.webp&apos;);background-position:100% 50%;background-repeat:no-repeat;background-size:contain;\">\n<div class=\"wp-block-columns alignfull is-layout-flex wp-container-core-columns-is-layout-f1061711 wp-block-columns-is-layout-flex\" style=\"padding-right:var(--wp--preset--spacing--20);padding-left:var(--wp--preset--spacing--20)\">\n<div class=\"wp-block-column is-layout-flow wp-block-column-is-layout-flow\" style=\"padding-right:0;padding-left:0;flex-basis:100%\">\n<h1 class=\"wp-block-heading alignwide\">A propos de Mail Boxes Etc.<\/h1>\n\n\n\n<p style=\"margin-top:var(--wp--preset--spacing--30);margin-bottom:var(--wp--preset--spacing--30)\">Fond\u00e9e \u00e0 San Diego, en Californie (\u00c9tats-Unis) en 1980, Mail Boxes Etc. (\u00ab MBE \u00bb) est devenue l\u2019un des plus grands r\u00e9seaux internationaux de centres franchis\u00e9s proposant des solutions d\u2019exp\u00e9dition, de logistique, d\u2019impression, de marketing et de communication aux entreprises et aux particuliers.<br><strong>+1.800 Centres MBE dans plus de 50 pays.<\/strong><\/p>\n<\/div>\n\n\n\n<div class=\"wp-block-column is-layout-flow wp-block-column-is-layout-flow\" style=\"flex-basis:100%\"><\/div>\n<\/div>\n<\/div>\n\n\n\n<div class=\"wp-block-group alignfull has-global-padding is-layout-constrained wp-block-group-is-layout-constrained\" style=\"padding-top:var(--wp--preset--spacing--30);padding-bottom:var(--wp--preset--spacing--30)\">\n<p class=\"has-text-align-center linebefore has-contrast-3-color has-text-color has-link-color wp-elements-c2f9d80e59c00cbf95ddd75f387ea410\" style=\"font-style:normal;font-weight:600;text-transform:uppercase\">AU FIL DES ANS<\/p>\n\n\n\n<h2 class=\"wp-block-heading alignwide has-text-align-center\" style=\"margin-bottom:var(--wp--preset--spacing--30)\">Nos \u00e9tapes cl\u00e9s<\/h2>\n\n\n\n<div class=\"wp-block-group alignwide timeline is-vertical is-content-justification-stretch is-layout-flex wp-container-core-group-is-layout-353c4f5a wp-block-group-is-layout-flex\">\n<div class=\"wp-block-columns are-vertically-aligned-center is-layout-flex wp-container-core-columns-is-layout-28f84493 wp-block-columns-is-layout-flex\">\n<div class=\"wp-block-column is-vertically-aligned-center is-layout-flow wp-block-column-is-layout-flow\">\n<h3 class=\"wp-block-heading\">En 2001<\/h3>\n\n\n\n<p>UPS Inc. rach\u00e8te Mail Boxes Etc. En 2003, UPS commence \u00e0 donner une nouvelle image au r\u00e9seau MBE aux \u00c9tats-Unis et au Canada en cr\u00e9ant \u00ab The UPS Store \u00bb.<\/p>\n<\/div>\n\n\n\n<div class=\"wp-block-column is-vertically-aligned-center is-layout-flow wp-block-column-is-layout-flow\"><\/div>\n<\/div>\n\n\n\n<div class=\"wp-block-columns are-vertically-aligned-center is-layout-flex wp-container-core-columns-is-layout-28f84493 wp-block-columns-is-layout-flex\">\n<div class=\"wp-block-column is-vertically-aligned-center is-layout-flow wp-block-column-is-layout-flow\"><\/div>\n\n\n\n<div class=\"wp-block-column is-vertically-aligned-center is-layout-flow wp-block-column-is-layout-flow\">\n<h3 class=\"wp-block-heading\">En 2009<\/h3>\n\n\n\n<p>MBE Worldwide S.p.A. rach\u00e8te le r\u00e9seau mondial de centres MBE (\u00e0 l\u2019exception des centres d\u2019Am\u00e9rique du Nord). Quelques ann\u00e9es plus t\u00f4t, en 1993, une holding italienne familiale bas\u00e9e \u00e0 Milan, en Italie, avait commenc\u00e9 \u00e0 exercer ses activit\u00e9s en tant que Master Franchis\u00e9 MBE pour l\u2019Italie, puis pour l\u2019Espagne et l\u2019Allemagne.  <\/p>\n<\/div>\n<\/div>\n\n\n\n<div class=\"wp-block-columns are-vertically-aligned-center is-layout-flex wp-container-core-columns-is-layout-28f84493 wp-block-columns-is-layout-flex\">\n<div class=\"wp-block-column is-vertically-aligned-center is-layout-flow wp-block-column-is-layout-flow\">\n<h3 class=\"wp-block-heading\">En 2017<\/h3>\n\n\n\n<p>MBE Worldwide devient propri\u00e9taire majoritaire de la marketplace logistique Spedingo.<br>Avec l&rsquo;acquisition d&rsquo;AlphaGraphics et de PostNet en 2017, le r\u00e9seau mondial de MBE s&rsquo;est \u00e9tendu \u00e0 2 600 centres de services dans plus de 50 pays.<br>Bosnie-Herz\u00e9govine, Croatie, Kosovo, Mac\u00e9doine, Mont\u00e9n\u00e9gro, Serbie, Slov\u00e9nie.<\/p>\n<\/div>\n\n\n\n<div class=\"wp-block-column is-vertically-aligned-center is-layout-flow wp-block-column-is-layout-flow\"><\/div>\n<\/div>\n\n\n\n<div class=\"wp-block-columns are-vertically-aligned-center is-layout-flex wp-container-core-columns-is-layout-28f84493 wp-block-columns-is-layout-flex\">\n<div class=\"wp-block-column is-vertically-aligned-center is-layout-flow wp-block-column-is-layout-flow\"><\/div>\n\n\n\n<div class=\"wp-block-column is-vertically-aligned-center is-layout-flow wp-block-column-is-layout-flow\">\n<h3 class=\"wp-block-heading\">Depuis 2018<\/h3>\n\n\n\n<p>Hong Kong, Roumanie, Hongrie.<\/p>\n<\/div>\n<\/div>\n\n\n\n<div class=\"wp-block-columns are-vertically-aligned-center is-layout-flex wp-container-core-columns-is-layout-28f84493 wp-block-columns-is-layout-flex\">\n<div class=\"wp-block-column is-vertically-aligned-center is-layout-flow wp-block-column-is-layout-flow\">\n<h3 class=\"wp-block-heading\">En 2021<\/h3>\n\n\n\n<p>MBE acquiert PrestaShop, PACK &amp; SEND et Multicopy;<br>MBE \u00e9tablit une pr\u00e9sence directe (DOC) au Royaume-Uni et en Irlande. La Belgique, l&rsquo;Arabie Saoudite et les pays de la r\u00e9gion du Golfe ont conclu des accords de Master Franchise.<\/p>\n\n\n\n<figure class=\"wp-block-gallery aligncenter has-nested-images columns-default wp-block-gallery-1 is-layout-flex wp-block-gallery-is-layout-flex\">\n<figure class=\"wp-block-image size-full\"><img decoding=\"async\" width=\"239\" height=\"43\" data-id=\"3411\" src=\"https:\/\/mbefranchise.com\/wp-content\/uploads\/2022\/05\/prestashop-logo-min.png\" alt=\"\" class=\"wp-image-3411\"\/><\/figure>\n\n\n\n<figure class=\"wp-block-image size-full\"><img decoding=\"async\" width=\"201\" height=\"44\" data-id=\"3413\" src=\"https:\/\/mbefranchise.com\/wp-content\/uploads\/2022\/05\/packsend-logo-min.png\" alt=\"pack send logo\" class=\"wp-image-3413\"\/><\/figure>\n\n\n\n<figure class=\"wp-block-image size-large\"><img decoding=\"async\" width=\"137\" height=\"62\" data-id=\"3409\" src=\"https:\/\/mbefranchise.com\/wp-content\/uploads\/2022\/05\/multicopy-logo-min.png\" alt=\"Multicopy logo\" class=\"wp-image-3409\"\/><\/figure>\n<\/figure>\n<\/div>\n\n\n\n<div class=\"wp-block-column is-vertically-aligned-center is-layout-flow wp-block-column-is-layout-flow\"><\/div>\n<\/div>\n\n\n\n<div class=\"wp-block-columns are-vertically-aligned-center is-layout-flex wp-container-core-columns-is-layout-28f84493 wp-block-columns-is-layout-flex\">\n<div class=\"wp-block-column is-vertically-aligned-center is-layout-flow wp-block-column-is-layout-flow\"><\/div>\n\n\n\n<div class=\"wp-block-column is-vertically-aligned-center is-layout-flow wp-block-column-is-layout-flow\">\n<h3 class=\"wp-block-heading\">En 2022<\/h3>\n\n\n\n<p>MBE acquiert GEL Proximity et WORLD OPTIONS.<br>Maroc, Colombie, \u00c9quateur.<\/p>\n\n\n\n<figure class=\"wp-block-gallery alignleft has-nested-images columns-default galleryfix wp-block-gallery-2 is-layout-flex wp-block-gallery-is-layout-flex\">\n<figure class=\"wp-block-image alignleft size-full\"><img decoding=\"async\" width=\"78\" height=\"41\" data-id=\"11464\" src=\"https:\/\/mbefranchise.com\/wp-content\/uploads\/2024\/07\/gel-proximity-for-woocommerce.png\" alt=\"\" class=\"wp-image-11464\"\/><\/figure>\n\n\n\n<figure class=\"wp-block-image alignleft size-full\"><img decoding=\"async\" width=\"181\" height=\"51\" data-id=\"11456\" src=\"https:\/\/mbefranchise.com\/wp-content\/uploads\/2024\/07\/world-optios-uk-secondary-logo-colour-transparent.png\" alt=\"\" class=\"wp-image-11456\"\/><\/figure>\n<\/figure>\n<\/div>\n<\/div>\n\n\n\n<div class=\"wp-block-columns are-vertically-aligned-center is-layout-flex wp-container-core-columns-is-layout-28f84493 wp-block-columns-is-layout-flex\">\n<div class=\"wp-block-column is-vertically-aligned-center is-layout-flow wp-block-column-is-layout-flow\">\n<h3 class=\"wp-block-heading\">En 2023<\/h3>\n\n\n\n<p>MBE rach\u00e8te PACK &amp; SEND UK \u00e0 l&rsquo;ancienne soci\u00e9t\u00e9 Master Franchis\u00e9e.<br>Malte, Paraguay, Uruguay et New Delhi (Inde)<\/p>\n<\/div>\n\n\n\n<div class=\"wp-block-column is-vertically-aligned-center is-layout-flow wp-block-column-is-layout-flow\"><\/div>\n<\/div>\n\n\n\n<div class=\"line\"><span class=\"redline\"><\/span><\/div>\n<\/div>\n<\/div>\n\n\n\n<div class=\"wp-block-group alignfull polygon has-global-padding is-layout-constrained wp-block-group-is-layout-constrained\" style=\"padding-top:var(--wp--preset--spacing--30);padding-bottom:var(--wp--preset--spacing--30)\">\n<p class=\"has-text-align-center linebefore has-contrast-3-color has-text-color has-link-color wp-elements-8ecbd1a315b6c58cfd434e4d54fa8433\" style=\"font-style:normal;font-weight:600;text-transform:uppercase\">CHIFFRES CL\u00c9S<\/p>\n\n\n\n<h2 class=\"wp-block-heading alignwide has-text-align-center\" style=\"margin-bottom:var(--wp--preset--spacing--30)\">Le groupe MBE Worldwide en chiffres<\/h2>\n\n\n\n<div class=\"wp-block-columns alignwide counter is-layout-flex wp-container-core-columns-is-layout-c5150b4a wp-block-columns-is-layout-flex\">\n<div class=\"wp-block-column is-layout-flow wp-container-core-column-is-layout-b108c007 wp-block-column-is-layout-flow\" style=\"padding-right:0;padding-left:0\">\n<p class=\"number has-contrast-3-color has-text-color has-link-color wp-elements-ca702ea177ff0cbba6cc0d369efe0ecc\" style=\"font-size:clamp(43.728px, 2.733rem + ((1vw - 3.2px) * 4.911), 84px);font-style:normal;font-weight:700;line-height:1\">30<\/p>\n\n\n\n<p style=\"margin-right:var(--wp--preset--spacing--20);font-size:clamp(14px, 0.875rem + ((1vw - 3.2px) * 0.732), 20px);\">Plus de 30 ans d&rsquo;exp\u00e9rience dans la franchise<\/p>\n<\/div>\n\n\n\n<div class=\"wp-block-column is-layout-flow wp-container-core-column-is-layout-b108c007 wp-block-column-is-layout-flow\" style=\"padding-right:0;padding-left:0\">\n<p class=\"number has-contrast-3-color has-text-color has-link-color wp-elements-9aa6be881e932b414b73b83673a85deb\" style=\"font-size:clamp(43.728px, 2.733rem + ((1vw - 3.2px) * 4.911), 84px);font-style:normal;font-weight:700;line-height:1\">1700<\/p>\n\n\n\n<p style=\"margin-right:var(--wp--preset--spacing--20);font-size:clamp(14px, 0.875rem + ((1vw - 3.2px) * 0.732), 20px);\">Plus de 1700<br>franchises dans le monde<\/p>\n<\/div>\n\n\n\n<div class=\"wp-block-column is-layout-flow wp-container-core-column-is-layout-b108c007 wp-block-column-is-layout-flow\" style=\"padding-right:0;padding-left:0\">\n<p class=\"number has-contrast-3-color has-text-color has-link-color wp-elements-532a2c6b507ac0b56c61455331b43ae5\" style=\"font-size:clamp(43.728px, 2.733rem + ((1vw - 3.2px) * 4.911), 84px);font-style:normal;font-weight:700;line-height:1\">45<\/p>\n\n\n\n<p style=\"margin-right:var(--wp--preset--spacing--20);font-size:clamp(14px, 0.875rem + ((1vw - 3.2px) * 0.732), 20px);\">Plus de 50 pays dans le monde<\/p>\n<\/div>\n\n\n\n<div class=\"wp-block-column is-layout-flow wp-container-core-column-is-layout-b108c007 wp-block-column-is-layout-flow\" style=\"padding-right:0;padding-left:0\">\n<p class=\"number thousand has-contrast-3-color has-text-color has-link-color wp-elements-a787e6d7929c560953f17558e256b3b8\" style=\"font-size:clamp(41.65px, 2.603rem + ((1vw - 3.2px) * 4.555), 79px);font-style:normal;font-weight:700;line-height:1\">1100<\/p>\n\n\n\n<p style=\"font-size:clamp(14px, 0.875rem + ((1vw - 3.2px) * 0.732), 20px);\">1100K+ clients professionnels<\/p>\n\n\n\n<p class=\"has-text-align-right has-text-color has-link-color wp-elements-95b60c9c6bd01958091ac4b93ae7d174\" style=\"color:#777777;margin-top:var(--wp--preset--spacing--20);font-size:14px\">*MBE Worldwide SPA au 31 d\u00e9cembre 2023<\/p>\n<\/div>\n<\/div>\n<\/div>\n\n\n\n<div class=\"wp-block-group alignfull ctaline has-global-padding is-layout-constrained wp-block-group-is-layout-constrained\" style=\"margin-top:var(--wp--preset--spacing--30);margin-bottom:var(--wp--preset--spacing--30);padding-top:var(--wp--preset--spacing--30);padding-bottom:var(--wp--preset--spacing--30)\">\n<div class=\"wp-block-columns alignwide is-layout-flex wp-container-core-columns-is-layout-28f84493 wp-block-columns-is-layout-flex\">\n<div class=\"wp-block-column is-layout-flow wp-block-column-is-layout-flow\">\n<p class=\"has-medium-font-size\">Pour en savoir plus, consultez notre brochure<\/p>\n\n\n\n<div class=\"wp-block-buttons is-layout-flex wp-block-buttons-is-layout-flex\">\n<div class=\"wp-block-button downlBtn\"><a class=\"wp-block-button__link wp-element-button\">T\u00e9l\u00e9charger<\/a><\/div>\n<\/div>\n<\/div>\n\n\n\n<div class=\"wp-block-column is-layout-flow wp-block-column-is-layout-flow\">\n<p class=\"has-medium-font-size\">Pr\u00eat \u00e0 commencer ?<\/p>\n\n\n\n<div class=\"wp-block-buttons is-layout-flex wp-block-buttons-is-layout-flex\">\n<div class=\"wp-block-button\"><a class=\"wp-block-button__link wp-element-button\" href=\"https:\/\/mbefranchise.com\/#apply\">Postuler maintenant<\/a><\/div>\n<\/div>\n<\/div>\n<\/div>\n<\/div>\n\n\n\n<div class=\"wp-block-group alignfull has-global-padding is-layout-constrained wp-block-group-is-layout-constrained\" style=\"padding-top:var(--wp--preset--spacing--30);padding-bottom:var(--wp--preset--spacing--30)\">\n<p class=\"has-text-align-center linebefore has-contrast-3-color has-text-color has-link-color wp-elements-368870146f492fe57f50e01d4e65037b\" style=\"font-style:normal;font-weight:600;text-transform:uppercase\">RENCONTRONS-NOUS<\/p>\n\n\n\n<h2 class=\"wp-block-heading alignwide has-text-align-center\" style=\"margin-bottom:var(--wp--preset--spacing--30)\">Votre \u00e9quipe de r\u00e9f\u00e9rence<\/h2>\n\n\n\n<div class=\"wp-block-columns alignwide is-not-stacked-on-mobile team is-layout-flex wp-container-core-columns-is-layout-28f84493 wp-block-columns-is-layout-flex\">\n<div class=\"wp-block-column is-layout-flow wp-block-column-is-layout-flow\">\n<figure class=\"wp-block-image size-full\"><img decoding=\"async\" width=\"316\" height=\"429\" src=\"https:\/\/mbefranchise.com\/wp-content\/uploads\/2022\/12\/giuseppe-2.jpg\" alt=\"\" class=\"wp-image-5815\" srcset=\"https:\/\/mbefranchise.com\/wp-content\/uploads\/2022\/12\/giuseppe-2.jpg 316w, https:\/\/mbefranchise.com\/wp-content\/uploads\/2022\/12\/giuseppe-2-221x300.jpg 221w\" sizes=\"(max-width: 316px) 100vw, 316px\" \/><\/figure>\n\n\n\n<p class=\"has-text-align-center\" style=\"font-size:clamp(15.747px, 0.984rem + ((1vw - 3.2px) * 1.006), 24px);\"><strong>Giuseppe Bergonzi<\/strong><\/p>\n\n\n\n<p class=\"has-text-align-center\" style=\"font-size:clamp(14px, 0.875rem + ((1vw - 3.2px) * 0.488), 18px);\">Directeur r\u00e9gional MBE Worldwide<\/p>\n\n\n\n<p class=\"has-text-align-center has-text-color has-link-color wp-elements-34b31d2f4699c70b9e3c91fc0443c43a\" style=\"color:#777777\">Mondial<\/p>\n<\/div>\n\n\n\n<div class=\"wp-block-column is-layout-flow wp-block-column-is-layout-flow\">\n<figure class=\"wp-block-image size-full\"><img decoding=\"async\" width=\"316\" height=\"474\" src=\"https:\/\/mbefranchise.com\/wp-content\/uploads\/2021\/02\/maria.jpg\" alt=\"MBE Employee\" class=\"wp-image-229\" srcset=\"https:\/\/mbefranchise.com\/wp-content\/uploads\/2021\/02\/maria.jpg 316w, https:\/\/mbefranchise.com\/wp-content\/uploads\/2021\/02\/maria-200x300.jpg 200w\" sizes=\"(max-width: 316px) 100vw, 316px\" \/><\/figure>\n\n\n\n<p class=\"has-text-align-center\" style=\"font-size:clamp(15.747px, 0.984rem + ((1vw - 3.2px) * 1.006), 24px);\"><strong>Maria Ilicheva<\/strong><\/p>\n\n\n\n<p class=\"has-text-align-center\" style=\"font-size:clamp(14px, 0.875rem + ((1vw - 3.2px) * 0.488), 18px);\">Superviseur Worldwide Development<\/p>\n\n\n\n<p class=\"has-text-align-center has-text-color has-link-color wp-elements-3589fce74fb6f8418e64b5a0345feea3\" style=\"color:#777777\">Europe et Isra\u00ebl, CEI<\/p>\n\n\n\n<p class=\"has-text-align-center\"><a href=\"https:\/\/meetings-eu1.hubspot.com\/mariia-ilicheva\/mail-boxes-etc?uuid=2e3bde48-1ac7-4d2f-9f61-8aacecba078e\" target=\"_blank\" rel=\"noreferrer noopener nofollow\">Planifier un appel<\/a><\/p>\n<\/div>\n\n\n\n<div class=\"wp-block-column is-layout-flow wp-block-column-is-layout-flow\">\n<figure class=\"wp-block-image size-full\"><img decoding=\"async\" width=\"314\" height=\"469\" src=\"https:\/\/mbefranchise.com\/wp-content\/uploads\/2021\/02\/iliess-1.jpg\" alt=\"Mbe Employee\" class=\"wp-image-236\" srcset=\"https:\/\/mbefranchise.com\/wp-content\/uploads\/2021\/02\/iliess-1.jpg 314w, https:\/\/mbefranchise.com\/wp-content\/uploads\/2021\/02\/iliess-1-201x300.jpg 201w\" sizes=\"(max-width: 314px) 100vw, 314px\" \/><\/figure>\n\n\n\n<p class=\"has-text-align-center\" style=\"font-size:clamp(15.747px, 0.984rem + ((1vw - 3.2px) * 1.006), 24px);\"><strong>Iliess Ayad<\/strong><\/p>\n\n\n\n<p class=\"has-text-align-center\" style=\"font-size:clamp(14px, 0.875rem + ((1vw - 3.2px) * 0.488), 18px);\">Superviseur Worldwide Development<\/p>\n\n\n\n<p class=\"has-text-align-center has-text-color has-link-color wp-elements-1705dcc15313d31e34d626124d7414d5\" style=\"color:#777777\">Afrique, Inde et Turquie<\/p>\n\n\n\n<p class=\"has-text-align-center\"><a href=\"https:\/\/meetings-eu1.hubspot.com\/mbe\/15-minutes-meeting-with-iliess-?uuid=f8036ac0-8644-4b8c-8f08-307702497751\" target=\"_blank\" rel=\"noreferrer noopener nofollow\">Planifier un appel<\/a><\/p>\n<\/div>\n\n\n\n<div class=\"wp-block-column is-layout-flow wp-block-column-is-layout-flow\">\n<figure class=\"wp-block-image size-full\"><img decoding=\"async\" width=\"316\" height=\"474\" src=\"https:\/\/mbefranchise.com\/wp-content\/uploads\/2021\/10\/cesar.jpg\" alt=\"MBE representative\" class=\"wp-image-1969\" srcset=\"https:\/\/mbefranchise.com\/wp-content\/uploads\/2021\/10\/cesar.jpg 316w, https:\/\/mbefranchise.com\/wp-content\/uploads\/2021\/10\/cesar-200x300.jpg 200w\" sizes=\"(max-width: 316px) 100vw, 316px\" \/><\/figure>\n\n\n\n<p class=\"has-text-align-center\" style=\"font-size:clamp(15.747px, 0.984rem + ((1vw - 3.2px) * 1.006), 24px);\"><strong>Cesar Bergamo<\/strong><\/p>\n\n\n\n<p class=\"has-text-align-center\" style=\"font-size:clamp(14px, 0.875rem + ((1vw - 3.2px) * 0.488), 18px);\">Business Developer<\/p>\n\n\n\n<p class=\"has-text-align-center has-text-color has-link-color wp-elements-46c35aa33875db1a17d549bd408007e2\" style=\"color:#777777\">Am\u00e9rique du Sud<\/p>\n<\/div>\n\n\n\n<div class=\"wp-block-column is-layout-flow wp-block-column-is-layout-flow\">\n<figure class=\"wp-block-image size-full\"><img decoding=\"async\" width=\"416\" height=\"474\" src=\"https:\/\/mbefranchise.com\/wp-content\/uploads\/2022\/12\/MBE-Potrait-Ruonan.jpg\" alt=\"\" class=\"wp-image-5791\" srcset=\"https:\/\/mbefranchise.com\/wp-content\/uploads\/2022\/12\/MBE-Potrait-Ruonan.jpg 416w, https:\/\/mbefranchise.com\/wp-content\/uploads\/2022\/12\/MBE-Potrait-Ruonan-263x300.jpg 263w\" sizes=\"(max-width: 416px) 100vw, 416px\" \/><\/figure>\n\n\n\n<p class=\"has-text-align-center\" style=\"font-size:clamp(15.747px, 0.984rem + ((1vw - 3.2px) * 1.006), 24px);\"><strong>Ruonan Chen<\/strong><\/p>\n\n\n\n<p class=\"has-text-align-center\" style=\"font-size:clamp(14px, 0.875rem + ((1vw - 3.2px) * 0.488), 18px);\">Business Developer<\/p>\n\n\n\n<p class=\"has-text-align-center has-text-color has-link-color wp-elements-631f82d213546b5c5ccfe41159cec450\" style=\"color:#777777\">Asie<\/p>\n\n\n\n<p class=\"has-text-align-center\"><a href=\"https:\/\/meetings-eu1.hubspot.com\/ruonan\" target=\"_blank\" rel=\"noreferrer noopener nofollow\">Planifier un appel<\/a><\/p>\n<\/div>\n\n\n\n<div class=\"wp-block-column is-layout-flow wp-block-column-is-layout-flow\">\n<figure class=\"wp-block-image size-full\"><img decoding=\"async\" width=\"330\" height=\"350\" src=\"https:\/\/mbefranchise.com\/wp-content\/uploads\/2024\/08\/pawan-kim.jpeg\" alt=\"\" class=\"wp-image-12033\" srcset=\"https:\/\/mbefranchise.com\/wp-content\/uploads\/2024\/08\/pawan-kim.jpeg 330w, https:\/\/mbefranchise.com\/wp-content\/uploads\/2024\/08\/pawan-kim-283x300.jpeg 283w\" sizes=\"(max-width: 330px) 100vw, 330px\" \/><\/figure>\n\n\n\n<p class=\"has-text-align-center\" style=\"font-size:clamp(15.747px, 0.984rem + ((1vw - 3.2px) * 1.006), 24px);\"><strong><strong><strong>Pawan Kim<\/strong><\/strong><\/strong><\/p>\n\n\n\n<p class=\"has-text-align-center\" style=\"font-size:clamp(14px, 0.875rem + ((1vw - 3.2px) * 0.488), 18px);\">Business Developer<\/p>\n\n\n\n<p class=\"has-text-align-center has-text-color has-link-color wp-elements-8d572b4bd281039194f288805886c628\" style=\"color:#777777\">Cor\u00e9e du Sud, Vietnam et Inde (Gujarat)<\/p>\n\n\n\n<p class=\"has-text-align-center\"><a href=\"https:\/\/meetings-eu1.hubspot.com\/pawan-kim\/mlcall\" target=\"_blank\" rel=\"noreferrer noopener nofollow\">Planifier un appel<\/a><\/p>\n<\/div>\n<\/div>\n<\/div>\n\n\n\n<div class=\"wp-block-group alignfull polygon polygon2 has-global-padding is-layout-constrained wp-block-group-is-layout-constrained\" style=\"padding-top:var(--wp--preset--spacing--30);padding-bottom:var(--wp--preset--spacing--30)\">\n<p class=\"has-text-align-center linebefore has-contrast-3-color has-text-color has-link-color wp-elements-334b4f8de6ea568c409a4c0f3c991215\" id=\"testimonials\" style=\"font-style:normal;font-weight:600;text-transform:uppercase\">T\u00e9moignages<\/p>\n\n\n\n<h2 class=\"wp-block-heading alignwide has-text-align-center\" style=\"margin-bottom:var(--wp--preset--spacing--30)\">Histoires de r\u00e9ussite<\/h2>\n\n\n\n<div class=\"wp-block-columns alignwide videos is-layout-flex wp-container-core-columns-is-layout-28f84493 wp-block-columns-is-layout-flex\">\n<div class=\"wp-block-column sasavideo is-layout-flow wp-block-column-is-layout-flow\">\n<figure class=\"wp-block-image size-full has-custom-border\"><img decoding=\"async\" width=\"366\" height=\"206\" src=\"https:\/\/mbefranchise.com\/wp-content\/uploads\/2024\/07\/sasa-min.jpg\" alt=\"\" class=\"wp-image-11391\" style=\"border-radius:10px\" srcset=\"https:\/\/mbefranchise.com\/wp-content\/uploads\/2024\/07\/sasa-min.jpg 366w, https:\/\/mbefranchise.com\/wp-content\/uploads\/2024\/07\/sasa-min-300x169.jpg 300w\" sizes=\"(max-width: 366px) 100vw, 366px\" \/><\/figure>\n\n\n\n<p style=\"font-size:clamp(15.747px, 0.984rem + ((1vw - 3.2px) * 1.006), 24px);\"><strong>Sa\u0161a Cvetojevi\u0107<br><\/strong>Master Franchis\u00e9 R\u00e9gion Adriatique<\/p>\n\n\n\n<p class=\"play\"><a href=\"#\">Regarder maintenant<\/a><\/p>\n<\/div>\n\n\n\n<div class=\"wp-block-column kennethvideo is-layout-flow wp-block-column-is-layout-flow\">\n<figure class=\"wp-block-image size-full has-custom-border\"><img decoding=\"async\" width=\"366\" height=\"206\" src=\"https:\/\/mbefranchise.com\/wp-content\/uploads\/2024\/08\/france-rev.jpg\" alt=\"\" class=\"wp-image-12046\" style=\"border-radius:10px\" srcset=\"https:\/\/mbefranchise.com\/wp-content\/uploads\/2024\/08\/france-rev.jpg 366w, https:\/\/mbefranchise.com\/wp-content\/uploads\/2024\/08\/france-rev-300x169.jpg 300w\" sizes=\"(max-width: 366px) 100vw, 366px\" \/><\/figure>\n\n\n\n<p style=\"font-size:clamp(15.747px, 0.984rem + ((1vw - 3.2px) * 1.006), 24px);\"><strong>MBE en action<\/strong><br>Des clients fran\u00e7ais partagent leur opinion<\/p>\n\n\n\n<p class=\"play\"><a href=\"#\">Regarder maintenant<\/a><\/p>\n<\/div>\n\n\n\n<div class=\"wp-block-column claytonvideo is-layout-flow wp-block-column-is-layout-flow\">\n<figure class=\"wp-block-image size-full has-custom-border\"><img decoding=\"async\" width=\"366\" height=\"206\" src=\"https:\/\/mbefranchise.com\/wp-content\/uploads\/2024\/09\/paolo-fiorelli.jpg\" alt=\"\" class=\"wp-image-12094\" style=\"border-radius:10px\" srcset=\"https:\/\/mbefranchise.com\/wp-content\/uploads\/2024\/09\/paolo-fiorelli.jpg 366w, https:\/\/mbefranchise.com\/wp-content\/uploads\/2024\/09\/paolo-fiorelli-300x169.jpg 300w\" sizes=\"(max-width: 366px) 100vw, 366px\" \/><\/figure>\n\n\n\n<p style=\"font-size:clamp(15.747px, 0.984rem + ((1vw - 3.2px) * 1.006), 24px);\"><strong>Paolo Fiorelli<\/strong><br>Pr\u00e9sident-directeur g\u00e9n\u00e9ral de MBE Worldwide<\/p>\n\n\n\n<p class=\"play\"><a href=\"#\">Regarder maintenant<\/a><\/p>\n<\/div>\n<\/div>\n<\/div>\n","protected":false},"excerpt":{"rendered":"<p>A propos de Mail Boxes Etc. Fond\u00e9e \u00e0 San Diego, en Californie (\u00c9tats-Unis) en 1980, Mail Boxes Etc. (\u00ab MBE \u00bb) est devenue l\u2019un des plus grands r\u00e9seaux internationaux de centres franchis\u00e9s proposant des solutions d\u2019exp\u00e9dition, de logistique, d\u2019impression, de marketing et de communication aux entreprises et aux particuliers.+1.800 Centres MBE dans plus de 50 [&hellip;]<\/p>\n","protected":false},"author":1,"featured_media":0,"parent":0,"menu_order":0,"comment_status":"closed","ping_status":"closed","template":"","meta":{"_acf_changed":false,"content-type":"","footnotes":""},"class_list":["post-12651","page","type-page","status-publish","hentry"],"acf":[],"_links":{"self":[{"href":"https:\/\/mbefranchise.com\/fr\/wp-json\/wp\/v2\/pages\/12651","targetHints":{"allow":["GET"]}}],"collection":[{"href":"https:\/\/mbefranchise.com\/fr\/wp-json\/wp\/v2\/pages"}],"about":[{"href":"https:\/\/mbefranchise.com\/fr\/wp-json\/wp\/v2\/types\/page"}],"author":[{"embeddable":true,"href":"https:\/\/mbefranchise.com\/fr\/wp-json\/wp\/v2\/users\/1"}],"replies":[{"embeddable":true,"href":"https:\/\/mbefranchise.com\/fr\/wp-json\/wp\/v2\/comments?post=12651"}],"version-history":[{"count":7,"href":"https:\/\/mbefranchise.com\/fr\/wp-json\/wp\/v2\/pages\/12651\/revisions"}],"predecessor-version":[{"id":18499,"href":"https:\/\/mbefranchise.com\/fr\/wp-json\/wp\/v2\/pages\/12651\/revisions\/18499"}],"wp:attachment":[{"href":"https:\/\/mbefranchise.com\/fr\/wp-json\/wp\/v2\/media?parent=12651"}],"curies":[{"name":"wp","href":"https:\/\/api.w.org\/{rel}","templated":true}]}}