{"id":12861,"date":"2024-12-19T13:20:21","date_gmt":"2024-12-19T13:20:21","guid":{"rendered":"https:\/\/mbefranchise.com\/temoignages\/"},"modified":"2025-12-17T14:15:23","modified_gmt":"2025-12-17T14:15:23","slug":"temoignages","status":"publish","type":"page","link":"https:\/\/mbefranchise.com\/fr\/temoignages\/","title":{"rendered":"T\u00e9moignages"},"content":{"rendered":"\n<div class=\"wp-block-group alignfull hero has-global-padding is-layout-constrained wp-block-group-is-layout-constrained has-background\" style=\"margin-top:0;margin-bottom:0;background-image:url(&apos;https:\/\/mbefranchise.com\/wp-content\/uploads\/2024\/07\/franchising.webp&apos;);background-position:100% 50%;background-repeat:no-repeat;background-size:contain;\">\n<div class=\"wp-block-columns alignwide is-layout-flex wp-container-core-columns-is-layout-f1061711 wp-block-columns-is-layout-flex\" style=\"padding-right:var(--wp--preset--spacing--20);padding-left:var(--wp--preset--spacing--20)\">\n<div class=\"wp-block-column is-layout-flow wp-block-column-is-layout-flow\" style=\"padding-right:0;padding-left:0;flex-basis:100%\">\n<h1 class=\"wp-block-heading alignwide\">Nos histoires<\/h1>\n\n\n\n<p style=\"margin-top:var(--wp--preset--spacing--30);margin-bottom:var(--wp--preset--spacing--30)\">MBE est aliment\u00e9 par la passion de ses collaborateurs, le r\u00e9seau MBE. Ils sont la pierre angulaire de notre marque. Mais ne nous croyez pas sur parole&#8230; Rencontrez les !  <\/p>\n<\/div>\n\n\n\n<div class=\"wp-block-column is-layout-flow wp-block-column-is-layout-flow\" style=\"flex-basis:100%\"><\/div>\n<\/div>\n<\/div>\n\n\n\n<div class=\"wp-block-group alignfull polygon polygon2 has-global-padding is-layout-constrained wp-block-group-is-layout-constrained\" style=\"padding-top:var(--wp--preset--spacing--30);padding-bottom:var(--wp--preset--spacing--30)\">\n<p class=\"has-text-align-center linebefore has-contrast-3-color has-text-color has-link-color wp-elements-334b4f8de6ea568c409a4c0f3c991215\" id=\"testimonials\" style=\"font-style:normal;font-weight:600;text-transform:uppercase\">T\u00e9moignages<\/p>\n\n\n\n<h2 class=\"wp-block-heading alignwide has-text-align-center\" style=\"margin-bottom:var(--wp--preset--spacing--30)\">Histoires de r\u00e9ussite<\/h2>\n\n\n\n<div class=\"wp-block-columns alignwide are-vertically-aligned-center stories is-layout-flex wp-container-core-columns-is-layout-63c0096e wp-block-columns-is-layout-flex\" style=\"margin-top:0;margin-bottom:0;padding-top:0;padding-right:0;padding-bottom:0;padding-left:0\">\n<div class=\"wp-block-column is-vertically-aligned-center is-layout-flow wp-block-column-is-layout-flow\">\n<p class=\"cite has-large-font-size\" style=\"line-height:1.2\"><strong>Soyez soucieux de toujours \u00eatre au service de vos clients. Si vous vous efforcez de faire ce qu&rsquo;il faut pour les clients, l&rsquo;avenir est prometteur. <\/strong><\/p>\n\n\n\n<p class=\"has-medium-font-size\">Originaire du Venezuela, Kenneth a \u00e9tudi\u00e9 aux \u00c9tats-Unis o\u00f9 il a d\u00e9couvert le concept MBE. Apr\u00e8s deux ans dans une soci\u00e9t\u00e9 de conseil internationale, Kenneth a d\u00e9cid\u00e9 de d\u00e9velopper MBE au Venezuela et au Mexique. Regardez la vid\u00e9o pour d\u00e9couvrir son parcours et ses perspectives futures.  <\/p>\n<\/div>\n\n\n\n<div class=\"wp-block-column is-vertically-aligned-center is-layout-flow wp-block-column-is-layout-flow\">\n<figure class=\"wp-block-embed is-type-video is-provider-youtube wp-block-embed-youtube wp-embed-aspect-16-9 wp-has-aspect-ratio\"><div class=\"wp-block-embed__wrapper\">\n<iframe title=\"MBE Master Franchisee Mexico and Venezuela: Kenneth Landau\" width=\"500\" height=\"281\" src=\"https:\/\/www.youtube.com\/embed\/uZRIVJTzthI?feature=oembed\" frameborder=\"0\" allow=\"accelerometer; autoplay; clipboard-write; encrypted-media; gyroscope; picture-in-picture; web-share\" referrerpolicy=\"strict-origin-when-cross-origin\" allowfullscreen><\/iframe>\n<\/div><\/figure>\n<\/div>\n<\/div>\n\n\n\n<div class=\"wp-block-columns alignwide stories is-layout-flex wp-container-core-columns-is-layout-1e834ece wp-block-columns-is-layout-flex\" style=\"margin-top:0;margin-bottom:0;padding-top:var(--wp--preset--spacing--50);padding-bottom:0\">\n<div class=\"wp-block-column is-vertically-aligned-center is-layout-flow wp-block-column-is-layout-flow\">\n<p class=\"cite has-large-font-size\" style=\"line-height:1.2\"><strong>Une base solide pour d\u00e9velopper une activit\u00e9 durable \u00e0 long terme.<\/strong><\/p>\n\n\n\n<p class=\"has-medium-font-size\">Je suis entrepreneur dans le secteur de la logistique et de la distribution depuis plus de 20 ans, mais je suis toujours \u00e0 la recherche de nouvelles opportunit\u00e9s et de nouveaux concepts. MBE est une grande marque et j&rsquo;ai vu dans la Master Franchise MBE une possibilit\u00e9 de d\u00e9marrer rapidement une activit\u00e9 en franchise. <\/p>\n<\/div>\n\n\n\n<div class=\"wp-block-column is-layout-flow wp-block-column-is-layout-flow\">\n<figure class=\"wp-block-embed is-type-video is-provider-youtube wp-block-embed-youtube wp-embed-aspect-16-9 wp-has-aspect-ratio\"><div class=\"wp-block-embed__wrapper\">\n<iframe title=\"MBE Master Licensee: Sa\u0161a Cvetojevi\u0107, Adriatic Region\" width=\"500\" height=\"281\" src=\"https:\/\/www.youtube.com\/embed\/Rae4ZSxWFrI?feature=oembed\" frameborder=\"0\" allow=\"accelerometer; autoplay; clipboard-write; encrypted-media; gyroscope; picture-in-picture; web-share\" referrerpolicy=\"strict-origin-when-cross-origin\" allowfullscreen><\/iframe>\n<\/div><\/figure>\n<\/div>\n<\/div>\n<\/div>\n\n\n\n<div class=\"wp-block-columns alignwide is-layout-flex wp-container-core-columns-is-layout-28f84493 wp-block-columns-is-layout-flex\">\n<div class=\"wp-block-column is-vertically-aligned-center is-layout-flow wp-block-column-is-layout-flow\" style=\"flex-basis:60%\">\n<p class=\"has-text-align-right\" style=\"font-size:clamp(14px, 0.875rem + ((1vw - 3.2px) * 0.732), 20px);\">D\u00e9couvrez d&rsquo;autres histoires inspirantes sur notre cha\u00eene YouTube<\/p>\n<\/div>\n\n\n\n<div class=\"wp-block-column is-layout-flow wp-block-column-is-layout-flow\" style=\"flex-basis:40%\">\n<div class=\"wp-block-buttons is-layout-flex wp-container-core-buttons-is-layout-da267d74 wp-block-buttons-is-layout-flex\">\n<div class=\"wp-block-button is-style-fill\"><a class=\"wp-block-button__link has-base-color has-contrast-2-background-color has-text-color has-background has-link-color wp-element-button\" href=\"https:\/\/www.youtube.com\/channel\/UC0Cqrv39pq1xRxhZSCrTbNw\" style=\"border-radius:50px;padding-right:var(--wp--preset--spacing--30);padding-left:var(--wp--preset--spacing--30)\" target=\"_blank\" rel=\"noreferrer noopener nofollow\">D\u00e9couvrir maintenant<\/a><\/div>\n<\/div>\n<\/div>\n<\/div>\n\n\n\n<div class=\"wp-block-group alignfull polygon polygon2 has-global-padding is-layout-constrained wp-block-group-is-layout-constrained\" style=\"padding-top:var(--wp--preset--spacing--30);padding-bottom:var(--wp--preset--spacing--30)\">\n<p class=\"has-text-align-center linebefore has-contrast-3-color has-text-color has-link-color wp-elements-85ee4e4721bd80b0555efe948844222c\" id=\"testimonials\" style=\"font-style:normal;font-weight:600;text-transform:uppercase\">Mail Boxes Etc. Highlights <\/p>\n\n\n\n<h2 class=\"wp-block-heading alignwide has-text-align-center\" style=\"margin-bottom:var(--wp--preset--spacing--30)\">Entretiens de gestion exclusifs<\/h2>\n\n\n\n<div class=\"wp-block-columns alignwide videos is-layout-flex wp-container-core-columns-is-layout-28f84493 wp-block-columns-is-layout-flex\">\n<div class=\"wp-block-column claytonvideo is-layout-flow wp-block-column-is-layout-flow\">\n<figure class=\"wp-block-image size-full has-custom-border\"><img decoding=\"async\" width=\"366\" height=\"206\" src=\"https:\/\/mbefranchise.com\/wp-content\/uploads\/2024\/09\/paolo-fiorelli.jpg\" alt=\"\" class=\"wp-image-12094\" style=\"border-radius:10px\" srcset=\"https:\/\/mbefranchise.com\/wp-content\/uploads\/2024\/09\/paolo-fiorelli.jpg 366w, https:\/\/mbefranchise.com\/wp-content\/uploads\/2024\/09\/paolo-fiorelli-300x169.jpg 300w\" sizes=\"(max-width: 366px) 100vw, 366px\" \/><\/figure>\n\n\n\n<p style=\"font-size:clamp(15.747px, 0.984rem + ((1vw - 3.2px) * 1.006), 24px);\"><strong>Paolo Fiorelli<\/strong><br>Pr\u00e9sident-directeur g\u00e9n\u00e9ral de MBE Worldwide<\/p>\n\n\n\n<p class=\"play\"><a href=\"#\">Regarder maintenant<\/a><\/p>\n<\/div>\n\n\n\n<div class=\"wp-block-column samuelevideo is-layout-flow wp-block-column-is-layout-flow\">\n<figure class=\"wp-block-image size-full has-custom-border\"><img decoding=\"async\" width=\"366\" height=\"206\" src=\"https:\/\/mbefranchise.com\/wp-content\/uploads\/2024\/09\/samuele-spaccia.jpg\" alt=\"\" class=\"wp-image-12113\" style=\"border-radius:10px\" srcset=\"https:\/\/mbefranchise.com\/wp-content\/uploads\/2024\/09\/samuele-spaccia.jpg 366w, https:\/\/mbefranchise.com\/wp-content\/uploads\/2024\/09\/samuele-spaccia-300x169.jpg 300w\" sizes=\"(max-width: 366px) 100vw, 366px\" \/><\/figure>\n\n\n\n<p style=\"font-size:clamp(15.747px, 0.984rem + ((1vw - 3.2px) * 1.006), 24px);\"><strong>Samuele Spaccia<\/strong><br>Directeur financier du groupe MBE Worldwide<\/p>\n\n\n\n<p class=\"play\"><a href=\"#\">Regarder maintenant<\/a><\/p>\n<\/div>\n\n\n\n<div class=\"wp-block-column rudivideo is-layout-flow wp-block-column-is-layout-flow\">\n<figure class=\"wp-block-image size-full has-custom-border\"><img decoding=\"async\" width=\"366\" height=\"206\" src=\"https:\/\/mbefranchise.com\/wp-content\/uploads\/2024\/09\/giuseppe-rudi.jpg\" alt=\"\" class=\"wp-image-12121\" style=\"border-radius:10px\" srcset=\"https:\/\/mbefranchise.com\/wp-content\/uploads\/2024\/09\/giuseppe-rudi.jpg 366w, https:\/\/mbefranchise.com\/wp-content\/uploads\/2024\/09\/giuseppe-rudi-300x169.jpg 300w\" sizes=\"(max-width: 366px) 100vw, 366px\" \/><\/figure>\n\n\n\n<p style=\"font-size:clamp(15.747px, 0.984rem + ((1vw - 3.2px) * 1.006), 24px);\"><strong>Giuseppe Rudi<br><\/strong>Directeur de l&rsquo;exploitation du groupe MBE Worldwide<\/p>\n\n\n\n<p class=\"play\"><a href=\"#\">Regarder maintenant<\/a><\/p>\n<\/div>\n<\/div>\n<\/div>\n\n\n\n<div class=\"wp-block-group alignwide form has-global-padding is-layout-constrained wp-block-group-is-layout-constrained\" style=\"padding-top:var(--wp--preset--spacing--30);padding-bottom:var(--wp--preset--spacing--30)\">\n<p class=\"has-text-align-center linebefore has-contrast-3-color has-text-color has-link-color wp-elements-6d70e0cd74d58889c5e781b65dab2a94\" id=\"apply\" style=\"font-style:normal;font-weight:600;text-transform:uppercase\">CONTACT<\/p>\n\n\n\n<div class=\"hs-form-frame\" data-region=\"eu1\" data-form-id=\"9fe84554-9f3e-4de2-bfa3-0c13760f2b8b\" data-portal-id=\"144081496\"><\/div>\n<\/div>\n","protected":false},"excerpt":{"rendered":"<p>Nos histoires MBE est aliment\u00e9 par la passion de ses collaborateurs, le r\u00e9seau MBE. Ils sont la pierre angulaire de notre marque. Mais ne nous croyez pas sur parole&#8230; Rencontrez les ! T\u00e9moignages Histoires de r\u00e9ussite Soyez soucieux de toujours \u00eatre au service de vos clients. Si vous vous efforcez de faire ce qu&rsquo;il faut [&hellip;]<\/p>\n","protected":false},"author":1,"featured_media":0,"parent":0,"menu_order":0,"comment_status":"closed","ping_status":"closed","template":"","meta":{"_acf_changed":false,"content-type":"","footnotes":""},"class_list":["post-12861","page","type-page","status-publish","hentry"],"acf":[],"_links":{"self":[{"href":"https:\/\/mbefranchise.com\/fr\/wp-json\/wp\/v2\/pages\/12861","targetHints":{"allow":["GET"]}}],"collection":[{"href":"https:\/\/mbefranchise.com\/fr\/wp-json\/wp\/v2\/pages"}],"about":[{"href":"https:\/\/mbefranchise.com\/fr\/wp-json\/wp\/v2\/types\/page"}],"author":[{"embeddable":true,"href":"https:\/\/mbefranchise.com\/fr\/wp-json\/wp\/v2\/users\/1"}],"replies":[{"embeddable":true,"href":"https:\/\/mbefranchise.com\/fr\/wp-json\/wp\/v2\/comments?post=12861"}],"version-history":[{"count":2,"href":"https:\/\/mbefranchise.com\/fr\/wp-json\/wp\/v2\/pages\/12861\/revisions"}],"predecessor-version":[{"id":16879,"href":"https:\/\/mbefranchise.com\/fr\/wp-json\/wp\/v2\/pages\/12861\/revisions\/16879"}],"wp:attachment":[{"href":"https:\/\/mbefranchise.com\/fr\/wp-json\/wp\/v2\/media?parent=12861"}],"curies":[{"name":"wp","href":"https:\/\/api.w.org\/{rel}","templated":true}]}}