{"id":13467,"date":"2025-01-31T15:46:37","date_gmt":"2025-01-31T15:46:37","guid":{"rendered":"https:\/\/mbefranchise.com\/accueil\/"},"modified":"2025-12-09T11:06:16","modified_gmt":"2025-12-09T11:06:16","slug":"accueil","status":"publish","type":"page","link":"https:\/\/mbefranchise.com\/fr\/","title":{"rendered":"Accueil"},"content":{"rendered":"\n<div class=\"wp-block-group alignfull hero has-global-padding is-layout-constrained wp-block-group-is-layout-constrained has-background\" style=\"margin-top:0;margin-bottom:0;background-image:url(&apos;https:\/\/mbefranchise.com\/wp-content\/uploads\/2024\/07\/mbe-2-copy-8-.webp&apos;);background-position:100% 50%;background-repeat:no-repeat;background-size:contain;\">\n<div class=\"wp-block-columns alignfull is-layout-flex wp-container-core-columns-is-layout-f1061711 wp-block-columns-is-layout-flex\" style=\"padding-right:var(--wp--preset--spacing--20);padding-left:var(--wp--preset--spacing--20)\">\n<div class=\"wp-block-column is-layout-flow wp-block-column-is-layout-flow\" style=\"padding-right:0;padding-left:0;flex-basis:100%\">\n<h1 class=\"wp-block-heading alignwide has-large-font-size\">En tant que r\u00e9seau d&rsquo;entrepreneurs, nous comprenons les d\u00e9fis quotidiens des petites entreprises.<\/h1>\n\n\n\n<p style=\"margin-top:var(--wp--preset--spacing--30);margin-bottom:var(--wp--preset--spacing--30)\">Nous fournissons des solutions personnalis\u00e9es d&#8217;emballage, d&rsquo;exp\u00e9dition, de micrologistique, d&rsquo;impression et de marketing pour faciliter la croissance des PME. D\u00e9couvrez pourquoi investir dans la master franchise MBE est une r\u00e9elle opportunit\u00e9.  <\/p>\n\n\n\n<p class=\"herovideo play\" style=\"font-size:clamp(14px, 0.875rem + ((1vw - 3.2px) * 0.488), 18px);\"><a href=\"#video\">Voir la vid\u00e9o<\/a><\/p>\n<\/div>\n\n\n\n<div class=\"wp-block-column is-layout-flow wp-block-column-is-layout-flow\" style=\"flex-basis:100%\"><\/div>\n<\/div>\n<\/div>\n\n\n\n<div class=\"wp-block-group alignwide has-global-padding is-layout-constrained wp-block-group-is-layout-constrained\" style=\"padding-top:var(--wp--preset--spacing--30);padding-bottom:var(--wp--preset--spacing--30)\">\n<h2 class=\"wp-block-heading alignwide has-text-align-center\" style=\"margin-bottom:var(--wp--preset--spacing--30)\">Soutenir les Petites et Moyennes Entreprises<\/h2>\n\n\n\n<div class=\"wp-block-columns are-vertically-aligned-center is-not-stacked-on-mobile mobilestack is-layout-flex wp-container-core-columns-is-layout-658170e2 wp-block-columns-is-layout-flex\">\n<div class=\"wp-block-column is-vertically-aligned-center is-layout-flow wp-container-core-column-is-layout-38dc53a8 wp-block-column-is-layout-flow\" style=\"border-top-style:none;border-top-width:0px;border-right-color:var(--wp--preset--color--contrast-2);border-right-style:solid;border-right-width:2px;border-bottom-style:none;border-bottom-width:0px;border-left-style:none;border-left-width:0px;padding-right:var(--wp--preset--spacing--10);flex-basis:21%\">\n<figure class=\"wp-block-image size-full is-resized\"><img decoding=\"async\" width=\"190\" height=\"190\" src=\"https:\/\/mbefranchise.com\/wp-content\/uploads\/2024\/07\/logo-eff.png\" alt=\"\" class=\"wp-image-11215\" style=\"width:180px\" srcset=\"https:\/\/mbefranchise.com\/wp-content\/uploads\/2024\/07\/logo-eff.png 190w, https:\/\/mbefranchise.com\/wp-content\/uploads\/2024\/07\/logo-eff-150x150.png 150w\" sizes=\"(max-width: 190px) 100vw, 190px\" \/><\/figure>\n<\/div>\n\n\n\n<div class=\"wp-block-column is-vertically-aligned-center is-layout-flow wp-block-column-is-layout-flow\" style=\"flex-basis:66.66%\">\n<p>Plus de 90 % de l&rsquo;\u00e9conomie mondiale repose sur la contribution des PME, qui \u00e9prouvent des difficult\u00e9s quotidiennes li\u00e9es \u00e0 la logistique, \u00e0 l&rsquo;impression, au marketing, etc. Ces entreprises sont souvent n\u00e9glig\u00e9es par les grands acteurs en raison de leurs besoins de personnalisation et de flexibilit\u00e9. MBE est l\u00e0 pour leur fournir des solutions fiables.  <\/p>\n\n\n\n<p class=\"has-text-color has-link-color has-small-font-size wp-elements-163b9405b04102b6ac42c92b5ee122c1\" style=\"color:#777777\">* MBE Worldwide SPA &#8211; Prix de la marque internationale de 2023, d\u00e9cern\u00e9 par l&rsquo;Association europ\u00e9enne de la franchise.<\/p>\n<\/div>\n<\/div>\n<\/div>\n\n\n\n<div class=\"wp-block-group alignwide has-global-padding is-layout-constrained wp-block-group-is-layout-constrained\" style=\"padding-top:var(--wp--preset--spacing--30);padding-bottom:var(--wp--preset--spacing--30)\">\n<p class=\"has-text-align-center linebefore has-contrast-3-color has-text-color has-link-color wp-elements-fcca2ce394ad0e7ab9dedd13845a8bcb\" style=\"font-style:normal;font-weight:600;text-transform:uppercase\">NOS SOLUTIONS<\/p>\n\n\n\n<h2 class=\"wp-block-heading alignwide has-text-align-center\" style=\"margin-bottom:var(--wp--preset--spacing--30)\">Les Solutions MBE<\/h2>\n\n\n\n<div class=\"wp-block-columns alignwide services is-layout-flex wp-container-core-columns-is-layout-65e523f9 wp-block-columns-is-layout-flex\">\n<div class=\"wp-block-column is-layout-flow wp-block-column-is-layout-flow\">\n<figure class=\"wp-block-image size-full is-resized\"><img decoding=\"async\" src=\"https:\/\/mbefranchise.com\/wp-content\/uploads\/2024\/07\/pack-ship-red.svg\" alt=\"\" class=\"wp-image-11291\" style=\"object-fit:cover;width:54px;height:54px\"\/><\/figure>\n\n\n\n<h3 class=\"wp-block-heading has-contrast-color has-text-color has-link-color wp-elements-a036ee8f1a0833120d58a3bd1631a909\">Emballage &amp; Exp\u00e9dition<\/h3>\n\n\n\n<p class=\"has-small-font-size\">Les centres MBE \u00e9liminent les tracas li\u00e9s aux exp\u00e9ditions de colis, en offrant un guichet unique pour tous les besoins d&#8217;emballage et d&rsquo;exp\u00e9dition. Notre personnel qualifi\u00e9 ramasse et emballe sur mesure tout types de produits afin qu&rsquo;ils arrivent \u00e0 destination en toute s\u00e9curit\u00e9. Qu&rsquo;ils s&rsquo;agisse d&rsquo;un envoi national, express ou international, nous avons une solution multi-transporteurs polyvalennte pour r\u00e9pondre \u00e0 tous les besoins. Cr\u00e9ez un r\u00e9seau de franchises et devenez le partenaire de vos clients pour l&rsquo;acheminement de leurs marchandises.   <a href=\"https:\/\/www.mbe-cr.com\/en\/pack-and-ship\/\"><\/a><\/p>\n\n\n\n<p class=\"more has-arrow has-contrast-2-color has-text-color has-link-color wp-elements-ebc8bb55efaad18abcf375831e7356b5\"><strong>En savoir plus<\/strong><\/p>\n<\/div>\n\n\n\n<div class=\"wp-block-column is-layout-flow wp-block-column-is-layout-flow\">\n<figure class=\"wp-block-image size-full is-resized\"><img decoding=\"async\" src=\"https:\/\/mbefranchise.com\/wp-content\/uploads\/2024\/07\/ecomm-fulfillment-red.svg\" alt=\"\" class=\"wp-image-11283\" style=\"object-fit:cover;width:53px;height:53px\"\/><\/figure>\n\n\n\n<h3 class=\"wp-block-heading has-contrast-color has-text-color has-link-color wp-elements-5bf0d525371fad7f29d1adf5d2d4221f\">Logistique &amp; eCommerce<\/h3>\n\n\n\n<p class=\"has-small-font-size\">Dynamisez les activit\u00e9s de e-commerce de vos clients gr\u00e2ce \u00e0 nos solutions de micrologistique. Mail Boxes Etc. offre une exp\u00e9rience compl\u00e8te, en s&rsquo;occupant de tout, du stockage \u00e0 la gestion des stocks et \u00e0 l&rsquo;ex\u00e9cution des commandes. Nos solutions \u00e9volutives s&rsquo;adaptent \u00e0 la croissance de leur activit\u00e9, en prenant en charge la pr\u00e9paration, l&#8217;emballage et l&rsquo;exp\u00e9dition des commandes, afin qu&rsquo;ils puissent se concentrer sur ce qui compte le plus : le d\u00e9veloppement de leur boutique en ligne. Avec MBE, ils b\u00e9n\u00e9ficient de l&rsquo;expertise et de la flexibilit\u00e9 dont ils ont besoin pour satisfaire leur clients, \u00e0 chaque \u00e9tape du processus.   <a href=\"https:\/\/www.mbe-cr.com\/en\/pack-and-ship\/\"><\/a><\/p>\n\n\n\n<p class=\"more has-arrow has-contrast-2-color has-text-color has-link-color wp-elements-ebc8bb55efaad18abcf375831e7356b5\"><strong>En savoir plus<\/strong><\/p>\n<\/div>\n\n\n\n<div class=\"wp-block-column is-layout-flow wp-block-column-is-layout-flow\">\n<figure class=\"wp-block-image size-full is-resized\"><img decoding=\"async\" src=\"https:\/\/mbefranchise.com\/wp-content\/uploads\/2024\/07\/marketing-solutions-red.svg\" alt=\"\" class=\"wp-image-11275\" style=\"object-fit:cover;width:54px;height:54px\"\/><\/figure>\n\n\n\n<h3 class=\"wp-block-heading has-contrast-color has-text-color has-link-color wp-elements-9eab2cb39f60852fdfdfd13b80de3e78\">Impression &amp; Marketing<\/h3>\n\n\n\n<p class=\"has-small-font-size\">Faites bonne impression gr\u00e2ce \u00e0 nos solutions de marketing et d&rsquo;impression. En tant que guichet unique, Mail Boxes Etc. se charge de tout: de la conception graphique experte \u00e0 l&rsquo;impression personnalis\u00e9e. Que le client ait besoin de cartes de visite de haute qualit\u00e9, de brochures percutantes ou d&rsquo;un nouveau site Web, nous concr\u00e9tisons son projet de la meilleure des mani\u00e8res. Vous leur donnez les moyens de raconter l&rsquo;histoire de leur marque et d&rsquo;entrer en contact avec leur public de diff\u00e9rentes mani\u00e8res.   <a href=\"https:\/\/www.mbe-cr.com\/en\/pack-and-ship\/\"><\/a><\/p>\n\n\n\n<p class=\"more has-arrow has-contrast-2-color has-text-color has-link-color wp-elements-ebc8bb55efaad18abcf375831e7356b5\"><strong>En savoir plus<\/strong><\/p>\n<\/div>\n\n\n\n<div class=\"wp-block-column is-layout-flow wp-block-column-is-layout-flow\">\n<figure class=\"wp-block-image size-full is-resized tickre\"><img decoding=\"async\" src=\"https:\/\/mbefranchise.com\/wp-content\/uploads\/2024\/07\/etc-red.svg\" alt=\"\" class=\"wp-image-11299\" style=\"object-fit:cover;width:54px;height:54px\"\/><\/figure>\n\n\n\n<h3 class=\"wp-block-heading has-contrast-color has-text-color has-link-color wp-elements-fac0ec6666c2fde41f386cd97f8d63f2\">Etc. &#8211; Autres<br>produits et services <\/h3>\n\n\n\n<p class=\"has-small-font-size\">Et bien d&rsquo;autres choses&#8230; Les services Mail Boxes Etc. offrent une vari\u00e9t\u00e9 de solutions pour simplifier les op\u00e9rations des PME et les besoins particuliers. Louer une bo\u00eete aux lettres s\u00e9curis\u00e9e, cr\u00e9er une adresse de bureau virtuelle, demander des services de notaire, etc. Profitez de notre mod\u00e8le flexible et ajoutez des services professionnels pour r\u00e9pondre aux besoins des clients locaux.   <a href=\"https:\/\/www.mbe-cr.com\/en\/pack-and-ship\/\"><\/a><\/p>\n\n\n\n<p class=\"more has-arrow has-contrast-2-color has-text-color has-link-color wp-elements-ebc8bb55efaad18abcf375831e7356b5\"><strong>En savoir plus<\/strong><\/p>\n<\/div>\n<\/div>\n<\/div>\n\n\n\n<div class=\"wp-block-group alignfull polygon has-global-padding is-layout-constrained wp-block-group-is-layout-constrained\" style=\"padding-top:var(--wp--preset--spacing--30);padding-bottom:var(--wp--preset--spacing--30)\">\n<div class=\"wp-block-columns alignwide counter is-layout-flex wp-container-core-columns-is-layout-c5150b4a wp-block-columns-is-layout-flex\">\n<div class=\"wp-block-column is-layout-flow wp-container-core-column-is-layout-b108c007 wp-block-column-is-layout-flow\" style=\"padding-right:0;padding-left:0\">\n<p class=\"number has-contrast-3-color has-text-color has-link-color wp-elements-ca702ea177ff0cbba6cc0d369efe0ecc\" style=\"font-size:clamp(43.728px, 2.733rem + ((1vw - 3.2px) * 4.911), 84px);font-style:normal;font-weight:700;line-height:1\">30<\/p>\n\n\n\n<p style=\"margin-right:var(--wp--preset--spacing--20);font-size:clamp(14px, 0.875rem + ((1vw - 3.2px) * 0.732), 20px);\">Plus de 30 ans d&rsquo;exp\u00e9rience dans la franchise<\/p>\n<\/div>\n\n\n\n<div class=\"wp-block-column is-layout-flow wp-container-core-column-is-layout-b108c007 wp-block-column-is-layout-flow\" style=\"padding-right:0;padding-left:0\">\n<p class=\"number has-contrast-3-color has-text-color has-link-color wp-elements-ebc1c5faa6a85664c9afb4a9554a5496\" style=\"font-size:clamp(43.728px, 2.733rem + ((1vw - 3.2px) * 4.911), 84px);font-style:normal;font-weight:700;line-height:1\">1800<\/p>\n\n\n\n<p style=\"margin-right:var(--wp--preset--spacing--20);font-size:clamp(14px, 0.875rem + ((1vw - 3.2px) * 0.732), 20px);\">Plus de 1800<br>franchises dans le monde<\/p>\n<\/div>\n\n\n\n<div class=\"wp-block-column is-layout-flow wp-container-core-column-is-layout-b108c007 wp-block-column-is-layout-flow\" style=\"padding-right:0;padding-left:0\">\n<p class=\"number has-contrast-3-color has-text-color has-link-color wp-elements-532a2c6b507ac0b56c61455331b43ae5\" style=\"font-size:clamp(43.728px, 2.733rem + ((1vw - 3.2px) * 4.911), 84px);font-style:normal;font-weight:700;line-height:1\">45<\/p>\n\n\n\n<p style=\"margin-right:var(--wp--preset--spacing--20);font-size:clamp(14px, 0.875rem + ((1vw - 3.2px) * 0.732), 20px);\">Plus de 50 pays dans le monde<\/p>\n<\/div>\n\n\n\n<div class=\"wp-block-column is-layout-flow wp-container-core-column-is-layout-b108c007 wp-block-column-is-layout-flow\" style=\"padding-right:0;padding-left:0\">\n<p class=\"number thousand has-contrast-3-color has-text-color has-link-color wp-elements-a787e6d7929c560953f17558e256b3b8\" style=\"font-size:clamp(41.65px, 2.603rem + ((1vw - 3.2px) * 4.555), 79px);font-style:normal;font-weight:700;line-height:1\">1100<\/p>\n\n\n\n<p style=\"font-size:clamp(14px, 0.875rem + ((1vw - 3.2px) * 0.732), 20px);\">1100K+ clients professionnels<\/p>\n\n\n\n<p class=\"has-text-align-right has-text-color has-link-color wp-elements-95b60c9c6bd01958091ac4b93ae7d174\" style=\"color:#777777;margin-top:var(--wp--preset--spacing--20);font-size:14px\">*MBE Worldwide SPA au 31 d\u00e9cembre 2023<\/p>\n<\/div>\n<\/div>\n<\/div>\n\n\n\n<div class=\"wp-block-group alignwide cta has-global-padding is-layout-constrained wp-block-group-is-layout-constrained has-background\" style=\"padding-top:var(--wp--preset--spacing--30);padding-bottom:var(--wp--preset--spacing--30);background-image:url(&apos;https:\/\/mbefranchise.com\/wp-content\/uploads\/2024\/07\/path-to-mailbox-cust.svg&apos;);background-position:100% 0%;background-repeat:no-repeat;background-size:contain;\">\n<div class=\"wp-block-columns alignwide are-vertically-aligned-center is-layout-flex wp-container-core-columns-is-layout-28f84493 wp-block-columns-is-layout-flex\">\n<div class=\"wp-block-column is-vertically-aligned-center has-contrast-2-background-color has-background is-layout-flow wp-block-column-is-layout-flow\" style=\"padding-top:var(--wp--preset--spacing--30);padding-right:var(--wp--preset--spacing--30);padding-bottom:var(--wp--preset--spacing--30);padding-left:var(--wp--preset--spacing--30);flex-basis:55%\">\n<p class=\"has-text-align-left linebefore has-base-color has-text-color has-link-color wp-elements-f1a7671e85fff33e82485785311bb5e6\" style=\"font-style:normal;font-weight:600;text-transform:uppercase\">LA MASTER FRANCHISE<\/p>\n\n\n\n<h2 class=\"wp-block-heading has-base-color has-text-color has-link-color wp-elements-298b5f3576ab468142b1140898a19082\">Profitez d&rsquo;un syst\u00e8me \u00e9prouv\u00e9<\/h2>\n\n\n\n<p class=\"has-base-color has-text-color has-link-color wp-elements-05879f893b8427db1dfede0b726e6b98\" style=\"font-size:clamp(14px, 0.875rem + ((1vw - 3.2px) * 0.488), 18px);\">En tant que Master Franchis\u00e9, vous obtenez le droit exclusif de d\u00e9velopper un r\u00e9seau de centres de services MBE franchis\u00e9s sur votre territoire, offrant un guichet unique pour une large gamme de solutions commerciales, y compris l&rsquo;exp\u00e9dition, l&rsquo;impression, le marketing, etc. Notre soutien, notre formation et notre savoir-faire, alli\u00e9s \u00e0 vos connaissances locales, \u00e0 votre exp\u00e9rience et \u00e0 votre esprit d&rsquo;entreprise &#8211; une combinaison qui ne demande qu&rsquo;\u00e0 s&rsquo;\u00e9panouir. <\/p>\n\n\n\n<div class=\"wp-block-buttons is-layout-flex wp-container-core-buttons-is-layout-8f37fa2e wp-block-buttons-is-layout-flex\">\n<div class=\"wp-block-button\"><a class=\"wp-block-button__link has-contrast-3-color has-base-background-color has-text-color has-background has-link-color has-text-align-right wp-element-button\" href=\"#Postuler\" style=\"border-radius:50px;padding-right:var(--wp--preset--spacing--30);padding-left:var(--wp--preset--spacing--30)\">Prendre Contact<\/a><\/div>\n\n\n\n<div class=\"wp-block-button is-style-outline downlBtn is-style-outline--1\"><a class=\"wp-block-button__link has-base-color has-contrast-2-background-color has-text-color has-background has-link-color has-border-color has-base-border-color wp-element-button\" style=\"border-radius:50px;padding-right:var(--wp--preset--spacing--20);padding-left:var(--wp--preset--spacing--20)\">T\u00e9l\u00e9charger le dossier d&rsquo;information sur la franchise<\/a><\/div>\n<\/div>\n<\/div>\n\n\n\n<div class=\"wp-block-column is-vertically-aligned-center is-layout-flow wp-block-column-is-layout-flow\" style=\"flex-basis:45%\">\n<figure class=\"wp-block-image size-full has-custom-border\"><img decoding=\"async\" width=\"356\" height=\"490\" src=\"https:\/\/mbefranchise.com\/wp-content\/uploads\/2024\/07\/mbe-employee-packing.webp\" alt=\"\" class=\"wp-image-11340\" style=\"border-radius:10px\" srcset=\"https:\/\/mbefranchise.com\/wp-content\/uploads\/2024\/07\/mbe-employee-packing.webp 356w, https:\/\/mbefranchise.com\/wp-content\/uploads\/2024\/07\/mbe-employee-packing-218x300.webp 218w\" sizes=\"(max-width: 356px) 100vw, 356px\" \/><\/figure>\n<\/div>\n<\/div>\n<\/div>\n\n\n\n<div class=\"wp-block-group alignwide has-global-padding is-layout-constrained wp-block-group-is-layout-constrained\" style=\"padding-top:var(--wp--preset--spacing--30);padding-bottom:var(--wp--preset--spacing--30)\">\n<p class=\"has-text-align-center linebefore has-contrast-3-color has-text-color has-link-color wp-elements-c78b3b4a246fe79c3734e1ed0fd1197d\" style=\"font-style:normal;font-weight:600;text-transform:uppercase\">LA MASTER FRANCHISE<\/p>\n\n\n\n<h2 class=\"wp-block-heading alignwide has-text-align-center\" style=\"margin-bottom:var(--wp--preset--spacing--30)\">Territoires MBE disponibles<\/h2>\n\n\n\n<p class=\"has-text-align-center\" style=\"font-size:clamp(14px, 0.875rem + ((1vw - 3.2px) * 0.732), 20px);\">Votre pays a-t-il besoin de ces services ? Nous pensons que oui. V\u00e9rifiez les territoires disponibles.  <\/p>\n\n\n<div class=\"available\"><input type=\"text\" placeholder=\"Start typing...\"><div class=\"countries\">\n<span class=\"cont\">Europe<\/span>\n<span>Switzerland<\/span>\n<span>Slovakia<\/span>\n<span>Romania<\/span>\n<span>Turkey<\/span>\n<span>Israel<\/span>\n<span>Greece<\/span>\n<span>Norway<\/span>\n<span>Cyprus<\/span>\n<span>Denmark<\/span>\n<span>Finland<\/span>\n<span>Sweden<\/span>\n<span>Iceland<\/span>\n<span>Netherlands<\/span>\n<span>Georgia<\/span>\n<span>Azerbaijan<\/span>\n<span>Armenia<\/span>\n<span>Latvia<\/span>\n<span>Estonia<\/span>\n<span>Hungary<\/span>\n<span class=\"cont\">LATAM<\/span>\n<span>Brasil<\/span>\n<span>Bolivia<\/span>\n<span class=\"cont\">APAC<\/span>\n<span>China<\/span>\n<span>Macao<\/span>\n<span>India<\/span>\n<span>Japan<\/span>\n<span>Vietnam<\/span>\n<span>Thailand<\/span>\n<span>Singapore<\/span>\n<span>South Korea<\/span>\n<span>Taiwan<\/span>\n<span>Cambodia<\/span>\n<span>Indonesia<\/span>\n<span class=\"cont\">AFRICA<\/span>\n<span>Tunisia<\/span>\n<span>Gabon<\/span>\n<span>Egypt<\/span>\n<span>Nigeria<\/span>\n<span>Senegal<\/span>\n<span>C\u00f4te d'Ivoire<\/span>\n<span>Cameroon<\/span>\n<\/div><\/div>\n\n\n\n<div class=\"wp-block-columns alignwide mobilecenter is-layout-flex wp-container-core-columns-is-layout-28f84493 wp-block-columns-is-layout-flex\">\n<div class=\"wp-block-column is-vertically-aligned-center is-layout-flow wp-block-column-is-layout-flow\" style=\"flex-basis:60%\">\n<p class=\"has-text-align-right\" style=\"font-size:clamp(14px, 0.875rem + ((1vw - 3.2px) * 0.732), 20px);\">Votre pays ne figure pas sur la liste ? Contactez nous.<\/p>\n<\/div>\n\n\n\n<div class=\"wp-block-column is-layout-flow wp-block-column-is-layout-flow\" style=\"flex-basis:40%\">\n<div class=\"wp-block-buttons is-layout-flex wp-container-core-buttons-is-layout-da267d74 wp-block-buttons-is-layout-flex\">\n<div class=\"wp-block-button is-style-fill\"><a class=\"wp-block-button__link has-base-color has-contrast-2-background-color has-text-color has-background has-link-color wp-element-button\" href=\"#Postuler\" style=\"border-radius:50px;padding-right:var(--wp--preset--spacing--30);padding-left:var(--wp--preset--spacing--30)\">Contactez-nous<\/a><\/div>\n<\/div>\n<\/div>\n<\/div>\n<\/div>\n\n\n\n<div class=\"wp-block-group alignfull polygon polygon2 has-global-padding is-layout-constrained wp-block-group-is-layout-constrained\" style=\"padding-top:var(--wp--preset--spacing--30);padding-bottom:var(--wp--preset--spacing--30)\">\n<p class=\"has-text-align-center linebefore has-contrast-3-color has-text-color has-link-color wp-elements-40c336f10d84b7898ebad4366d0d9674\" id=\"testimonials\" style=\"font-style:normal;font-weight:600;text-transform:uppercase\">T\u00e9moignages<\/p>\n\n\n\n<h2 class=\"wp-block-heading alignwide has-text-align-center\" style=\"margin-bottom:var(--wp--preset--spacing--30)\">Histoires de r\u00e9ussite<\/h2>\n\n\n\n<div class=\"wp-block-columns alignwide videos is-layout-flex wp-container-core-columns-is-layout-28f84493 wp-block-columns-is-layout-flex\">\n<div class=\"wp-block-column sasavideo is-layout-flow wp-block-column-is-layout-flow\">\n<figure class=\"wp-block-image size-full has-custom-border\"><img decoding=\"async\" width=\"366\" height=\"206\" src=\"https:\/\/mbefranchise.com\/wp-content\/uploads\/2024\/07\/sasa-min.jpg\" alt=\"\" class=\"wp-image-11391\" style=\"border-radius:10px\" srcset=\"https:\/\/mbefranchise.com\/wp-content\/uploads\/2024\/07\/sasa-min.jpg 366w, https:\/\/mbefranchise.com\/wp-content\/uploads\/2024\/07\/sasa-min-300x169.jpg 300w\" sizes=\"(max-width: 366px) 100vw, 366px\" \/><\/figure>\n\n\n\n<p style=\"font-size:clamp(15.747px, 0.984rem + ((1vw - 3.2px) * 1.006), 24px);\"><strong>Sa\u0161a Cvetojevi\u0107<br\/><\/strong>Master Franchis\u00e9 R\u00e9gion Adriatique<\/p>\n\n\n\n<p class=\"play\"><a href=\"#\">Regarder maintenant<\/a><\/p>\n<\/div>\n\n\n\n<div class=\"wp-block-column kennethvideo is-layout-flow wp-block-column-is-layout-flow\">\n<figure class=\"wp-block-image size-full has-custom-border\"><img decoding=\"async\" width=\"366\" height=\"206\" src=\"https:\/\/mbefranchise.com\/wp-content\/uploads\/2024\/08\/france-rev.jpg\" alt=\"\" class=\"wp-image-12046\" style=\"border-radius:10px\" srcset=\"https:\/\/mbefranchise.com\/wp-content\/uploads\/2024\/08\/france-rev.jpg 366w, https:\/\/mbefranchise.com\/wp-content\/uploads\/2024\/08\/france-rev-300x169.jpg 300w\" sizes=\"(max-width: 366px) 100vw, 366px\" \/><\/figure>\n\n\n\n<p style=\"font-size:clamp(15.747px, 0.984rem + ((1vw - 3.2px) * 1.006), 24px);\"><strong>MBE en action<\/strong><br\/>Des clients fran\u00e7ais partagent leur opinion<\/p>\n\n\n\n<p class=\"play\"><a href=\"#\">Regarder maintenant<\/a><\/p>\n<\/div>\n\n\n\n<div class=\"wp-block-column claytonvideo is-layout-flow wp-block-column-is-layout-flow\">\n<figure class=\"wp-block-image size-full has-custom-border\"><img decoding=\"async\" width=\"366\" height=\"206\" src=\"https:\/\/mbefranchise.com\/wp-content\/uploads\/2024\/09\/paolo-fiorelli.jpg\" alt=\"\" class=\"wp-image-12094\" style=\"border-radius:10px\" srcset=\"https:\/\/mbefranchise.com\/wp-content\/uploads\/2024\/09\/paolo-fiorelli.jpg 366w, https:\/\/mbefranchise.com\/wp-content\/uploads\/2024\/09\/paolo-fiorelli-300x169.jpg 300w\" sizes=\"(max-width: 366px) 100vw, 366px\" \/><\/figure>\n\n\n\n<p style=\"font-size:clamp(15.747px, 0.984rem + ((1vw - 3.2px) * 1.006), 24px);\"><strong>Paolo Fiorelli<\/strong><br\/>Pr\u00e9sident-directeur g\u00e9n\u00e9ral de MBE Worldwide<\/p>\n\n\n\n<p class=\"play\"><a href=\"#\">Regarder maintenant<\/a><\/p>\n<\/div>\n<\/div>\n<\/div>\n\n\n\n<div class=\"wp-block-group alignwide blog has-global-padding is-layout-constrained wp-block-group-is-layout-constrained\" style=\"padding-top:var(--wp--preset--spacing--30);padding-bottom:var(--wp--preset--spacing--30)\">\n<p class=\"has-text-align-center linebefore has-contrast-3-color has-text-color has-link-color wp-elements-0f0f551e780f1a1e17355cfcc7f651e8\" style=\"font-style:normal;font-weight:600;text-transform:uppercase\">Blog<\/p>\n\n\n\n<h2 class=\"wp-block-heading alignwide has-text-align-center\" style=\"margin-bottom:var(--wp--preset--spacing--30)\">D\u00e9couvrez les derni\u00e8res informations de Mail Boxes Etc.<\/h2>\n\n\n<ul class=\"wp-block-latest-posts__list is-grid columns-3 has-dates alignwide wp-block-latest-posts\"><\/ul><\/div>\n\n\n\n<div class=\"wp-block-group alignwide form has-global-padding is-layout-constrained wp-block-group-is-layout-constrained\" style=\"padding-top:var(--wp--preset--spacing--30);padding-bottom:var(--wp--preset--spacing--30)\">\n<p class=\"has-text-align-center linebefore has-contrast-3-color has-text-color has-link-color wp-elements-6d70e0cd74d58889c5e781b65dab2a94\" id=\"apply\" style=\"font-style:normal;font-weight:600;text-transform:uppercase\">CONTACT<\/p>\n\n\n\n\n<div class=\"hs-form-frame\" data-region=\"eu1\" data-form-id=\"9fe84554-9f3e-4de2-bfa3-0c13760f2b8b\" data-portal-id=\"144081496\"><\/div>\n<\/div>\n","protected":false},"excerpt":{"rendered":"<p>En tant que r\u00e9seau d&rsquo;entrepreneurs, nous comprenons les d\u00e9fis quotidiens des petites entreprises. Nous fournissons des solutions personnalis\u00e9es d&#8217;emballage, d&rsquo;exp\u00e9dition, de micrologistique, d&rsquo;impression et de marketing pour faciliter la croissance des PME. D\u00e9couvrez pourquoi investir dans la master franchise MBE est une r\u00e9elle opportunit\u00e9. Voir la vid\u00e9o Soutenir les Petites et Moyennes Entreprises Plus de [&hellip;]<\/p>\n","protected":false},"author":1,"featured_media":0,"parent":0,"menu_order":0,"comment_status":"closed","ping_status":"closed","template":"","meta":{"_acf_changed":false,"content-type":"","footnotes":""},"class_list":["post-13467","page","type-page","status-publish","hentry"],"acf":[],"_links":{"self":[{"href":"https:\/\/mbefranchise.com\/fr\/wp-json\/wp\/v2\/pages\/13467","targetHints":{"allow":["GET"]}}],"collection":[{"href":"https:\/\/mbefranchise.com\/fr\/wp-json\/wp\/v2\/pages"}],"about":[{"href":"https:\/\/mbefranchise.com\/fr\/wp-json\/wp\/v2\/types\/page"}],"author":[{"embeddable":true,"href":"https:\/\/mbefranchise.com\/fr\/wp-json\/wp\/v2\/users\/1"}],"replies":[{"embeddable":true,"href":"https:\/\/mbefranchise.com\/fr\/wp-json\/wp\/v2\/comments?post=13467"}],"version-history":[{"count":2,"href":"https:\/\/mbefranchise.com\/fr\/wp-json\/wp\/v2\/pages\/13467\/revisions"}],"predecessor-version":[{"id":16825,"href":"https:\/\/mbefranchise.com\/fr\/wp-json\/wp\/v2\/pages\/13467\/revisions\/16825"}],"wp:attachment":[{"href":"https:\/\/mbefranchise.com\/fr\/wp-json\/wp\/v2\/media?parent=13467"}],"curies":[{"name":"wp","href":"https:\/\/api.w.org\/{rel}","templated":true}]}}