{"id":12661,"date":"2024-12-09T15:16:56","date_gmt":"2024-12-09T15:16:56","guid":{"rendered":"https:\/\/mbefranchise.com\/sobre-nos\/"},"modified":"2026-04-08T08:43:20","modified_gmt":"2026-04-08T07:43:20","slug":"sobre-nos","status":"publish","type":"page","link":"https:\/\/mbefranchise.com\/pt-pt\/sobre-nos\/","title":{"rendered":"Sobre n\u00f3s"},"content":{"rendered":"\n<div class=\"wp-block-group alignfull hero has-global-padding is-layout-constrained wp-block-group-is-layout-constrained has-background\" style=\"margin-top:0;margin-bottom:0;padding-top:0;padding-bottom:0;background-image:url(&apos;https:\/\/mbefranchise.com\/wp-content\/uploads\/2024\/07\/mbe-2-copy-8-.webp&apos;);background-position:100% 50%;background-repeat:no-repeat;background-size:contain;\">\n<div class=\"wp-block-columns alignfull is-layout-flex wp-container-core-columns-is-layout-f1061711 wp-block-columns-is-layout-flex\" style=\"padding-right:var(--wp--preset--spacing--20);padding-left:var(--wp--preset--spacing--20)\">\n<div class=\"wp-block-column is-layout-flow wp-block-column-is-layout-flow\" style=\"padding-right:0;padding-left:0;flex-basis:100%\">\n<h1 class=\"wp-block-heading alignwide\">Sobre a Mail Boxes Etc.<\/h1>\n\n\n\n<p style=\"margin-top:var(--wp--preset--spacing--30);margin-bottom:var(--wp--preset--spacing--30)\">Fundada em San Diego, Calif\u00f3rnia (EUA), em 1980, a Mail Boxes Etc. (&#8220;MBE&#8221;) evoluiu ao longo do tempo para se tornar uma das maiores redes internacionais de empreendedores franqueados, operando solu\u00e7\u00f5es de envio, log\u00edstica, impress\u00e3o, marketing e comunica\u00e7\u00e3o baseadas no varejo para clientes empresariais e privados.<br><strong>+1.800 locais de servi\u00e7o MBE em mais de 50 pa\u00edses ao redor do mundo.<\/strong><\/p>\n<\/div>\n\n\n\n<div class=\"wp-block-column is-layout-flow wp-block-column-is-layout-flow\" style=\"flex-basis:100%\"><\/div>\n<\/div>\n<\/div>\n\n\n\n<div class=\"wp-block-group alignfull has-global-padding is-layout-constrained wp-block-group-is-layout-constrained\" style=\"padding-top:var(--wp--preset--spacing--30);padding-bottom:var(--wp--preset--spacing--30)\">\n<p class=\"has-text-align-center linebefore has-contrast-3-color has-text-color has-link-color wp-elements-21f711cb4b42c5b603c9b648f8029b4f\" style=\"font-style:normal;font-weight:600;text-transform:uppercase\">AO LONGO DOS ANOS<\/p>\n\n\n\n<h2 class=\"wp-block-heading alignwide has-text-align-center\" style=\"margin-bottom:var(--wp--preset--spacing--30)\">Nossos Marcos<\/h2>\n\n\n\n<div class=\"wp-block-group alignwide timeline is-vertical is-content-justification-stretch is-layout-flex wp-container-core-group-is-layout-353c4f5a wp-block-group-is-layout-flex\">\n<div class=\"wp-block-columns are-vertically-aligned-center is-layout-flex wp-container-core-columns-is-layout-28f84493 wp-block-columns-is-layout-flex\">\n<div class=\"wp-block-column is-vertically-aligned-center is-layout-flow wp-block-column-is-layout-flow\">\n<h3 class=\"wp-block-heading\">Em 2001<\/h3>\n\n\n\n<p>A UPS Inc. adquiriu a Mail Boxes Etc., e em 2003 come\u00e7ou a rebranding da Rede MBE tanto nos EUA quanto no Canad\u00e1 para \u201cThe UPS Store\u201d.<\/p>\n<\/div>\n\n\n\n<div class=\"wp-block-column is-vertically-aligned-center is-layout-flow wp-block-column-is-layout-flow\"><\/div>\n<\/div>\n\n\n\n<div class=\"wp-block-columns are-vertically-aligned-center is-layout-flex wp-container-core-columns-is-layout-28f84493 wp-block-columns-is-layout-flex\">\n<div class=\"wp-block-column is-vertically-aligned-center is-layout-flow wp-block-column-is-layout-flow\"><\/div>\n\n\n\n<div class=\"wp-block-column is-vertically-aligned-center is-layout-flow wp-block-column-is-layout-flow\">\n<h3 class=\"wp-block-heading\">Em 2009<\/h3>\n\n\n\n<p>A MBE Worldwide S.p.A. comprou a rede mundial de Centros de servi\u00e7os de varejo MBE (exceto os Centros na Am\u00e9rica do Norte). Nesta \u00e9poca, uma holding italiana de propriedade familiar, com sede em Mil\u00e3o \u2013 It\u00e1lia, que iniciou suas atividades em 1993 como Master Franqueado da Mail Boxes Etc. para a It\u00e1lia e, posteriormente, Espanha e Alemanha.  <\/p>\n<\/div>\n<\/div>\n\n\n\n<div class=\"wp-block-columns are-vertically-aligned-center is-layout-flex wp-container-core-columns-is-layout-28f84493 wp-block-columns-is-layout-flex\">\n<div class=\"wp-block-column is-vertically-aligned-center is-layout-flow wp-block-column-is-layout-flow\">\n<h3 class=\"wp-block-heading\">Em 2017<\/h3>\n\n\n\n<p>A MBE Worldwide tamb\u00e9m se tornou a propriet\u00e1ria majorit\u00e1ria do marketplace de log\u00edstica Spedingo.<br>Com a aquisi\u00e7\u00e3o da AlphaGraphics e da PostNet em 2017, a Rede Global da MBE se expandiu para aproximadamente 2.600 Centros de Servi\u00e7os em mais de 50 pa\u00edses.<br>B\u00f3snia e Herzegovina, Cro\u00e1cia, Kosovo, Maced\u00f4nia, Montenegro, S\u00e9rvia, Eslov\u00eania.<\/p>\n<\/div>\n\n\n\n<div class=\"wp-block-column is-vertically-aligned-center is-layout-flow wp-block-column-is-layout-flow\"><\/div>\n<\/div>\n\n\n\n<div class=\"wp-block-columns are-vertically-aligned-center is-layout-flex wp-container-core-columns-is-layout-28f84493 wp-block-columns-is-layout-flex\">\n<div class=\"wp-block-column is-vertically-aligned-center is-layout-flow wp-block-column-is-layout-flow\"><\/div>\n\n\n\n<div class=\"wp-block-column is-vertically-aligned-center is-layout-flow wp-block-column-is-layout-flow\">\n<h3 class=\"wp-block-heading\">Desde 2018<\/h3>\n\n\n\n<p>Hong Kong, Rom\u00eania, Hungria.<\/p>\n<\/div>\n<\/div>\n\n\n\n<div class=\"wp-block-columns are-vertically-aligned-center is-layout-flex wp-container-core-columns-is-layout-28f84493 wp-block-columns-is-layout-flex\">\n<div class=\"wp-block-column is-vertically-aligned-center is-layout-flow wp-block-column-is-layout-flow\">\n<h3 class=\"wp-block-heading\">Em 2021<\/h3>\n\n\n\n<p>A MBE adquire a PrestaShop, PACK &amp; SEND e Multicopy;<br>A MBE estabelece uma presen\u00e7a direta (DOC) no Reino Unido e Irlanda. B\u00e9lgica, Ar\u00e1bia Saudita, pa\u00edses da regi\u00e3o do Golfo conclu\u00edram Master Franquias.<\/p>\n\n\n\n<figure class=\"wp-block-gallery aligncenter has-nested-images columns-default wp-block-gallery-1 is-layout-flex wp-block-gallery-is-layout-flex\">\n<figure class=\"wp-block-image size-full\"><img decoding=\"async\" width=\"239\" height=\"43\" data-id=\"3411\" src=\"https:\/\/mbefranchise.com\/wp-content\/uploads\/2022\/05\/prestashop-logo-min.png\" alt=\"\" class=\"wp-image-3411\"\/><\/figure>\n\n\n\n<figure class=\"wp-block-image size-full\"><img decoding=\"async\" width=\"201\" height=\"44\" data-id=\"3413\" src=\"https:\/\/mbefranchise.com\/wp-content\/uploads\/2022\/05\/packsend-logo-min.png\" alt=\"pack send logo\" class=\"wp-image-3413\"\/><\/figure>\n\n\n\n<figure class=\"wp-block-image size-large\"><img decoding=\"async\" width=\"137\" height=\"62\" data-id=\"3409\" src=\"https:\/\/mbefranchise.com\/wp-content\/uploads\/2022\/05\/multicopy-logo-min.png\" alt=\"Multicopy logo\" class=\"wp-image-3409\"\/><\/figure>\n<\/figure>\n<\/div>\n\n\n\n<div class=\"wp-block-column is-vertically-aligned-center is-layout-flow wp-block-column-is-layout-flow\"><\/div>\n<\/div>\n\n\n\n<div class=\"wp-block-columns are-vertically-aligned-center is-layout-flex wp-container-core-columns-is-layout-28f84493 wp-block-columns-is-layout-flex\">\n<div class=\"wp-block-column is-vertically-aligned-center is-layout-flow wp-block-column-is-layout-flow\"><\/div>\n\n\n\n<div class=\"wp-block-column is-vertically-aligned-center is-layout-flow wp-block-column-is-layout-flow\">\n<h3 class=\"wp-block-heading\">Em 2022<\/h3>\n\n\n\n<p>A MBE adquire GEL Proximity e WORLD OPTIONS.<br>Marrocos, Col\u00f4mbia, Equador.<\/p>\n\n\n\n<figure class=\"wp-block-gallery alignleft has-nested-images columns-default galleryfix wp-block-gallery-2 is-layout-flex wp-block-gallery-is-layout-flex\">\n<figure class=\"wp-block-image alignleft size-full\"><img decoding=\"async\" width=\"78\" height=\"41\" data-id=\"11464\" src=\"https:\/\/mbefranchise.com\/wp-content\/uploads\/2024\/07\/gel-proximity-for-woocommerce.png\" alt=\"\" class=\"wp-image-11464\"\/><\/figure>\n\n\n\n<figure class=\"wp-block-image alignleft size-full\"><img decoding=\"async\" width=\"181\" height=\"51\" data-id=\"11456\" src=\"https:\/\/mbefranchise.com\/wp-content\/uploads\/2024\/07\/world-optios-uk-secondary-logo-colour-transparent.png\" alt=\"\" class=\"wp-image-11456\"\/><\/figure>\n<\/figure>\n<\/div>\n<\/div>\n\n\n\n<div class=\"wp-block-columns are-vertically-aligned-center is-layout-flex wp-container-core-columns-is-layout-28f84493 wp-block-columns-is-layout-flex\">\n<div class=\"wp-block-column is-vertically-aligned-center is-layout-flow wp-block-column-is-layout-flow\">\n<h3 class=\"wp-block-heading\">Em 2023<\/h3>\n\n\n\n<p>A MBE adquire PACK &amp; SEND UK da antiga Licen\u00e7a Master.<br>Malta, Paraguai, Uruguai e Nova Deli (\u00cdndia)<\/p>\n<\/div>\n\n\n\n<div class=\"wp-block-column is-vertically-aligned-center is-layout-flow wp-block-column-is-layout-flow\"><\/div>\n<\/div>\n\n\n\n<div class=\"line\"><span class=\"redline\"><\/span><\/div>\n<\/div>\n<\/div>\n\n\n\n<div class=\"wp-block-group alignfull polygon has-global-padding is-layout-constrained wp-block-group-is-layout-constrained\" style=\"padding-top:var(--wp--preset--spacing--30);padding-bottom:var(--wp--preset--spacing--30)\">\n<p class=\"has-text-align-center linebefore has-contrast-3-color has-text-color has-link-color wp-elements-c6a0c5d1e04be877c1fd5e045ede3846\" style=\"font-style:normal;font-weight:600;text-transform:uppercase\">M\u00c9TRICAS GLOBAIS<\/p>\n\n\n\n<h2 class=\"wp-block-heading alignwide has-text-align-center\" style=\"margin-bottom:var(--wp--preset--spacing--30)\">MBE Worldwide em N\u00fameros<\/h2>\n\n\n\n<div class=\"wp-block-columns alignwide counter is-layout-flex wp-container-core-columns-is-layout-c5150b4a wp-block-columns-is-layout-flex\">\n<div class=\"wp-block-column is-layout-flow wp-container-core-column-is-layout-b108c007 wp-block-column-is-layout-flow\" style=\"padding-right:0;padding-left:0\">\n<p class=\"number has-contrast-3-color has-text-color has-link-color wp-elements-ca702ea177ff0cbba6cc0d369efe0ecc\" style=\"font-size:clamp(43.728px, 2.733rem + ((1vw - 3.2px) * 4.911), 84px);font-style:normal;font-weight:700;line-height:1\">30<\/p>\n\n\n\n<p style=\"margin-right:var(--wp--preset--spacing--20);font-size:clamp(14px, 0.875rem + ((1vw - 3.2px) * 0.732), 20px);\">Mais de 30 anos de experi\u00eancia em franquias<\/p>\n<\/div>\n\n\n\n<div class=\"wp-block-column is-layout-flow wp-container-core-column-is-layout-b108c007 wp-block-column-is-layout-flow\" style=\"padding-right:0;padding-left:0\">\n<p class=\"number has-contrast-3-color has-text-color has-link-color wp-elements-9aa6be881e932b414b73b83673a85deb\" style=\"font-size:clamp(43.728px, 2.733rem + ((1vw - 3.2px) * 4.911), 84px);font-style:normal;font-weight:700;line-height:1\">1700<\/p>\n\n\n\n<p style=\"margin-right:var(--wp--preset--spacing--20);font-size:clamp(14px, 0.875rem + ((1vw - 3.2px) * 0.732), 20px);\">Mais de 1700 unidades franqueadas<br>ao redor do mundo<\/p>\n<\/div>\n\n\n\n<div class=\"wp-block-column is-layout-flow wp-container-core-column-is-layout-b108c007 wp-block-column-is-layout-flow\" style=\"padding-right:0;padding-left:0\">\n<p class=\"number has-contrast-3-color has-text-color has-link-color wp-elements-532a2c6b507ac0b56c61455331b43ae5\" style=\"font-size:clamp(43.728px, 2.733rem + ((1vw - 3.2px) * 4.911), 84px);font-style:normal;font-weight:700;line-height:1\">45<\/p>\n\n\n\n<p style=\"margin-right:var(--wp--preset--spacing--20);font-size:clamp(14px, 0.875rem + ((1vw - 3.2px) * 0.732), 20px);\">45+ Pa\u00edses no mundo todo<\/p>\n<\/div>\n\n\n\n<div class=\"wp-block-column is-layout-flow wp-container-core-column-is-layout-b108c007 wp-block-column-is-layout-flow\" style=\"padding-right:0;padding-left:0\">\n<p class=\"number thousand has-contrast-3-color has-text-color has-link-color wp-elements-a787e6d7929c560953f17558e256b3b8\" style=\"font-size:clamp(41.65px, 2.603rem + ((1vw - 3.2px) * 4.555), 79px);font-style:normal;font-weight:700;line-height:1\">1100<\/p>\n\n\n\n<p style=\"font-size:clamp(14px, 0.875rem + ((1vw - 3.2px) * 0.732), 20px);\">Mais de 1,1 milh\u00e3o de clientes empresariais*<\/p>\n\n\n\n<p class=\"has-text-align-right has-text-color has-link-color wp-elements-0ecb7de4741200f549f1e01022311a77\" style=\"color:#777777;margin-top:var(--wp--preset--spacing--20);font-size:14px\">MBE Worldwide SPA em 31 de dezembro de 2023<\/p>\n<\/div>\n<\/div>\n<\/div>\n\n\n\n<div class=\"wp-block-group alignfull ctaline has-global-padding is-layout-constrained wp-block-group-is-layout-constrained\" style=\"margin-top:var(--wp--preset--spacing--30);margin-bottom:var(--wp--preset--spacing--30);padding-top:var(--wp--preset--spacing--30);padding-bottom:var(--wp--preset--spacing--30)\">\n<div class=\"wp-block-columns alignwide is-layout-flex wp-container-core-columns-is-layout-28f84493 wp-block-columns-is-layout-flex\">\n<div class=\"wp-block-column is-layout-flow wp-block-column-is-layout-flow\">\n<p class=\"has-medium-font-size\">Saiba mais em nosso folheto<\/p>\n\n\n\n<div class=\"wp-block-buttons is-layout-flex wp-block-buttons-is-layout-flex\">\n<div class=\"wp-block-button downlBtn\"><a class=\"wp-block-button__link wp-element-button\">Baixar agora<\/a><\/div>\n<\/div>\n<\/div>\n\n\n\n<div class=\"wp-block-column is-layout-flow wp-block-column-is-layout-flow\">\n<p class=\"has-medium-font-size\">Pronto para come\u00e7ar?<\/p>\n\n\n\n<div class=\"wp-block-buttons is-layout-flex wp-block-buttons-is-layout-flex\">\n<div class=\"wp-block-button\"><a class=\"wp-block-button__link wp-element-button\" href=\"https:\/\/mbefranchise.com\/#apply\">Inscreva-se agora<\/a><\/div>\n<\/div>\n<\/div>\n<\/div>\n<\/div>\n\n\n\n<div class=\"wp-block-group alignfull has-global-padding is-layout-constrained wp-block-group-is-layout-constrained\" style=\"padding-top:var(--wp--preset--spacing--30);padding-bottom:var(--wp--preset--spacing--30)\">\n<p class=\"has-text-align-center linebefore has-contrast-3-color has-text-color has-link-color wp-elements-c4005222fe3ee628301fd0ba74b8ffb9\" style=\"font-style:normal;font-weight:600;text-transform:uppercase\">VAMOS NOS CONHECER<\/p>\n\n\n\n<h2 class=\"wp-block-heading alignwide has-text-align-center\" style=\"margin-bottom:var(--wp--preset--spacing--30)\">Sua Equipe Guia<\/h2>\n\n\n\n<div class=\"wp-block-columns alignwide is-not-stacked-on-mobile team is-layout-flex wp-container-core-columns-is-layout-28f84493 wp-block-columns-is-layout-flex\">\n<div class=\"wp-block-column is-layout-flow wp-block-column-is-layout-flow\">\n<figure class=\"wp-block-image size-full\"><img decoding=\"async\" width=\"316\" height=\"429\" src=\"https:\/\/mbefranchise.com\/wp-content\/uploads\/2022\/12\/giuseppe-2.jpg\" alt=\"\" class=\"wp-image-5815\" srcset=\"https:\/\/mbefranchise.com\/wp-content\/uploads\/2022\/12\/giuseppe-2.jpg 316w, https:\/\/mbefranchise.com\/wp-content\/uploads\/2022\/12\/giuseppe-2-221x300.jpg 221w\" sizes=\"(max-width: 316px) 100vw, 316px\" \/><\/figure>\n\n\n\n<p class=\"has-text-align-center\" style=\"font-size:clamp(15.747px, 0.984rem + ((1vw - 3.2px) * 1.006), 24px);\"><strong>Giuseppe Bergonzi<\/strong><\/p>\n\n\n\n<p class=\"has-text-align-center\" style=\"font-size:clamp(14px, 0.875rem + ((1vw - 3.2px) * 0.488), 18px);\">Diretor Regional MBE Worldwide<\/p>\n\n\n\n<p class=\"has-text-align-center has-text-color has-link-color wp-elements-c436f75c4cce87e77602fa19537c5201\" style=\"color:#777777\">Global<\/p>\n<\/div>\n\n\n\n<div class=\"wp-block-column is-layout-flow wp-block-column-is-layout-flow\">\n<figure class=\"wp-block-image size-full\"><img decoding=\"async\" width=\"316\" height=\"474\" src=\"https:\/\/mbefranchise.com\/wp-content\/uploads\/2021\/02\/maria.jpg\" alt=\"MBE Employee\" class=\"wp-image-229\" srcset=\"https:\/\/mbefranchise.com\/wp-content\/uploads\/2021\/02\/maria.jpg 316w, https:\/\/mbefranchise.com\/wp-content\/uploads\/2021\/02\/maria-200x300.jpg 200w\" sizes=\"(max-width: 316px) 100vw, 316px\" \/><\/figure>\n\n\n\n<p class=\"has-text-align-center\" style=\"font-size:clamp(15.747px, 0.984rem + ((1vw - 3.2px) * 1.006), 24px);\"><strong>Maria Ilicheva<\/strong><\/p>\n\n\n\n<p class=\"has-text-align-center\" style=\"font-size:clamp(14px, 0.875rem + ((1vw - 3.2px) * 0.488), 18px);\">Supervisor de Desenvolvimento Mundial<\/p>\n\n\n\n<p class=\"has-text-align-center has-text-color has-link-color wp-elements-1493db6543a7a69ab93bb88c7f121426\" style=\"color:#777777\">Europa e Israel, CIS<\/p>\n\n\n\n<p class=\"has-text-align-center\"><a href=\"https:\/\/meetings-eu1.hubspot.com\/mariia-ilicheva\/mail-boxes-etc?uuid=2e3bde48-1ac7-4d2f-9f61-8aacecba078e\" target=\"_blank\" rel=\"noreferrer noopener nofollow\">Agende uma chamada<\/a><\/p>\n<\/div>\n\n\n\n<div class=\"wp-block-column is-layout-flow wp-block-column-is-layout-flow\">\n<figure class=\"wp-block-image size-full\"><img decoding=\"async\" width=\"314\" height=\"469\" src=\"https:\/\/mbefranchise.com\/wp-content\/uploads\/2021\/02\/iliess-1.jpg\" alt=\"Mbe Employee\" class=\"wp-image-236\" srcset=\"https:\/\/mbefranchise.com\/wp-content\/uploads\/2021\/02\/iliess-1.jpg 314w, https:\/\/mbefranchise.com\/wp-content\/uploads\/2021\/02\/iliess-1-201x300.jpg 201w\" sizes=\"(max-width: 314px) 100vw, 314px\" \/><\/figure>\n\n\n\n<p class=\"has-text-align-center\" style=\"font-size:clamp(15.747px, 0.984rem + ((1vw - 3.2px) * 1.006), 24px);\"><strong>Iliess Ayad<\/strong><\/p>\n\n\n\n<p class=\"has-text-align-center\" style=\"font-size:clamp(14px, 0.875rem + ((1vw - 3.2px) * 0.488), 18px);\">Supervisor de Desenvolvimento Mundial<\/p>\n\n\n\n<p class=\"has-text-align-center has-text-color has-link-color wp-elements-56645cdb1676b42ed690d03365564e50\" style=\"color:#777777\">\u00c1frica, \u00cdndia e Turquia<\/p>\n\n\n\n<p class=\"has-text-align-center\"><a href=\"https:\/\/meetings-eu1.hubspot.com\/mbe\/15-minutes-meeting-with-iliess-?uuid=f8036ac0-8644-4b8c-8f08-307702497751\" target=\"_blank\" rel=\"noreferrer noopener nofollow\">Agende uma chamada<\/a><\/p>\n<\/div>\n\n\n\n<div class=\"wp-block-column is-layout-flow wp-block-column-is-layout-flow\">\n<figure class=\"wp-block-image size-full\"><img decoding=\"async\" width=\"316\" height=\"474\" src=\"https:\/\/mbefranchise.com\/wp-content\/uploads\/2021\/10\/cesar.jpg\" alt=\"MBE representative\" class=\"wp-image-1969\" srcset=\"https:\/\/mbefranchise.com\/wp-content\/uploads\/2021\/10\/cesar.jpg 316w, https:\/\/mbefranchise.com\/wp-content\/uploads\/2021\/10\/cesar-200x300.jpg 200w\" sizes=\"(max-width: 316px) 100vw, 316px\" \/><\/figure>\n\n\n\n<p class=\"has-text-align-center\" style=\"font-size:clamp(15.747px, 0.984rem + ((1vw - 3.2px) * 1.006), 24px);\"><strong>Cesar Bergamo<\/strong><\/p>\n\n\n\n<p class=\"has-text-align-center\" style=\"font-size:clamp(14px, 0.875rem + ((1vw - 3.2px) * 0.488), 18px);\">Desenvolvedor de Neg\u00f3cios<\/p>\n\n\n\n<p class=\"has-text-align-center has-text-color has-link-color wp-elements-2f7846222597a43db8b611b55711269c\" style=\"color:#777777\">Am\u00e9rica do Sul<\/p>\n<\/div>\n\n\n\n<div class=\"wp-block-column is-layout-flow wp-block-column-is-layout-flow\">\n<figure class=\"wp-block-image size-full\"><img decoding=\"async\" width=\"416\" height=\"474\" src=\"https:\/\/mbefranchise.com\/wp-content\/uploads\/2022\/12\/MBE-Potrait-Ruonan.jpg\" alt=\"\" class=\"wp-image-5791\" srcset=\"https:\/\/mbefranchise.com\/wp-content\/uploads\/2022\/12\/MBE-Potrait-Ruonan.jpg 416w, https:\/\/mbefranchise.com\/wp-content\/uploads\/2022\/12\/MBE-Potrait-Ruonan-263x300.jpg 263w\" sizes=\"(max-width: 416px) 100vw, 416px\" \/><\/figure>\n\n\n\n<p class=\"has-text-align-center\" style=\"font-size:clamp(15.747px, 0.984rem + ((1vw - 3.2px) * 1.006), 24px);\"><strong>Ruonan Chen<\/strong><\/p>\n\n\n\n<p class=\"has-text-align-center\" style=\"font-size:clamp(14px, 0.875rem + ((1vw - 3.2px) * 0.488), 18px);\">Desenvolvedor de Neg\u00f3cios<\/p>\n\n\n\n<p class=\"has-text-align-center has-text-color has-link-color wp-elements-0a43e757986903d607b59d6e3be64333\" style=\"color:#777777\">\u00c1sia<\/p>\n\n\n\n<p class=\"has-text-align-center\"><a href=\"https:\/\/meetings-eu1.hubspot.com\/ruonan\" target=\"_blank\" rel=\"noreferrer noopener nofollow\">Agende uma chamada<\/a><\/p>\n<\/div>\n\n\n\n<div class=\"wp-block-column is-layout-flow wp-block-column-is-layout-flow\">\n<figure class=\"wp-block-image size-full\"><img decoding=\"async\" width=\"330\" height=\"350\" src=\"https:\/\/mbefranchise.com\/wp-content\/uploads\/2024\/08\/pawan-kim.jpeg\" alt=\"\" class=\"wp-image-12033\" srcset=\"https:\/\/mbefranchise.com\/wp-content\/uploads\/2024\/08\/pawan-kim.jpeg 330w, https:\/\/mbefranchise.com\/wp-content\/uploads\/2024\/08\/pawan-kim-283x300.jpeg 283w\" sizes=\"(max-width: 330px) 100vw, 330px\" \/><\/figure>\n\n\n\n<p class=\"has-text-align-center\" style=\"font-size:clamp(15.747px, 0.984rem + ((1vw - 3.2px) * 1.006), 24px);\"><strong><strong><strong>Pawan Kim<\/strong><\/strong><\/strong><\/p>\n\n\n\n<p class=\"has-text-align-center\" style=\"font-size:clamp(14px, 0.875rem + ((1vw - 3.2px) * 0.488), 18px);\">Desenvolvedor de Neg\u00f3cios<\/p>\n\n\n\n<p class=\"has-text-align-center has-text-color has-link-color wp-elements-ae9b90769bc1fe94393c1c521243ceb7\" style=\"color:#777777\">Coreia do Sul, Vietn\u00e3 e Estado de Gujarat na \u00cdndia<\/p>\n\n\n\n<p class=\"has-text-align-center\"><a href=\"https:\/\/meetings-eu1.hubspot.com\/pawan-kim\/mlcall\" target=\"_blank\" rel=\"noreferrer noopener nofollow\">Agende uma chamada<\/a><\/p>\n<\/div>\n<\/div>\n<\/div>\n\n\n\n<div class=\"wp-block-group alignfull polygon polygon2 has-global-padding is-layout-constrained wp-block-group-is-layout-constrained\" style=\"padding-top:var(--wp--preset--spacing--30);padding-bottom:var(--wp--preset--spacing--30)\">\n<p class=\"has-text-align-center linebefore has-contrast-3-color has-text-color has-link-color wp-elements-1bbd6bf38a17bdd2b57c35a508c1af90\" id=\"testimonials\" style=\"font-style:normal;font-weight:600;text-transform:uppercase\">Testimonials<\/p>\n\n\n\n<h2 class=\"wp-block-heading alignwide has-text-align-center\" style=\"margin-bottom:var(--wp--preset--spacing--30)\">Hist\u00f3rias Reais de Sucesso<\/h2>\n\n\n\n<div class=\"wp-block-columns alignwide videos is-layout-flex wp-container-core-columns-is-layout-28f84493 wp-block-columns-is-layout-flex\">\n<div class=\"wp-block-column sasavideo is-layout-flow wp-block-column-is-layout-flow\">\n<figure class=\"wp-block-image size-full has-custom-border\"><img decoding=\"async\" width=\"366\" height=\"206\" src=\"https:\/\/mbefranchise.com\/wp-content\/uploads\/2024\/07\/sasa-min.jpg\" alt=\"\" class=\"wp-image-11391\" style=\"border-radius:10px\" srcset=\"https:\/\/mbefranchise.com\/wp-content\/uploads\/2024\/07\/sasa-min.jpg 366w, https:\/\/mbefranchise.com\/wp-content\/uploads\/2024\/07\/sasa-min-300x169.jpg 300w\" sizes=\"(max-width: 366px) 100vw, 366px\" \/><\/figure>\n\n\n\n<p style=\"font-size:clamp(15.747px, 0.984rem + ((1vw - 3.2px) * 1.006), 24px);\"><strong>Sa\u0161a Cvetojevi\u0107<br><\/strong>Franqueado da Regi\u00e3o Adri\u00e1tica<\/p>\n\n\n\n<p class=\"play\"><a href=\"#\">Assista agora<\/a><\/p>\n<\/div>\n\n\n\n<div class=\"wp-block-column kennethvideo is-layout-flow wp-block-column-is-layout-flow\">\n<figure class=\"wp-block-image size-full has-custom-border\"><img decoding=\"async\" width=\"366\" height=\"206\" src=\"https:\/\/mbefranchise.com\/wp-content\/uploads\/2024\/08\/france-rev.jpg\" alt=\"\" class=\"wp-image-12046\" style=\"border-radius:10px\" srcset=\"https:\/\/mbefranchise.com\/wp-content\/uploads\/2024\/08\/france-rev.jpg 366w, https:\/\/mbefranchise.com\/wp-content\/uploads\/2024\/08\/france-rev-300x169.jpg 300w\" sizes=\"(max-width: 366px) 100vw, 366px\" \/><\/figure>\n\n\n\n<p style=\"font-size:clamp(15.747px, 0.984rem + ((1vw - 3.2px) * 1.006), 24px);\"><strong>MBE em A\u00e7\u00e3o<\/strong><br>Clientes Franceses Compartilham Suas Opini\u00f5es<\/p>\n\n\n\n<p class=\"play\"><a href=\"#\">Assista agora<\/a><\/p>\n<\/div>\n\n\n\n<div class=\"wp-block-column claytonvideo is-layout-flow wp-block-column-is-layout-flow\">\n<figure class=\"wp-block-image size-full has-custom-border\"><img decoding=\"async\" width=\"366\" height=\"206\" src=\"https:\/\/mbefranchise.com\/wp-content\/uploads\/2024\/09\/paolo-fiorelli.jpg\" alt=\"\" class=\"wp-image-12094\" style=\"border-radius:10px\" srcset=\"https:\/\/mbefranchise.com\/wp-content\/uploads\/2024\/09\/paolo-fiorelli.jpg 366w, https:\/\/mbefranchise.com\/wp-content\/uploads\/2024\/09\/paolo-fiorelli-300x169.jpg 300w\" sizes=\"(max-width: 366px) 100vw, 366px\" \/><\/figure>\n\n\n\n<p style=\"font-size:clamp(15.747px, 0.984rem + ((1vw - 3.2px) * 1.006), 24px);\"><strong>Paolo Fiorelli<\/strong><br>Presidente e CEO mundial da MBE<\/p>\n\n\n\n<p class=\"play\"><a href=\"#\">Assista agora<\/a><\/p>\n<\/div>\n<\/div>\n<\/div>\n","protected":false},"excerpt":{"rendered":"<p>Sobre a Mail Boxes Etc. Fundada em San Diego, Calif\u00f3rnia (EUA), em 1980, a Mail Boxes Etc. (&#8220;MBE&#8221;) evoluiu ao longo do tempo para se tornar uma das maiores redes internacionais de empreendedores franqueados, operando solu\u00e7\u00f5es de envio, log\u00edstica, impress\u00e3o, marketing e comunica\u00e7\u00e3o baseadas no varejo para clientes empresariais e privados.+1.800 locais de servi\u00e7o MBE [&hellip;]<\/p>\n","protected":false},"author":1,"featured_media":0,"parent":0,"menu_order":0,"comment_status":"closed","ping_status":"closed","template":"","meta":{"_acf_changed":false,"content-type":"","footnotes":""},"class_list":["post-12661","page","type-page","status-publish","hentry"],"acf":[],"_links":{"self":[{"href":"https:\/\/mbefranchise.com\/pt-pt\/wp-json\/wp\/v2\/pages\/12661","targetHints":{"allow":["GET"]}}],"collection":[{"href":"https:\/\/mbefranchise.com\/pt-pt\/wp-json\/wp\/v2\/pages"}],"about":[{"href":"https:\/\/mbefranchise.com\/pt-pt\/wp-json\/wp\/v2\/types\/page"}],"author":[{"embeddable":true,"href":"https:\/\/mbefranchise.com\/pt-pt\/wp-json\/wp\/v2\/users\/1"}],"replies":[{"embeddable":true,"href":"https:\/\/mbefranchise.com\/pt-pt\/wp-json\/wp\/v2\/comments?post=12661"}],"version-history":[{"count":5,"href":"https:\/\/mbefranchise.com\/pt-pt\/wp-json\/wp\/v2\/pages\/12661\/revisions"}],"predecessor-version":[{"id":18501,"href":"https:\/\/mbefranchise.com\/pt-pt\/wp-json\/wp\/v2\/pages\/12661\/revisions\/18501"}],"wp:attachment":[{"href":"https:\/\/mbefranchise.com\/pt-pt\/wp-json\/wp\/v2\/media?parent=12661"}],"curies":[{"name":"wp","href":"https:\/\/api.w.org\/{rel}","templated":true}]}}