{"id":12885,"date":"2024-12-19T15:04:56","date_gmt":"2024-12-19T15:04:56","guid":{"rendered":"https:\/\/mbefranchise.com\/testimonials\/"},"modified":"2025-12-17T14:19:28","modified_gmt":"2025-12-17T14:19:28","slug":"testimonials","status":"publish","type":"page","link":"https:\/\/mbefranchise.com\/pt-pt\/testimonials\/","title":{"rendered":"Testimonials"},"content":{"rendered":"\n<div class=\"wp-block-group alignfull hero has-global-padding is-layout-constrained wp-block-group-is-layout-constrained has-background\" style=\"margin-top:0;margin-bottom:0;background-image:url(&apos;https:\/\/mbefranchise.com\/wp-content\/uploads\/2024\/07\/franchising.webp&apos;);background-position:100% 50%;background-repeat:no-repeat;background-size:contain;\">\n<div class=\"wp-block-columns alignwide is-layout-flex wp-container-core-columns-is-layout-f1061711 wp-block-columns-is-layout-flex\" style=\"padding-right:var(--wp--preset--spacing--20);padding-left:var(--wp--preset--spacing--20)\">\n<div class=\"wp-block-column is-layout-flow wp-block-column-is-layout-flow\" style=\"padding-right:0;padding-left:0;flex-basis:100%\">\n<h1 class=\"wp-block-heading alignwide\">Nossas hist\u00f3rias<\/h1>\n\n\n\n<p style=\"margin-top:var(--wp--preset--spacing--30);margin-bottom:var(--wp--preset--spacing--30)\">A rede MBE \u00e9 movida pela paix\u00e3o de nossas Pessoas, a Rede MBE. Elas s\u00e3o uma das pedras angulares da nossa marca. Mas n\u00e3o acredite apenas em nossas palavras\u2026 Conhe\u00e7a nossos Empreendedores MBE.  <\/p>\n<\/div>\n\n\n\n<div class=\"wp-block-column is-layout-flow wp-block-column-is-layout-flow\" style=\"flex-basis:100%\"><\/div>\n<\/div>\n<\/div>\n\n\n\n<div class=\"wp-block-group alignfull polygon polygon2 has-global-padding is-layout-constrained wp-block-group-is-layout-constrained\" style=\"padding-top:var(--wp--preset--spacing--30);padding-bottom:var(--wp--preset--spacing--30)\">\n<p class=\"has-text-align-center linebefore has-contrast-3-color has-text-color has-link-color wp-elements-b86f7bf98da36fad85a1ea061231525a\" id=\"testimonials\" style=\"font-style:normal;font-weight:600;text-transform:uppercase\">DEPOIMENTOS<\/p>\n\n\n\n<h2 class=\"wp-block-heading alignwide has-text-align-center\" style=\"margin-bottom:var(--wp--preset--spacing--30)\">Hist\u00f3rias Reais de Sucesso<\/h2>\n\n\n\n<div class=\"wp-block-columns alignwide are-vertically-aligned-center stories is-layout-flex wp-container-core-columns-is-layout-63c0096e wp-block-columns-is-layout-flex\" style=\"margin-top:0;margin-bottom:0;padding-top:0;padding-right:0;padding-bottom:0;padding-left:0\">\n<div class=\"wp-block-column is-vertically-aligned-center is-layout-flow wp-block-column-is-layout-flow\">\n<p class=\"cite has-large-font-size\" style=\"line-height:1.2\"><strong>Certifique-se de estar focado no cliente. Se voc\u00ea se concentrar em fazer as coisas certas para os clientes, o futuro ser\u00e1 promissor. <\/strong><\/p>\n\n\n\n<p class=\"has-medium-font-size\">Nascido e criado na Venezuela, Kenneth estudou nos EUA, onde descobriu o Conceito MBE. Ap\u00f3s 2 anos em uma empresa de consultoria global, Kenneth decidiu fundar a MBE na Venezuela e no M\u00e9xico. Confira o v\u00eddeo para ver sua trajet\u00f3ria profissional e seus planos para o futuro.  <\/p>\n<\/div>\n\n\n\n<div class=\"wp-block-column is-vertically-aligned-center is-layout-flow wp-block-column-is-layout-flow\">\n<figure class=\"wp-block-embed is-type-video is-provider-youtube wp-block-embed-youtube wp-embed-aspect-16-9 wp-has-aspect-ratio\"><div class=\"wp-block-embed__wrapper\">\n<iframe title=\"MBE Master Franchisee Mexico and Venezuela: Kenneth Landau\" width=\"500\" height=\"281\" src=\"https:\/\/www.youtube.com\/embed\/uZRIVJTzthI?feature=oembed\" frameborder=\"0\" allow=\"accelerometer; autoplay; clipboard-write; encrypted-media; gyroscope; picture-in-picture; web-share\" referrerpolicy=\"strict-origin-when-cross-origin\" allowfullscreen><\/iframe>\n<\/div><\/figure>\n<\/div>\n<\/div>\n\n\n\n<div class=\"wp-block-columns alignwide stories is-layout-flex wp-container-core-columns-is-layout-1e834ece wp-block-columns-is-layout-flex\" style=\"margin-top:0;margin-bottom:0;padding-top:var(--wp--preset--spacing--50);padding-bottom:0\">\n<div class=\"wp-block-column is-vertically-aligned-center is-layout-flow wp-block-column-is-layout-flow\">\n<p class=\"cite has-large-font-size\" style=\"line-height:1.2\"><strong>Uma base s\u00f3lida para crescer um neg\u00f3cio sustent\u00e1vel e de longo prazo.<\/strong><\/p>\n\n\n\n<p class=\"has-medium-font-size\">Sou um empreendedor no setor de log\u00edstica e distribui\u00e7\u00e3o h\u00e1 mais de 20 anos, mas estou sempre em busca de novas oportunidades e novos modelos de neg\u00f3cios. A MBE \u00e9 uma marca s\u00f3lida, e eu vi na Master Franquia MBE uma possibilidade de come\u00e7ar rapidamente uma opera\u00e7\u00e3o de franquia. <\/p>\n<\/div>\n\n\n\n<div class=\"wp-block-column is-layout-flow wp-block-column-is-layout-flow\">\n<figure class=\"wp-block-embed is-type-video is-provider-youtube wp-block-embed-youtube wp-embed-aspect-16-9 wp-has-aspect-ratio\"><div class=\"wp-block-embed__wrapper\">\n<iframe title=\"MBE Master Licensee: Sa\u0161a Cvetojevi\u0107, Adriatic Region\" width=\"500\" height=\"281\" src=\"https:\/\/www.youtube.com\/embed\/Rae4ZSxWFrI?feature=oembed\" frameborder=\"0\" allow=\"accelerometer; autoplay; clipboard-write; encrypted-media; gyroscope; picture-in-picture; web-share\" referrerpolicy=\"strict-origin-when-cross-origin\" allowfullscreen><\/iframe>\n<\/div><\/figure>\n<\/div>\n<\/div>\n<\/div>\n\n\n\n<div class=\"wp-block-columns alignwide is-layout-flex wp-container-core-columns-is-layout-28f84493 wp-block-columns-is-layout-flex\">\n<div class=\"wp-block-column is-vertically-aligned-center is-layout-flow wp-block-column-is-layout-flow\" style=\"flex-basis:60%\">\n<p class=\"has-text-align-right\" style=\"font-size:clamp(14px, 0.875rem + ((1vw - 3.2px) * 0.732), 20px);\">Explore mais hist\u00f3rias inspiradoras em nosso canal no YouTube<\/p>\n<\/div>\n\n\n\n<div class=\"wp-block-column is-layout-flow wp-block-column-is-layout-flow\" style=\"flex-basis:40%\">\n<div class=\"wp-block-buttons is-layout-flex wp-container-core-buttons-is-layout-da267d74 wp-block-buttons-is-layout-flex\">\n<div class=\"wp-block-button is-style-fill\"><a class=\"wp-block-button__link has-base-color has-contrast-2-background-color has-text-color has-background has-link-color wp-element-button\" href=\"https:\/\/www.youtube.com\/channel\/UC0Cqrv39pq1xRxhZSCrTbNw\" style=\"border-radius:50px;padding-right:var(--wp--preset--spacing--30);padding-left:var(--wp--preset--spacing--30)\" target=\"_blank\" rel=\"noreferrer noopener nofollow\">Explore Agora<\/a><\/div>\n<\/div>\n<\/div>\n<\/div>\n\n\n\n<div class=\"wp-block-group alignfull polygon polygon2 has-global-padding is-layout-constrained wp-block-group-is-layout-constrained\" style=\"padding-top:var(--wp--preset--spacing--30);padding-bottom:var(--wp--preset--spacing--30)\">\n<p class=\"has-text-align-center linebefore has-contrast-3-color has-text-color has-link-color wp-elements-b3e8d1f3f5c85145d7b68e12e3e371f7\" id=\"testimonials\" style=\"font-style:normal;font-weight:600;text-transform:uppercase\">Mail Boxes Etc. Destaques <\/p>\n\n\n\n<h2 class=\"wp-block-heading alignwide has-text-align-center\" style=\"margin-bottom:var(--wp--preset--spacing--30)\">Entrevistas Exclusivas de Gest\u00e3o<\/h2>\n\n\n\n<div class=\"wp-block-columns alignwide videos is-layout-flex wp-container-core-columns-is-layout-28f84493 wp-block-columns-is-layout-flex\">\n<div class=\"wp-block-column claytonvideo is-layout-flow wp-block-column-is-layout-flow\">\n<figure class=\"wp-block-image size-full has-custom-border\"><img decoding=\"async\" width=\"366\" height=\"206\" src=\"https:\/\/mbefranchise.com\/wp-content\/uploads\/2024\/09\/paolo-fiorelli.jpg\" alt=\"\" class=\"wp-image-12094\" style=\"border-radius:10px\" srcset=\"https:\/\/mbefranchise.com\/wp-content\/uploads\/2024\/09\/paolo-fiorelli.jpg 366w, https:\/\/mbefranchise.com\/wp-content\/uploads\/2024\/09\/paolo-fiorelli-300x169.jpg 300w\" sizes=\"(max-width: 366px) 100vw, 366px\" \/><\/figure>\n\n\n\n<p style=\"font-size:clamp(15.747px, 0.984rem + ((1vw - 3.2px) * 1.006), 24px);\"><strong>Paolo Fiorelli<\/strong><br>Presidente e CEO mundial da MBE<\/p>\n\n\n\n<p class=\"play\"><a href=\"#\">Assista agora<\/a><\/p>\n<\/div>\n\n\n\n<div class=\"wp-block-column samuelevideo is-layout-flow wp-block-column-is-layout-flow\">\n<figure class=\"wp-block-image size-full has-custom-border\"><img decoding=\"async\" width=\"366\" height=\"206\" src=\"https:\/\/mbefranchise.com\/wp-content\/uploads\/2024\/09\/samuele-spaccia.jpg\" alt=\"\" class=\"wp-image-12113\" style=\"border-radius:10px\" srcset=\"https:\/\/mbefranchise.com\/wp-content\/uploads\/2024\/09\/samuele-spaccia.jpg 366w, https:\/\/mbefranchise.com\/wp-content\/uploads\/2024\/09\/samuele-spaccia-300x169.jpg 300w\" sizes=\"(max-width: 366px) 100vw, 366px\" \/><\/figure>\n\n\n\n<p style=\"font-size:clamp(15.747px, 0.984rem + ((1vw - 3.2px) * 1.006), 24px);\"><strong>Samuele Spaccia<\/strong><br>Diretor Financeiro do Grupo MBE Worldwide<\/p>\n\n\n\n<p class=\"play\"><a href=\"#\">Assista agora<\/a><\/p>\n<\/div>\n\n\n\n<div class=\"wp-block-column rudivideo is-layout-flow wp-block-column-is-layout-flow\">\n<figure class=\"wp-block-image size-full has-custom-border\"><img decoding=\"async\" width=\"366\" height=\"206\" src=\"https:\/\/mbefranchise.com\/wp-content\/uploads\/2024\/09\/giuseppe-rudi.jpg\" alt=\"\" class=\"wp-image-12121\" style=\"border-radius:10px\" srcset=\"https:\/\/mbefranchise.com\/wp-content\/uploads\/2024\/09\/giuseppe-rudi.jpg 366w, https:\/\/mbefranchise.com\/wp-content\/uploads\/2024\/09\/giuseppe-rudi-300x169.jpg 300w\" sizes=\"(max-width: 366px) 100vw, 366px\" \/><\/figure>\n\n\n\n<p style=\"font-size:clamp(15.747px, 0.984rem + ((1vw - 3.2px) * 1.006), 24px);\"><strong>Giuseppe Rudi<\/strong><br>Diretor de Opera\u00e7\u00f5es do Grupo MBE Worldwide<\/p>\n\n\n\n<p class=\"play\"><a href=\"#\">Assista agora<\/a><\/p>\n<\/div>\n<\/div>\n<\/div>\n\n\n\n<div class=\"wp-block-group alignwide form has-global-padding is-layout-constrained wp-block-group-is-layout-constrained\" style=\"padding-top:var(--wp--preset--spacing--30);padding-bottom:var(--wp--preset--spacing--30)\">\n<p class=\"has-text-align-center linebefore has-contrast-3-color has-text-color has-link-color wp-elements-2be2c21b0665ad33e8b77a4883c37d19\" id=\"apply\" style=\"font-style:normal;font-weight:600;text-transform:uppercase\">CONTATE-NOS<\/p>\n\n\n\n<div class=\"hs-form-frame\" data-region=\"eu1\" data-form-id=\"9fe84554-9f3e-4de2-bfa3-0c13760f2b8b\" data-portal-id=\"144081496\"><\/div>\n<\/div>\n","protected":false},"excerpt":{"rendered":"<p>Nossas hist\u00f3rias A rede MBE \u00e9 movida pela paix\u00e3o de nossas Pessoas, a Rede MBE. Elas s\u00e3o uma das pedras angulares da nossa marca. Mas n\u00e3o acredite apenas em nossas palavras\u2026 Conhe\u00e7a nossos Empreendedores MBE. DEPOIMENTOS Hist\u00f3rias Reais de Sucesso Certifique-se de estar focado no cliente. Se voc\u00ea se concentrar em fazer as coisas certas [&hellip;]<\/p>\n","protected":false},"author":1,"featured_media":0,"parent":0,"menu_order":0,"comment_status":"closed","ping_status":"closed","template":"","meta":{"_acf_changed":false,"content-type":"","footnotes":""},"class_list":["post-12885","page","type-page","status-publish","hentry"],"acf":[],"_links":{"self":[{"href":"https:\/\/mbefranchise.com\/pt-pt\/wp-json\/wp\/v2\/pages\/12885","targetHints":{"allow":["GET"]}}],"collection":[{"href":"https:\/\/mbefranchise.com\/pt-pt\/wp-json\/wp\/v2\/pages"}],"about":[{"href":"https:\/\/mbefranchise.com\/pt-pt\/wp-json\/wp\/v2\/types\/page"}],"author":[{"embeddable":true,"href":"https:\/\/mbefranchise.com\/pt-pt\/wp-json\/wp\/v2\/users\/1"}],"replies":[{"embeddable":true,"href":"https:\/\/mbefranchise.com\/pt-pt\/wp-json\/wp\/v2\/comments?post=12885"}],"version-history":[{"count":2,"href":"https:\/\/mbefranchise.com\/pt-pt\/wp-json\/wp\/v2\/pages\/12885\/revisions"}],"predecessor-version":[{"id":16909,"href":"https:\/\/mbefranchise.com\/pt-pt\/wp-json\/wp\/v2\/pages\/12885\/revisions\/16909"}],"wp:attachment":[{"href":"https:\/\/mbefranchise.com\/pt-pt\/wp-json\/wp\/v2\/media?parent=12885"}],"curies":[{"name":"wp","href":"https:\/\/api.w.org\/{rel}","templated":true}]}}