{"id":13485,"date":"2025-01-31T15:47:40","date_gmt":"2025-01-31T15:47:40","guid":{"rendered":"https:\/\/mbefranchise.com\/inicio\/"},"modified":"2025-12-09T11:09:19","modified_gmt":"2025-12-09T11:09:19","slug":"inicio","status":"publish","type":"page","link":"https:\/\/mbefranchise.com\/pt-pt\/","title":{"rendered":"In\u00edcio"},"content":{"rendered":"\n<div class=\"wp-block-group alignfull hero has-global-padding is-layout-constrained wp-block-group-is-layout-constrained has-background\" style=\"margin-top:0;margin-bottom:0;background-image:url(&apos;https:\/\/mbefranchise.com\/wp-content\/uploads\/2024\/07\/mbe-2-copy-8-.webp&apos;);background-position:100% 50%;background-repeat:no-repeat;background-size:contain;\">\n<div class=\"wp-block-columns alignfull is-layout-flex wp-container-core-columns-is-layout-f1061711 wp-block-columns-is-layout-flex\" style=\"padding-right:var(--wp--preset--spacing--20);padding-left:var(--wp--preset--spacing--20)\">\n<div class=\"wp-block-column is-layout-flow wp-block-column-is-layout-flow\" style=\"padding-right:0;padding-left:0;flex-basis:100%\">\n<h1 class=\"wp-block-heading alignwide has-large-font-size\">Como uma Rede de Empreendedores, entendemos as dificuldades di\u00e1rias das pequenas empresas.<\/h1>\n\n\n\n<p style=\"margin-top:var(--wp--preset--spacing--30);margin-bottom:var(--wp--preset--spacing--30)\">Oferecemos solu\u00e7\u00f5es personalizadas em embalagem, envio, microlog\u00edstica, impress\u00e3o e marketing para ajudar as PME a crescerem. Descubra por que investir na Master Franquia da Mail Boxes Etc. representa uma oportunidade excepcional.  <\/p>\n\n\n\n<p class=\"herovideo play\" style=\"font-size:clamp(14px, 0.875rem + ((1vw - 3.2px) * 0.488), 18px);\"><a href=\"#video\">Assista ao nosso v\u00eddeo<\/a><\/p>\n<\/div>\n\n\n\n<div class=\"wp-block-column is-layout-flow wp-block-column-is-layout-flow\" style=\"flex-basis:100%\"><\/div>\n<\/div>\n<\/div>\n\n\n\n<div class=\"wp-block-group alignwide has-global-padding is-layout-constrained wp-block-group-is-layout-constrained\" style=\"padding-top:var(--wp--preset--spacing--30);padding-bottom:var(--wp--preset--spacing--30)\">\n<h2 class=\"wp-block-heading alignwide has-text-align-center\" style=\"margin-bottom:var(--wp--preset--spacing--30)\">Empoderando Pequenas e M\u00e9dias Empresas<\/h2>\n\n\n\n<div class=\"wp-block-columns are-vertically-aligned-center is-not-stacked-on-mobile mobilestack is-layout-flex wp-container-core-columns-is-layout-658170e2 wp-block-columns-is-layout-flex\">\n<div class=\"wp-block-column is-vertically-aligned-center is-layout-flow wp-container-core-column-is-layout-38dc53a8 wp-block-column-is-layout-flow\" style=\"border-top-style:none;border-top-width:0px;border-right-color:var(--wp--preset--color--contrast-2);border-right-style:solid;border-right-width:2px;border-bottom-style:none;border-bottom-width:0px;border-left-style:none;border-left-width:0px;padding-right:var(--wp--preset--spacing--10);flex-basis:21%\">\n<figure class=\"wp-block-image size-full is-resized\"><img decoding=\"async\" width=\"190\" height=\"190\" src=\"https:\/\/mbefranchise.com\/wp-content\/uploads\/2024\/07\/logo-eff.png\" alt=\"\" class=\"wp-image-11215\" style=\"width:180px\" srcset=\"https:\/\/mbefranchise.com\/wp-content\/uploads\/2024\/07\/logo-eff.png 190w, https:\/\/mbefranchise.com\/wp-content\/uploads\/2024\/07\/logo-eff-150x150.png 150w\" sizes=\"(max-width: 190px) 100vw, 190px\" \/><\/figure>\n<\/div>\n\n\n\n<div class=\"wp-block-column is-vertically-aligned-center is-layout-flow wp-block-column-is-layout-flow\" style=\"flex-basis:66.66%\">\n<p>Empoderando Pequenas e M\u00e9dias Empresas<br>Mais de 90% da economia mundial \u00e9 baseada na contribui\u00e7\u00e3o das PMEs, que lutam para crescer devido a problemas di\u00e1rios com log\u00edstica, impress\u00e3o, marketing e muito mais. Essas empresas s\u00e3o frequentemente ignoradas pelos grandes players por suas necessidades de personaliza\u00e7\u00e3o e flexibilidade. A MBE est\u00e1 aqui para fornecer solu\u00e7\u00f5es confi\u00e1veis para suas necessidades empresariais e pessoais.  <\/p>\n\n\n\n<p class=\"has-text-color has-link-color has-small-font-size wp-elements-2ecc634c488aef811a902934a08e959b\" style=\"color:#777777\">* MBE Worldwide SPA \u2013 Marca Internacional de 2023, concedida pela Associa\u00e7\u00e3o Europeia de Franquias.<\/p>\n<\/div>\n<\/div>\n<\/div>\n\n\n\n<div class=\"wp-block-group alignwide has-global-padding is-layout-constrained wp-block-group-is-layout-constrained\" style=\"padding-top:var(--wp--preset--spacing--30);padding-bottom:var(--wp--preset--spacing--30)\">\n<p class=\"has-text-align-center linebefore has-contrast-3-color has-text-color has-link-color wp-elements-f1110c03ab687eecbe64a06d2d71186c\" style=\"font-style:normal;font-weight:600;text-transform:uppercase\">NOSSAS SOLU\u00c7\u00d5ES<\/p>\n\n\n\n<h2 class=\"wp-block-heading alignwide has-text-align-center\" style=\"margin-bottom:var(--wp--preset--spacing--30)\">Servi\u00e7os e Produtos da MBE<\/h2>\n\n\n\n<div class=\"wp-block-columns alignwide services is-layout-flex wp-container-core-columns-is-layout-65e523f9 wp-block-columns-is-layout-flex\">\n<div class=\"wp-block-column is-layout-flow wp-block-column-is-layout-flow\">\n<figure class=\"wp-block-image size-full is-resized\"><img decoding=\"async\" src=\"https:\/\/mbefranchise.com\/wp-content\/uploads\/2024\/07\/pack-ship-red.svg\" alt=\"\" class=\"wp-image-11291\" style=\"object-fit:cover;width:54px;height:54px\"\/><\/figure>\n\n\n\n<h3 class=\"wp-block-heading has-contrast-color has-text-color has-link-color wp-elements-7a098ee2af1bf79c34b95f5dea607af1\">Embalagem e Envio<\/h3>\n\n\n\n<p class=\"has-small-font-size\">Nossos Centros MBE eliminam o inc\u00f4modo do envio, oferecendo uma loja completa para todas as suas necessidades de embalagem e envio. Nossa equipe bem treinada coleta e embala de forma personalizada os produtos valiosos dos clientes, formatos irregulares ou itens essenciais do dia a dia, garantindo que eles cheguem com seguran\u00e7a ao destino. Se o cliente precisar de envio dom\u00e9stico, expresso ou internacional, temos uma solu\u00e7\u00e3o multicarrier inteligente para atender \u00e0s suas necessidades. Construa uma rede de franquias e torne-se um parceiro confi\u00e1vel para seus clientes em termos de entrega.   <a href=\"https:\/\/www.mbe-cr.com\/en\/pack-and-ship\/\"><\/a><\/p>\n\n\n\n<p class=\"more has-arrow has-contrast-2-color has-text-color has-link-color wp-elements-a02ed0e37d432808e78a11328ae8e721\"><strong>Saiba mais<\/strong><\/p>\n<\/div>\n\n\n\n<div class=\"wp-block-column is-layout-flow wp-block-column-is-layout-flow\">\n<figure class=\"wp-block-image size-full is-resized\"><img decoding=\"async\" src=\"https:\/\/mbefranchise.com\/wp-content\/uploads\/2024\/07\/ecomm-fulfillment-red.svg\" alt=\"\" class=\"wp-image-11283\" style=\"object-fit:cover;width:53px;height:53px\"\/><\/figure>\n\n\n\n<h3 class=\"wp-block-heading has-contrast-color has-text-color has-link-color wp-elements-5bb3eb7656df0235a791faedd753f7c1\">Log\u00edstica &amp; E-Commerce<\/h3>\n\n\n\n<p class=\"has-small-font-size\">Impulsione o neg\u00f3cio de com\u00e9rcio eletr\u00f4nico dos seus clientes com as solu\u00e7\u00f5es de microlog\u00edstica da MBE. A Mail Boxes Etc. oferece uma experi\u00eancia perfeita, lidando com tudo, desde armazenamento e gest\u00e3o de estoque at\u00e9 o cumprimento de pedidos. Nossas solu\u00e7\u00f5es escal\u00e1veis se adaptam ao crescimento dos neg\u00f3cios, cuidando da sele\u00e7\u00e3o, embalagem e envio dos pedidos, para que seus clientes possam focar no que mais importa \u2013 crescer sua loja online. Com a MBE, voc\u00ea obt\u00e9m a expertise e flexibilidade necess\u00e1rias para impressionar seus clientes em cada etapa.   <a href=\"https:\/\/www.mbe-cr.com\/en\/pack-and-ship\/\"><\/a><\/p>\n\n\n\n<p class=\"more has-arrow has-contrast-2-color has-text-color has-link-color wp-elements-a02ed0e37d432808e78a11328ae8e721\"><strong>Saiba mais<\/strong><\/p>\n<\/div>\n\n\n\n<div class=\"wp-block-column is-layout-flow wp-block-column-is-layout-flow\">\n<figure class=\"wp-block-image size-full is-resized\"><img decoding=\"async\" src=\"https:\/\/mbefranchise.com\/wp-content\/uploads\/2024\/07\/marketing-solutions-red.svg\" alt=\"\" class=\"wp-image-11275\" style=\"object-fit:cover;width:54px;height:54px\"\/><\/figure>\n\n\n\n<h3 class=\"wp-block-heading has-contrast-color has-text-color has-link-color wp-elements-ed3e7a030b298c89643de2b4cc2bfadc\">Marketing &amp; Impress\u00e3o<\/h3>\n\n\n\n<p class=\"has-small-font-size\">Deixe uma impress\u00e3o duradoura com nossas solu\u00e7\u00f5es de marketing e impress\u00e3o. Como uma loja completa, a Mail Boxes Etc. entende tudo, desde design gr\u00e1fico especializado at\u00e9 impress\u00e3o personalizada. Se seus clientes precisam de cart\u00f5es de visita de alta qualidade, folhetos impactantes ou um novo site impressionante, traga a vis\u00e3o deles \u00e0 vida. Voc\u00ea os capacita a contar a hist\u00f3ria da marca e a se conectar com seu p\u00fablico de v\u00e1rias maneiras.   <a href=\"https:\/\/www.mbe-cr.com\/en\/pack-and-ship\/\"><\/a><\/p>\n\n\n\n<p class=\"more has-arrow has-contrast-2-color has-text-color has-link-color wp-elements-a02ed0e37d432808e78a11328ae8e721\"><strong>Saiba mais<\/strong><\/p>\n<\/div>\n\n\n\n<div class=\"wp-block-column is-layout-flow wp-block-column-is-layout-flow\">\n<figure class=\"wp-block-image size-full is-resized tickre\"><img decoding=\"async\" src=\"https:\/\/mbefranchise.com\/wp-content\/uploads\/2024\/07\/etc-red.svg\" alt=\"\" class=\"wp-image-11299\" style=\"object-fit:cover;width:54px;height:54px\"\/><\/figure>\n\n\n\n<h3 class=\"wp-block-heading has-contrast-color has-text-color has-link-color wp-elements-d98334a87ae794b90dc53fe4aac2e7a0\">Etc. \u2013 Outros<br>produtos e servi\u00e7os <\/h3>\n\n\n\n<p class=\"has-small-font-size\">E mais. Os servi\u00e7os da Mail Boxes \u201cEtc.\u201d oferecem uma variedade de solu\u00e7\u00f5es para otimizar as opera\u00e7\u00f5es comerciais e as necessidades pessoais de seus clientes. Alugue uma caixa de correio segura, estabele\u00e7a um endere\u00e7o de escrit\u00f3rio virtual, solicite servi\u00e7os de not\u00e1rio, e muito mais. Aproveite nosso modelo flex\u00edvel e inclua mais servi\u00e7os profissionais, atendendo \u00e0s necessidades dos seus clientes locais.   <a href=\"https:\/\/www.mbe-cr.com\/en\/pack-and-ship\/\"><\/a><\/p>\n\n\n\n<p class=\"more has-arrow has-contrast-2-color has-text-color has-link-color wp-elements-a02ed0e37d432808e78a11328ae8e721\"><strong>Saiba mais<\/strong><\/p>\n<\/div>\n<\/div>\n<\/div>\n\n\n\n<div class=\"wp-block-group alignfull polygon has-global-padding is-layout-constrained wp-block-group-is-layout-constrained\" style=\"padding-top:var(--wp--preset--spacing--30);padding-bottom:var(--wp--preset--spacing--30)\">\n<div class=\"wp-block-columns alignwide counter is-layout-flex wp-container-core-columns-is-layout-c5150b4a wp-block-columns-is-layout-flex\">\n<div class=\"wp-block-column is-layout-flow wp-container-core-column-is-layout-b108c007 wp-block-column-is-layout-flow\" style=\"padding-right:0;padding-left:0\">\n<p class=\"number has-contrast-3-color has-text-color has-link-color wp-elements-ca702ea177ff0cbba6cc0d369efe0ecc\" style=\"font-size:clamp(43.728px, 2.733rem + ((1vw - 3.2px) * 4.911), 84px);font-style:normal;font-weight:700;line-height:1\">30<\/p>\n\n\n\n<p style=\"margin-right:var(--wp--preset--spacing--20);font-size:clamp(14px, 0.875rem + ((1vw - 3.2px) * 0.732), 20px);\">Mais de 30 anos de experi\u00eancia em franquias<\/p>\n<\/div>\n\n\n\n<div class=\"wp-block-column is-layout-flow wp-container-core-column-is-layout-b108c007 wp-block-column-is-layout-flow\" style=\"padding-right:0;padding-left:0\">\n<p class=\"number has-contrast-3-color has-text-color has-link-color wp-elements-ebc1c5faa6a85664c9afb4a9554a5496\" style=\"font-size:clamp(43.728px, 2.733rem + ((1vw - 3.2px) * 4.911), 84px);font-style:normal;font-weight:700;line-height:1\">1800<\/p>\n\n\n\n<p style=\"margin-right:var(--wp--preset--spacing--20);font-size:clamp(14px, 0.875rem + ((1vw - 3.2px) * 0.732), 20px);\">Mais de 1800 unidades franqueadas<br>ao redor do mundo<\/p>\n<\/div>\n\n\n\n<div class=\"wp-block-column is-layout-flow wp-container-core-column-is-layout-b108c007 wp-block-column-is-layout-flow\" style=\"padding-right:0;padding-left:0\">\n<p class=\"number has-contrast-3-color has-text-color has-link-color wp-elements-532a2c6b507ac0b56c61455331b43ae5\" style=\"font-size:clamp(43.728px, 2.733rem + ((1vw - 3.2px) * 4.911), 84px);font-style:normal;font-weight:700;line-height:1\">45<\/p>\n\n\n\n<p style=\"margin-right:var(--wp--preset--spacing--20);font-size:clamp(14px, 0.875rem + ((1vw - 3.2px) * 0.732), 20px);\">45+ Pa\u00edses no mundo todo<\/p>\n<\/div>\n\n\n\n<div class=\"wp-block-column is-layout-flow wp-container-core-column-is-layout-b108c007 wp-block-column-is-layout-flow\" style=\"padding-right:0;padding-left:0\">\n<p class=\"number thousand has-contrast-3-color has-text-color has-link-color wp-elements-a787e6d7929c560953f17558e256b3b8\" style=\"font-size:clamp(41.65px, 2.603rem + ((1vw - 3.2px) * 4.555), 79px);font-style:normal;font-weight:700;line-height:1\">1100<\/p>\n\n\n\n<p style=\"font-size:clamp(14px, 0.875rem + ((1vw - 3.2px) * 0.732), 20px);\">Mais de 1,1 milh\u00e3o de clientes empresariais*<\/p>\n\n\n\n<p class=\"has-text-align-right has-text-color has-link-color wp-elements-283e49d55f14ff86cdff9a30ac97d845\" style=\"color:#777777;margin-top:var(--wp--preset--spacing--20);font-size:14px\">*MBE Worldwide SPA em 31 de dezembro de 2023<\/p>\n<\/div>\n<\/div>\n<\/div>\n\n\n\n<div class=\"wp-block-group alignwide cta has-global-padding is-layout-constrained wp-block-group-is-layout-constrained has-background\" style=\"padding-top:var(--wp--preset--spacing--30);padding-bottom:var(--wp--preset--spacing--30);background-image:url(&apos;https:\/\/mbefranchise.com\/wp-content\/uploads\/2024\/07\/path-to-mailbox-cust.svg&apos;);background-position:100% 0%;background-repeat:no-repeat;background-size:contain;\">\n<div class=\"wp-block-columns alignwide are-vertically-aligned-center is-layout-flex wp-container-core-columns-is-layout-28f84493 wp-block-columns-is-layout-flex\">\n<div class=\"wp-block-column is-vertically-aligned-center has-contrast-2-background-color has-background is-layout-flow wp-block-column-is-layout-flow\" style=\"padding-top:var(--wp--preset--spacing--30);padding-right:var(--wp--preset--spacing--30);padding-bottom:var(--wp--preset--spacing--30);padding-left:var(--wp--preset--spacing--30);flex-basis:55%\">\n<p class=\"has-text-align-left linebefore has-base-color has-text-color has-link-color wp-elements-51705a3fb87dab783f790ecf8123af41\" style=\"font-style:normal;font-weight:600;text-transform:uppercase\">A MASTER FRANQUIA<\/p>\n\n\n\n<h2 class=\"wp-block-heading has-base-color has-text-color has-link-color wp-elements-9fcb73e2ea86c20a63be62c1596b266c\">Aproveite de um sistema comprovado<\/h2>\n\n\n\n<p class=\"has-base-color has-text-color has-link-color wp-elements-4d776cba8f049b776a582e0bbb17c7f2\" style=\"font-size:clamp(14px, 0.875rem + ((1vw - 3.2px) * 0.488), 18px);\">Como um Franqueado Master, voc\u00ea ter\u00e1 o direito exclusivo de desenvolver uma rede de centros de servi\u00e7os MBE franqueados em seu territ\u00f3rio, oferecendo um ponto de atendimento \u00fanico para uma ampla gama de solu\u00e7\u00f5es empresariais, incluindo envio, impress\u00e3o, marketing e muito mais. Nosso suporte, treinamento e know-how, junto com seu conhecimento local, experi\u00eancia e esp\u00edrito empreendedor \u2013 uma combina\u00e7\u00e3o esperando para acontecer. <\/p>\n\n\n\n<div class=\"wp-block-buttons is-layout-flex wp-container-core-buttons-is-layout-8f37fa2e wp-block-buttons-is-layout-flex\">\n<div class=\"wp-block-button\"><a class=\"wp-block-button__link has-contrast-3-color has-base-background-color has-text-color has-background has-link-color has-text-align-right wp-element-button\" href=\"#apply\" style=\"border-radius:50px;padding-right:var(--wp--preset--spacing--30);padding-left:var(--wp--preset--spacing--30)\">Entre em contato<\/a><\/div>\n\n\n\n<div class=\"wp-block-button is-style-outline downlBtn is-style-outline--1\"><a class=\"wp-block-button__link has-base-color has-contrast-2-background-color has-text-color has-background has-link-color has-border-color has-base-border-color wp-element-button\" style=\"border-radius:50px;padding-right:var(--wp--preset--spacing--20);padding-left:var(--wp--preset--spacing--20)\">Descarregue o pacote de informa\u00e7\u00f5es da franquia<\/a><\/div>\n<\/div>\n<\/div>\n\n\n\n<div class=\"wp-block-column is-vertically-aligned-center is-layout-flow wp-block-column-is-layout-flow\" style=\"flex-basis:45%\">\n<figure class=\"wp-block-image size-full has-custom-border\"><img decoding=\"async\" width=\"356\" height=\"490\" src=\"https:\/\/mbefranchise.com\/wp-content\/uploads\/2024\/07\/mbe-employee-packing.webp\" alt=\"\" class=\"wp-image-11340\" style=\"border-radius:10px\" srcset=\"https:\/\/mbefranchise.com\/wp-content\/uploads\/2024\/07\/mbe-employee-packing.webp 356w, https:\/\/mbefranchise.com\/wp-content\/uploads\/2024\/07\/mbe-employee-packing-218x300.webp 218w\" sizes=\"(max-width: 356px) 100vw, 356px\" \/><\/figure>\n<\/div>\n<\/div>\n<\/div>\n\n\n\n<div class=\"wp-block-group alignwide has-global-padding is-layout-constrained wp-block-group-is-layout-constrained\" style=\"padding-top:var(--wp--preset--spacing--30);padding-bottom:var(--wp--preset--spacing--30)\">\n<p class=\"has-text-align-center linebefore has-contrast-3-color has-text-color has-link-color wp-elements-e21f68f77db9f395090493e18d88777b\" style=\"font-style:normal;font-weight:600;text-transform:uppercase\">MASTER FRANQUIA<\/p>\n\n\n\n<h2 class=\"wp-block-heading alignwide has-text-align-center\" style=\"margin-bottom:var(--wp--preset--spacing--30)\">Territ\u00f3rios Dispon\u00edveis da MBE<\/h2>\n\n\n\n<p class=\"has-text-align-center\" style=\"font-size:clamp(14px, 0.875rem + ((1vw - 3.2px) * 0.732), 20px);\">Seu pa\u00eds precisa desses servi\u00e7os? N\u00f3s acreditamos que sim. Verifique os territ\u00f3rios dispon\u00edveis.  <\/p>\n\n\n<div class=\"available\"><input type=\"text\" placeholder=\"Start typing...\"><div class=\"countries\">\n<span class=\"cont\">Europe<\/span>\n<span>Switzerland<\/span>\n<span>Slovakia<\/span>\n<span>Romania<\/span>\n<span>Turkey<\/span>\n<span>Israel<\/span>\n<span>Greece<\/span>\n<span>Norway<\/span>\n<span>Cyprus<\/span>\n<span>Denmark<\/span>\n<span>Finland<\/span>\n<span>Sweden<\/span>\n<span>Iceland<\/span>\n<span>Netherlands<\/span>\n<span>Georgia<\/span>\n<span>Azerbaijan<\/span>\n<span>Armenia<\/span>\n<span>Latvia<\/span>\n<span>Estonia<\/span>\n<span>Hungary<\/span>\n<span class=\"cont\">LATAM<\/span>\n<span>Brasil<\/span>\n<span>Bolivia<\/span>\n<span class=\"cont\">APAC<\/span>\n<span>China<\/span>\n<span>Macao<\/span>\n<span>India<\/span>\n<span>Japan<\/span>\n<span>Vietnam<\/span>\n<span>Thailand<\/span>\n<span>Singapore<\/span>\n<span>South Korea<\/span>\n<span>Taiwan<\/span>\n<span>Cambodia<\/span>\n<span>Indonesia<\/span>\n<span class=\"cont\">AFRICA<\/span>\n<span>Tunisia<\/span>\n<span>Gabon<\/span>\n<span>Egypt<\/span>\n<span>Nigeria<\/span>\n<span>Senegal<\/span>\n<span>C\u00f4te d'Ivoire<\/span>\n<span>Cameroon<\/span>\n<\/div><\/div>\n\n\n\n<div class=\"wp-block-columns alignwide mobilecenter is-layout-flex wp-container-core-columns-is-layout-28f84493 wp-block-columns-is-layout-flex\">\n<div class=\"wp-block-column is-vertically-aligned-center is-layout-flow wp-block-column-is-layout-flow\" style=\"flex-basis:60%\">\n<p class=\"has-text-align-right\" style=\"font-size:clamp(14px, 0.875rem + ((1vw - 3.2px) * 0.732), 20px);\">O pa\u00eds de seu interesse n\u00e3o est\u00e1 na lista? Entre em contato conosco agora.<\/p>\n<\/div>\n\n\n\n<div class=\"wp-block-column is-layout-flow wp-block-column-is-layout-flow\" style=\"flex-basis:40%\">\n<div class=\"wp-block-buttons is-layout-flex wp-container-core-buttons-is-layout-da267d74 wp-block-buttons-is-layout-flex\">\n<div class=\"wp-block-button is-style-fill\"><a class=\"wp-block-button__link has-base-color has-contrast-2-background-color has-text-color has-background has-link-color wp-element-button\" href=\"#apply\" style=\"border-radius:50px;padding-right:var(--wp--preset--spacing--30);padding-left:var(--wp--preset--spacing--30)\">CONTATE-NOS<\/a><\/div>\n<\/div>\n<\/div>\n<\/div>\n<\/div>\n\n\n\n<div class=\"wp-block-group alignfull polygon polygon2 has-global-padding is-layout-constrained wp-block-group-is-layout-constrained\" style=\"padding-top:var(--wp--preset--spacing--30);padding-bottom:var(--wp--preset--spacing--30)\">\n<p class=\"has-text-align-center linebefore has-contrast-3-color has-text-color has-link-color wp-elements-1bbd6bf38a17bdd2b57c35a508c1af90\" id=\"testimonials\" style=\"font-style:normal;font-weight:600;text-transform:uppercase\">Testimonials<\/p>\n\n\n\n<h2 class=\"wp-block-heading alignwide has-text-align-center\" style=\"margin-bottom:var(--wp--preset--spacing--30)\">Hist\u00f3rias Reais de Sucesso<\/h2>\n\n\n\n<div class=\"wp-block-columns alignwide videos is-layout-flex wp-container-core-columns-is-layout-28f84493 wp-block-columns-is-layout-flex\">\n<div class=\"wp-block-column sasavideo is-layout-flow wp-block-column-is-layout-flow\">\n<figure class=\"wp-block-image size-full has-custom-border\"><img decoding=\"async\" width=\"366\" height=\"206\" src=\"https:\/\/mbefranchise.com\/wp-content\/uploads\/2024\/07\/sasa-min.jpg\" alt=\"\" class=\"wp-image-11391\" style=\"border-radius:10px\" srcset=\"https:\/\/mbefranchise.com\/wp-content\/uploads\/2024\/07\/sasa-min.jpg 366w, https:\/\/mbefranchise.com\/wp-content\/uploads\/2024\/07\/sasa-min-300x169.jpg 300w\" sizes=\"(max-width: 366px) 100vw, 366px\" \/><\/figure>\n\n\n\n<p style=\"font-size:clamp(15.747px, 0.984rem + ((1vw - 3.2px) * 1.006), 24px);\"><strong>Sa\u0161a Cvetojevi\u0107<br\/><\/strong>Franqueado da Regi\u00e3o Adri\u00e1tica<\/p>\n\n\n\n<p class=\"play\"><a href=\"#\">Assista agora<\/a><\/p>\n<\/div>\n\n\n\n<div class=\"wp-block-column kennethvideo is-layout-flow wp-block-column-is-layout-flow\">\n<figure class=\"wp-block-image size-full has-custom-border\"><img decoding=\"async\" width=\"366\" height=\"206\" src=\"https:\/\/mbefranchise.com\/wp-content\/uploads\/2024\/08\/france-rev.jpg\" alt=\"\" class=\"wp-image-12046\" style=\"border-radius:10px\" srcset=\"https:\/\/mbefranchise.com\/wp-content\/uploads\/2024\/08\/france-rev.jpg 366w, https:\/\/mbefranchise.com\/wp-content\/uploads\/2024\/08\/france-rev-300x169.jpg 300w\" sizes=\"(max-width: 366px) 100vw, 366px\" \/><\/figure>\n\n\n\n<p style=\"font-size:clamp(15.747px, 0.984rem + ((1vw - 3.2px) * 1.006), 24px);\"><strong>MBE em A\u00e7\u00e3o<\/strong><br\/>Clientes Franceses Compartilham Suas Opini\u00f5es<\/p>\n\n\n\n<p class=\"play\"><a href=\"#\">Assista agora<\/a><\/p>\n<\/div>\n\n\n\n<div class=\"wp-block-column claytonvideo is-layout-flow wp-block-column-is-layout-flow\">\n<figure class=\"wp-block-image size-full has-custom-border\"><img decoding=\"async\" width=\"366\" height=\"206\" src=\"https:\/\/mbefranchise.com\/wp-content\/uploads\/2024\/09\/paolo-fiorelli.jpg\" alt=\"\" class=\"wp-image-12094\" style=\"border-radius:10px\" srcset=\"https:\/\/mbefranchise.com\/wp-content\/uploads\/2024\/09\/paolo-fiorelli.jpg 366w, https:\/\/mbefranchise.com\/wp-content\/uploads\/2024\/09\/paolo-fiorelli-300x169.jpg 300w\" sizes=\"(max-width: 366px) 100vw, 366px\" \/><\/figure>\n\n\n\n<p style=\"font-size:clamp(15.747px, 0.984rem + ((1vw - 3.2px) * 1.006), 24px);\"><strong>Paolo Fiorelli<\/strong><br\/>Presidente e CEO mundial da MBE<\/p>\n\n\n\n<p class=\"play\"><a href=\"#\">Assista agora<\/a><\/p>\n<\/div>\n<\/div>\n<\/div>\n\n\n\n<div class=\"wp-block-group alignwide blog has-global-padding is-layout-constrained wp-block-group-is-layout-constrained\" style=\"padding-top:var(--wp--preset--spacing--30);padding-bottom:var(--wp--preset--spacing--30)\">\n<p class=\"has-text-align-center linebefore has-contrast-3-color has-text-color has-link-color wp-elements-0f0f551e780f1a1e17355cfcc7f651e8\" style=\"font-style:normal;font-weight:600;text-transform:uppercase\">Blog<\/p>\n\n\n\n<h2 class=\"wp-block-heading alignwide has-text-align-center\" style=\"margin-bottom:var(--wp--preset--spacing--30)\">Leia as \u00faltimas novidades da Mail Boxes Etc.<\/h2>\n\n\n<ul class=\"wp-block-latest-posts__list is-grid columns-3 has-dates alignwide wp-block-latest-posts\"><\/ul><\/div>\n\n\n\n<div class=\"wp-block-group alignwide form has-global-padding is-layout-constrained wp-block-group-is-layout-constrained\" style=\"padding-top:var(--wp--preset--spacing--30);padding-bottom:var(--wp--preset--spacing--30)\">\n<p class=\"has-text-align-center linebefore has-contrast-3-color has-text-color has-link-color wp-elements-2be2c21b0665ad33e8b77a4883c37d19\" id=\"apply\" style=\"font-style:normal;font-weight:600;text-transform:uppercase\">CONTATE-NOS<\/p>\n\n\n\n\n<div class=\"hs-form-frame\" data-region=\"eu1\" data-form-id=\"9fe84554-9f3e-4de2-bfa3-0c13760f2b8b\" data-portal-id=\"144081496\"><\/div>\n<\/div>\n","protected":false},"excerpt":{"rendered":"<p>Como uma Rede de Empreendedores, entendemos as dificuldades di\u00e1rias das pequenas empresas. Oferecemos solu\u00e7\u00f5es personalizadas em embalagem, envio, microlog\u00edstica, impress\u00e3o e marketing para ajudar as PME a crescerem. Descubra por que investir na Master Franquia da Mail Boxes Etc. representa uma oportunidade excepcional. Assista ao nosso v\u00eddeo Empoderando Pequenas e M\u00e9dias Empresas Empoderando Pequenas e [&hellip;]<\/p>\n","protected":false},"author":1,"featured_media":0,"parent":0,"menu_order":0,"comment_status":"closed","ping_status":"closed","template":"","meta":{"_acf_changed":false,"content-type":"","footnotes":""},"class_list":["post-13485","page","type-page","status-publish","hentry"],"acf":[],"_links":{"self":[{"href":"https:\/\/mbefranchise.com\/pt-pt\/wp-json\/wp\/v2\/pages\/13485","targetHints":{"allow":["GET"]}}],"collection":[{"href":"https:\/\/mbefranchise.com\/pt-pt\/wp-json\/wp\/v2\/pages"}],"about":[{"href":"https:\/\/mbefranchise.com\/pt-pt\/wp-json\/wp\/v2\/types\/page"}],"author":[{"embeddable":true,"href":"https:\/\/mbefranchise.com\/pt-pt\/wp-json\/wp\/v2\/users\/1"}],"replies":[{"embeddable":true,"href":"https:\/\/mbefranchise.com\/pt-pt\/wp-json\/wp\/v2\/comments?post=13485"}],"version-history":[{"count":2,"href":"https:\/\/mbefranchise.com\/pt-pt\/wp-json\/wp\/v2\/pages\/13485\/revisions"}],"predecessor-version":[{"id":16827,"href":"https:\/\/mbefranchise.com\/pt-pt\/wp-json\/wp\/v2\/pages\/13485\/revisions\/16827"}],"wp:attachment":[{"href":"https:\/\/mbefranchise.com\/pt-pt\/wp-json\/wp\/v2\/media?parent=13485"}],"curies":[{"name":"wp","href":"https:\/\/api.w.org\/{rel}","templated":true}]}}