{"id":13763,"date":"2025-02-12T13:10:35","date_gmt":"2025-02-12T13:10:35","guid":{"rendered":"https:\/\/mbefranchise.com\/hakkimizda\/"},"modified":"2025-03-05T12:50:23","modified_gmt":"2025-03-05T12:50:23","slug":"hakkimizda","status":"publish","type":"page","link":"https:\/\/mbefranchise.com\/tr\/hakkimizda\/","title":{"rendered":"Hakk\u0131m\u0131zda"},"content":{"rendered":"\n<div class=\"wp-block-group alignfull hero has-global-padding is-layout-constrained wp-block-group-is-layout-constrained has-background\" style=\"margin-top:0;margin-bottom:0;padding-top:0;padding-bottom:0;background-image:url(&apos;https:\/\/mbefranchise.com\/wp-content\/uploads\/2024\/07\/mbe-2-copy-8-.webp&apos;);background-position:100% 50%;background-repeat:no-repeat;background-size:contain;\">\n<div class=\"wp-block-columns alignfull is-layout-flex wp-container-core-columns-is-layout-f1061711 wp-block-columns-is-layout-flex\" style=\"padding-right:var(--wp--preset--spacing--20);padding-left:var(--wp--preset--spacing--20)\">\n<div class=\"wp-block-column is-layout-flow wp-block-column-is-layout-flow\" style=\"padding-right:0;padding-left:0;flex-basis:100%\">\n<h1 class=\"wp-block-heading alignwide\">Mail Boxes Etc. Hakk\u0131nda<\/h1>\n\n\n\n<p style=\"margin-top:var(--wp--preset--spacing--30);margin-bottom:var(--wp--preset--spacing--30)\">1980 y\u0131l\u0131nda San Diego, California (ABD)\u2019de kurulan Mail Boxes Etc. (&#8220;MBE&#8221;), zamanla ticari ve bireysel m\u00fc\u015fterilere y\u00f6nelik perakende temelli kargo, lojistik, bask\u0131, pazarlama ve ileti\u015fim \u00e7\u00f6z\u00fcmleri sunan d\u00fcnyan\u0131n en b\u00fcy\u00fck uluslararas\u0131 franchise a\u011flar\u0131ndan biri haline gelmi\u015ftir.<br\/><strong>D\u00fcnyada 50&#8217;den fazla \u00fclkede 1800&#8217;den fazla MBE Hizmet Lokasyonu.<\/strong><\/p>\n<\/div>\n\n\n\n<div class=\"wp-block-column is-layout-flow wp-block-column-is-layout-flow\" style=\"flex-basis:100%\"><\/div>\n<\/div>\n<\/div>\n\n<div class=\"wp-block-group alignfull has-global-padding is-layout-constrained wp-block-group-is-layout-constrained\" style=\"padding-top:var(--wp--preset--spacing--30);padding-bottom:var(--wp--preset--spacing--30)\">\n<p class=\"has-text-align-center linebefore has-contrast-3-color has-text-color has-link-color wp-elements-c37a1616cea1cb63ef353d8b1823efb3\" style=\"font-style:normal;font-weight:600;text-transform:uppercase\">YILLAR BOYUNCA<\/p>\n\n\n\n<h2 class=\"wp-block-heading alignwide has-text-align-center\" style=\"margin-bottom:var(--wp--preset--spacing--30)\">D\u00f6n\u00fcm Noktalar\u0131m\u0131z<\/h2>\n\n\n\n<div class=\"wp-block-group alignwide timeline is-vertical is-content-justification-stretch is-layout-flex wp-container-core-group-is-layout-353c4f5a wp-block-group-is-layout-flex\">\n<div class=\"wp-block-columns are-vertically-aligned-center is-layout-flex wp-container-core-columns-is-layout-28f84493 wp-block-columns-is-layout-flex\">\n<div class=\"wp-block-column is-vertically-aligned-center is-layout-flow wp-block-column-is-layout-flow\">\n<h3 class=\"wp-block-heading\">2001&#8217;de<\/h3>\n\n\n\n<p>UPS Inc. \u015firketi Mail Boxes Etc.&#8217;yi sat\u0131n ald\u0131 ve 2003&#8217;te MBE A\u011f\u0131n\u0131 ABD ve Kanada&#8217;da &#8220;The UPS Store&#8221; markas\u0131yla yeniden yap\u0131land\u0131rmaya ba\u015flad\u0131.<\/p>\n<\/div>\n\n\n\n<div class=\"wp-block-column is-vertically-aligned-center is-layout-flow wp-block-column-is-layout-flow\"><\/div>\n<\/div>\n\n\n\n<div class=\"wp-block-columns are-vertically-aligned-center is-layout-flex wp-container-core-columns-is-layout-28f84493 wp-block-columns-is-layout-flex\">\n<div class=\"wp-block-column is-vertically-aligned-center is-layout-flow wp-block-column-is-layout-flow\"><\/div>\n\n\n\n<div class=\"wp-block-column is-vertically-aligned-center is-layout-flow wp-block-column-is-layout-flow\">\n<h3 class=\"wp-block-heading\">2009&#8217;da<\/h3>\n\n\n\n<p>MBE Worldwide S.p.A., d\u00fcnya genelindeki MBE hizmet merkezleri a\u011f\u0131n\u0131 (Kuzey Amerika&#8217;daki merkezler hari\u00e7) sat\u0131n ald\u0131. Bu s\u0131rada, 1993 y\u0131l\u0131nda Mail Boxes Etc.&#8217;nin \u0130talya, ard\u0131ndan \u0130spanya ve Almanya Master Lisans Sahibi olarak faaliyete ge\u00e7en, Milano merkezli bir aileye ait bir \u0130talyan holding haline geldi.  <\/p>\n<\/div>\n<\/div>\n\n\n\n<div class=\"wp-block-columns are-vertically-aligned-center is-layout-flex wp-container-core-columns-is-layout-28f84493 wp-block-columns-is-layout-flex\">\n<div class=\"wp-block-column is-vertically-aligned-center is-layout-flow wp-block-column-is-layout-flow\">\n<h3 class=\"wp-block-heading\">2017&#8217;de<\/h3>\n\n\n\n<p>2017&#8217;de MBE Worldwide ayr\u0131ca lojistik pazaryeri olan Spedingo&#8217;nun da b\u00fcy\u00fck hissedar\u0131 oldu. AlphaGraphics ve PostNet&#8217;in 2017\u2019de sat\u0131n al\u0131nmas\u0131yla birlikte, MBE&#8217;nin K\u00fcresel A\u011f\u0131 50&#8217;den fazla \u00fclkede yakla\u015f\u0131k 2.600 Hizmet Merkezine ula\u015ft\u0131. Bosna Hersek, H\u0131rvatistan, Kosova, Makedonya, Karada\u011f, S\u0131rbistan, Slovenya.<\/p>\n<\/div>\n\n\n\n<div class=\"wp-block-column is-vertically-aligned-center is-layout-flow wp-block-column-is-layout-flow\"><\/div>\n<\/div>\n\n\n\n<div class=\"wp-block-columns are-vertically-aligned-center is-layout-flex wp-container-core-columns-is-layout-28f84493 wp-block-columns-is-layout-flex\">\n<div class=\"wp-block-column is-vertically-aligned-center is-layout-flow wp-block-column-is-layout-flow\"><\/div>\n\n\n\n<div class=\"wp-block-column is-vertically-aligned-center is-layout-flow wp-block-column-is-layout-flow\">\n<h3 class=\"wp-block-heading\">2018&#8217;den Beri<\/h3>\n\n\n\n<p>Hong Kong, Romanya, Macaristan<\/p>\n<\/div>\n<\/div>\n\n\n\n<div class=\"wp-block-columns are-vertically-aligned-center is-layout-flex wp-container-core-columns-is-layout-28f84493 wp-block-columns-is-layout-flex\">\n<div class=\"wp-block-column is-vertically-aligned-center is-layout-flow wp-block-column-is-layout-flow\">\n<h3 class=\"wp-block-heading\">2021&#8217;de<\/h3>\n\n\n\n<p>MBE, PrestaShop, PACK &amp; SEND ve Multicopy&#8217;i sat\u0131n ald\u0131; MBE, \u0130ngiltere ve \u0130rlanda&#8217;da do\u011frudan bir varl\u0131k (DOC) kurdu. Bel\u00e7ika, Suudi Arabistan ve K\u00f6rfez B\u00f6lgesi \u00fclkeleri i\u00e7in Master Franchise anla\u015fmalar\u0131 sonu\u00e7land\u0131r\u0131ld\u0131.<\/p>\n\n\n\n<figure class=\"wp-block-gallery aligncenter has-nested-images columns-default wp-block-gallery-1 is-layout-flex wp-block-gallery-is-layout-flex\">\n<figure class=\"wp-block-image size-full\"><img decoding=\"async\" width=\"239\" height=\"43\" data-id=\"3411\" src=\"https:\/\/mbefranchise.com\/wp-content\/uploads\/2022\/05\/prestashop-logo-min.png\" alt=\"\" class=\"wp-image-3411\"\/><\/figure>\n\n\n\n<figure class=\"wp-block-image size-full\"><img decoding=\"async\" width=\"201\" height=\"44\" data-id=\"3413\" src=\"https:\/\/mbefranchise.com\/wp-content\/uploads\/2022\/05\/packsend-logo-min.png\" alt=\"pack send logo\" class=\"wp-image-3413\"\/><\/figure>\n\n\n\n<figure class=\"wp-block-image size-large\"><img decoding=\"async\" width=\"137\" height=\"62\" data-id=\"3409\" src=\"https:\/\/mbefranchise.com\/wp-content\/uploads\/2022\/05\/multicopy-logo-min.png\" alt=\"Multicopy logo\" class=\"wp-image-3409\"\/><\/figure>\n<\/figure>\n<\/div>\n\n\n\n<div class=\"wp-block-column is-vertically-aligned-center is-layout-flow wp-block-column-is-layout-flow\"><\/div>\n<\/div>\n\n\n\n<div class=\"wp-block-columns are-vertically-aligned-center is-layout-flex wp-container-core-columns-is-layout-28f84493 wp-block-columns-is-layout-flex\">\n<div class=\"wp-block-column is-vertically-aligned-center is-layout-flow wp-block-column-is-layout-flow\"><\/div>\n\n\n\n<div class=\"wp-block-column is-vertically-aligned-center is-layout-flow wp-block-column-is-layout-flow\">\n<h3 class=\"wp-block-heading\">2022&#8217;de<\/h3>\n\n\n\n<p>MBE GEL Proximity ve WORLD OPTIONS&#8217;u sat\u0131n ald\u0131. <br\/>Fas, Kolombiya, Ekvador.<\/p>\n\n\n\n<figure class=\"wp-block-gallery alignleft has-nested-images columns-default galleryfix wp-block-gallery-2 is-layout-flex wp-block-gallery-is-layout-flex\">\n<figure class=\"wp-block-image alignleft size-full\"><img decoding=\"async\" width=\"78\" height=\"41\" data-id=\"11464\" src=\"https:\/\/mbefranchise.com\/wp-content\/uploads\/2024\/07\/gel-proximity-for-woocommerce.png\" alt=\"\" class=\"wp-image-11464\"\/><\/figure>\n\n\n\n<figure class=\"wp-block-image alignleft size-full\"><img decoding=\"async\" width=\"181\" height=\"51\" data-id=\"11456\" src=\"https:\/\/mbefranchise.com\/wp-content\/uploads\/2024\/07\/world-optios-uk-secondary-logo-colour-transparent.png\" alt=\"\" class=\"wp-image-11456\"\/><\/figure>\n<\/figure>\n<\/div>\n<\/div>\n\n\n\n<div class=\"wp-block-columns are-vertically-aligned-center is-layout-flex wp-container-core-columns-is-layout-28f84493 wp-block-columns-is-layout-flex\">\n<div class=\"wp-block-column is-vertically-aligned-center is-layout-flow wp-block-column-is-layout-flow\">\n<h3 class=\"wp-block-heading\">2023&#8217;de<\/h3>\n\n\n\n<p>MBE, eski Master Lisans Sahiplerinden PACK &amp; SEND UK&#8217;i sat\u0131n ald\u0131. Malta, Paraguay, Uruguay ve Yeni Delhi (Hindistan)<\/p>\n<\/div>\n\n\n\n<div class=\"wp-block-column is-vertically-aligned-center is-layout-flow wp-block-column-is-layout-flow\"><\/div>\n<\/div>\n\n\n\n<div class=\"line\"><span class=\"redline\"><\/span><\/div>\n<\/div>\n<\/div>\n\n<div class=\"wp-block-group alignfull polygon has-global-padding is-layout-constrained wp-block-group-is-layout-constrained\" style=\"padding-top:var(--wp--preset--spacing--30);padding-bottom:var(--wp--preset--spacing--30)\">\n<p class=\"has-text-align-center linebefore has-contrast-3-color has-text-color has-link-color wp-elements-b8da391f62d3284729254a1ab4d8bc36\" style=\"font-style:normal;font-weight:600;text-transform:uppercase\">GLOBAL RAKAMLAR<\/p>\n\n\n\n<h2 class=\"wp-block-heading alignwide has-text-align-center\" style=\"margin-bottom:var(--wp--preset--spacing--30)\">Rakamlarla MBE Worldwide Group<\/h2>\n\n\n\n<div class=\"wp-block-columns alignwide counter is-layout-flex wp-container-core-columns-is-layout-c5150b4a wp-block-columns-is-layout-flex\">\n<div class=\"wp-block-column is-layout-flow wp-container-core-column-is-layout-b108c007 wp-block-column-is-layout-flow\" style=\"padding-right:0;padding-left:0\">\n<p class=\"number has-contrast-3-color has-text-color has-link-color wp-elements-ca702ea177ff0cbba6cc0d369efe0ecc\" style=\"font-size:clamp(43.728px, 2.733rem + ((1vw - 3.2px) * 4.911), 84px);font-style:normal;font-weight:700;line-height:1\">30<\/p>\n\n\n\n<p style=\"margin-right:var(--wp--preset--spacing--20);font-size:clamp(14px, 0.875rem + ((1vw - 3.2px) * 0.732), 20px);\">30+ Y\u0131ll\u0131k franchising deneyimi<\/p>\n<\/div>\n\n\n\n<div class=\"wp-block-column is-layout-flow wp-container-core-column-is-layout-b108c007 wp-block-column-is-layout-flow\" style=\"padding-right:0;padding-left:0\">\n<p class=\"number has-contrast-3-color has-text-color has-link-color wp-elements-ebc1c5faa6a85664c9afb4a9554a5496\" style=\"font-size:clamp(43.728px, 2.733rem + ((1vw - 3.2px) * 4.911), 84px);font-style:normal;font-weight:700;line-height:1\">1800<\/p>\n\n\n\n<p style=\"margin-right:var(--wp--preset--spacing--20);font-size:clamp(14px, 0.875rem + ((1vw - 3.2px) * 0.732), 20px);\">1800+ D\u00fcnya \u00e7ap\u0131nda bireysel franchise lokasyonu <br\/><br\/><\/p>\n<\/div>\n\n\n\n<div class=\"wp-block-column is-layout-flow wp-container-core-column-is-layout-b108c007 wp-block-column-is-layout-flow\" style=\"padding-right:0;padding-left:0\">\n<p class=\"number has-contrast-3-color has-text-color has-link-color wp-elements-532a2c6b507ac0b56c61455331b43ae5\" style=\"font-size:clamp(43.728px, 2.733rem + ((1vw - 3.2px) * 4.911), 84px);font-style:normal;font-weight:700;line-height:1\">45<\/p>\n\n\n\n<p style=\"margin-right:var(--wp--preset--spacing--20);font-size:clamp(14px, 0.875rem + ((1vw - 3.2px) * 0.732), 20px);\">45+ \u00dclke<\/p>\n<\/div>\n\n\n\n<div class=\"wp-block-column is-layout-flow wp-container-core-column-is-layout-b108c007 wp-block-column-is-layout-flow\" style=\"padding-right:0;padding-left:0\">\n<p class=\"number thousand has-contrast-3-color has-text-color has-link-color wp-elements-a787e6d7929c560953f17558e256b3b8\" style=\"font-size:clamp(41.65px, 2.603rem + ((1vw - 3.2px) * 4.555), 79px);font-style:normal;font-weight:700;line-height:1\">1100<\/p>\n\n\n\n<p style=\"font-size:clamp(14px, 0.875rem + ((1vw - 3.2px) * 0.732), 20px);\">1100K+ Kurumsal m\u00fc\u015fteri<\/p>\n\n\n\n<p class=\"has-text-align-right has-text-color has-link-color wp-elements-56fb3da0076ab17b02c27456620cba51\" style=\"color:#777777;margin-top:var(--wp--preset--spacing--20);font-size:14px\">*MBE Worldwide SPA 31 Aral\u0131k 2023 itibariyle<\/p>\n<\/div>\n<\/div>\n<\/div>\n\n<div class=\"wp-block-group alignfull ctaline has-global-padding is-layout-constrained wp-block-group-is-layout-constrained\" style=\"margin-top:var(--wp--preset--spacing--30);margin-bottom:var(--wp--preset--spacing--30);padding-top:var(--wp--preset--spacing--30);padding-bottom:var(--wp--preset--spacing--30)\">\n<div class=\"wp-block-columns alignwide is-layout-flex wp-container-core-columns-is-layout-28f84493 wp-block-columns-is-layout-flex\">\n<div class=\"wp-block-column is-layout-flow wp-block-column-is-layout-flow\">\n<p class=\"has-medium-font-size\">Bro\u015f\u00fcr\u00fcm\u00fczden detayl\u0131 bilgi al\u0131n<\/p>\n\n\n\n<div class=\"wp-block-buttons is-layout-flex wp-block-buttons-is-layout-flex\">\n<div class=\"wp-block-button downlBtn\"><a class=\"wp-block-button__link wp-element-button\">\u015eimdi indir<\/a><\/div>\n<\/div>\n<\/div>\n\n\n\n<div class=\"wp-block-column is-layout-flow wp-block-column-is-layout-flow\">\n<p class=\"has-medium-font-size\">Ba\u015flamaya haz\u0131r m\u0131s\u0131n\u0131z?<\/p>\n\n\n\n<div class=\"wp-block-buttons is-layout-flex wp-block-buttons-is-layout-flex\">\n<div class=\"wp-block-button\"><a class=\"wp-block-button__link wp-element-button\" href=\"https:\/\/mbefranchise.com\/#apply\">\u015eimdi ba\u015fvur<\/a><\/div>\n<\/div>\n<\/div>\n<\/div>\n<\/div>\n\n<div class=\"wp-block-group alignfull has-global-padding is-layout-constrained wp-block-group-is-layout-constrained\" style=\"padding-top:var(--wp--preset--spacing--30);padding-bottom:var(--wp--preset--spacing--30)\">\n<p class=\"has-text-align-center linebefore has-contrast-3-color has-text-color has-link-color wp-elements-ca810622d89e59cadfd9092afbb172f7\" style=\"font-style:normal;font-weight:600;text-transform:uppercase\">TANI\u015eALIM<\/p>\n\n\n\n<h2 class=\"wp-block-heading alignwide has-text-align-center\" style=\"margin-bottom:var(--wp--preset--spacing--30)\">Rehber Ekibiniz<\/h2>\n\n\n\n<div class=\"wp-block-columns alignwide is-not-stacked-on-mobile team is-layout-flex wp-container-core-columns-is-layout-28f84493 wp-block-columns-is-layout-flex\">\n<div class=\"wp-block-column is-layout-flow wp-block-column-is-layout-flow\">\n<figure class=\"wp-block-image size-full\"><img decoding=\"async\" width=\"316\" height=\"429\" src=\"https:\/\/mbefranchise.com\/wp-content\/uploads\/2022\/12\/giuseppe-2.jpg\" alt=\"\" class=\"wp-image-5815\" srcset=\"https:\/\/mbefranchise.com\/wp-content\/uploads\/2022\/12\/giuseppe-2.jpg 316w, https:\/\/mbefranchise.com\/wp-content\/uploads\/2022\/12\/giuseppe-2-221x300.jpg 221w\" sizes=\"(max-width: 316px) 100vw, 316px\" \/><\/figure>\n\n\n\n<p class=\"has-text-align-center\" style=\"font-size:clamp(15.747px, 0.984rem + ((1vw - 3.2px) * 1.006), 24px);\"><strong>Giuseppe Bergonzi<\/strong><\/p>\n\n\n\n<p class=\"has-text-align-center\" style=\"font-size:clamp(14px, 0.875rem + ((1vw - 3.2px) * 0.488), 18px);\">MBE Worldwide B\u00f6lge Direkt\u00f6r\u00fc<\/p>\n\n\n\n<p class=\"has-text-align-center has-text-color has-link-color wp-elements-c436f75c4cce87e77602fa19537c5201\" style=\"color:#777777\">Global<\/p>\n<\/div>\n\n\n\n<div class=\"wp-block-column is-layout-flow wp-block-column-is-layout-flow\">\n<figure class=\"wp-block-image size-full\"><img decoding=\"async\" width=\"316\" height=\"474\" src=\"https:\/\/mbefranchise.com\/wp-content\/uploads\/2021\/02\/maria.jpg\" alt=\"MBE &#xC7;al&#x131;&#x15F;an&#x131;\" class=\"wp-image-229\" srcset=\"https:\/\/mbefranchise.com\/wp-content\/uploads\/2021\/02\/maria.jpg 316w, https:\/\/mbefranchise.com\/wp-content\/uploads\/2021\/02\/maria-200x300.jpg 200w\" sizes=\"(max-width: 316px) 100vw, 316px\" \/><\/figure>\n\n\n\n<p class=\"has-text-align-center\" style=\"font-size:clamp(15.747px, 0.984rem + ((1vw - 3.2px) * 1.006), 24px);\"><strong>Maria Ilicheva<\/strong><\/p>\n\n\n\n<p class=\"has-text-align-center\" style=\"font-size:clamp(14px, 0.875rem + ((1vw - 3.2px) * 0.488), 18px);\">Uluslararas\u0131 Geli\u015fim Y\u00f6neticisi<\/p>\n\n\n\n<p class=\"has-text-align-center has-text-color has-link-color wp-elements-d5872e336bc00c045c4cddd7e2009baa\" style=\"color:#777777\">Avrupa ve \u0130srail, CIS<\/p>\n\n\n\n<p class=\"has-text-align-center\"><a href=\"https:\/\/meetings-eu1.hubspot.com\/mariia-ilicheva\/mail-boxes-etc?uuid=2e3bde48-1ac7-4d2f-9f61-8aacecba078e\" target=\"_blank\" rel=\"noreferrer noopener nofollow\">Arama planlay\u0131n<\/a><\/p>\n<\/div>\n\n\n\n<div class=\"wp-block-column is-layout-flow wp-block-column-is-layout-flow\">\n<figure class=\"wp-block-image size-full\"><img decoding=\"async\" width=\"314\" height=\"469\" src=\"https:\/\/mbefranchise.com\/wp-content\/uploads\/2021\/02\/iliess-1.jpg\" alt=\"MBE &#xC7;al&#x131;&#x15F;an&#x131;\" class=\"wp-image-236\" srcset=\"https:\/\/mbefranchise.com\/wp-content\/uploads\/2021\/02\/iliess-1.jpg 314w, https:\/\/mbefranchise.com\/wp-content\/uploads\/2021\/02\/iliess-1-201x300.jpg 201w\" sizes=\"(max-width: 314px) 100vw, 314px\" \/><\/figure>\n\n\n\n<p class=\"has-text-align-center\" style=\"font-size:clamp(15.747px, 0.984rem + ((1vw - 3.2px) * 1.006), 24px);\"><strong>Iliess Ayad<\/strong><\/p>\n\n\n\n<p class=\"has-text-align-center\" style=\"font-size:clamp(14px, 0.875rem + ((1vw - 3.2px) * 0.488), 18px);\">Uluslararas\u0131 Geli\u015fim Y\u00f6neticisi<\/p>\n\n\n\n<p class=\"has-text-align-center has-text-color has-link-color wp-elements-2d4fde062fb865d38179f713748d5d41\" style=\"color:#777777\">Afrika, Hindistan ve T\u00fcrkiye<\/p>\n\n\n\n<p class=\"has-text-align-center\"><a href=\"https:\/\/meetings-eu1.hubspot.com\/mbe\/15-minutes-meeting-with-iliess-?uuid=f8036ac0-8644-4b8c-8f08-307702497751\" target=\"_blank\" rel=\"noreferrer noopener nofollow\">Arama planlay\u0131n<\/a><\/p>\n<\/div>\n\n\n\n<div class=\"wp-block-column is-layout-flow wp-block-column-is-layout-flow\">\n<figure class=\"wp-block-image size-full\"><img decoding=\"async\" width=\"316\" height=\"474\" src=\"https:\/\/mbefranchise.com\/wp-content\/uploads\/2021\/10\/cesar.jpg\" alt=\"MBE representative\" class=\"wp-image-1969\" srcset=\"https:\/\/mbefranchise.com\/wp-content\/uploads\/2021\/10\/cesar.jpg 316w, https:\/\/mbefranchise.com\/wp-content\/uploads\/2021\/10\/cesar-200x300.jpg 200w\" sizes=\"(max-width: 316px) 100vw, 316px\" \/><\/figure>\n\n\n\n<p class=\"has-text-align-center\" style=\"font-size:clamp(15.747px, 0.984rem + ((1vw - 3.2px) * 1.006), 24px);\"><strong>Cesar Bergamo<\/strong><\/p>\n\n\n\n<p class=\"has-text-align-center\" style=\"font-size:clamp(14px, 0.875rem + ((1vw - 3.2px) * 0.488), 18px);\">\u0130\u015f Geli\u015ftiricisi<\/p>\n\n\n\n<p class=\"has-text-align-center has-text-color has-link-color wp-elements-31ff760b1d037015478b0d4343ca1c86\" style=\"color:#777777\">G\u00fcney Amerika<\/p>\n<\/div>\n\n\n\n<div class=\"wp-block-column is-layout-flow wp-block-column-is-layout-flow\">\n<figure class=\"wp-block-image size-full\"><img decoding=\"async\" width=\"416\" height=\"474\" src=\"https:\/\/mbefranchise.com\/wp-content\/uploads\/2022\/12\/MBE-Potrait-Ruonan.jpg\" alt=\"\" class=\"wp-image-5791\" srcset=\"https:\/\/mbefranchise.com\/wp-content\/uploads\/2022\/12\/MBE-Potrait-Ruonan.jpg 416w, https:\/\/mbefranchise.com\/wp-content\/uploads\/2022\/12\/MBE-Potrait-Ruonan-263x300.jpg 263w\" sizes=\"(max-width: 416px) 100vw, 416px\" \/><\/figure>\n\n\n\n<p class=\"has-text-align-center\" style=\"font-size:clamp(15.747px, 0.984rem + ((1vw - 3.2px) * 1.006), 24px);\"><strong>Ruonan Chen<\/strong><\/p>\n\n\n\n<p class=\"has-text-align-center\" style=\"font-size:clamp(14px, 0.875rem + ((1vw - 3.2px) * 0.488), 18px);\">\u0130\u015f Geli\u015ftiricisi<\/p>\n\n\n\n<p class=\"has-text-align-center has-text-color has-link-color wp-elements-de30c7b5fbfd897cbf0494d78b61370d\" style=\"color:#777777\">Asya<\/p>\n\n\n\n<p class=\"has-text-align-center\"><a href=\"https:\/\/meetings-eu1.hubspot.com\/ruonan\" target=\"_blank\" rel=\"noreferrer noopener nofollow\">Arama planlay\u0131n<\/a><\/p>\n<\/div>\n\n\n\n<div class=\"wp-block-column is-layout-flow wp-block-column-is-layout-flow\">\n<figure class=\"wp-block-image size-full\"><img decoding=\"async\" width=\"330\" height=\"350\" src=\"https:\/\/mbefranchise.com\/wp-content\/uploads\/2024\/08\/pawan-kim.jpeg\" alt=\"\" class=\"wp-image-12033\" srcset=\"https:\/\/mbefranchise.com\/wp-content\/uploads\/2024\/08\/pawan-kim.jpeg 330w, https:\/\/mbefranchise.com\/wp-content\/uploads\/2024\/08\/pawan-kim-283x300.jpeg 283w\" sizes=\"(max-width: 330px) 100vw, 330px\" \/><\/figure>\n\n\n\n<p class=\"has-text-align-center\" style=\"font-size:clamp(15.747px, 0.984rem + ((1vw - 3.2px) * 1.006), 24px);\"><strong><strong><strong>Pawan Kim<\/strong><\/strong><\/strong><\/p>\n\n\n\n<p class=\"has-text-align-center\" style=\"font-size:clamp(14px, 0.875rem + ((1vw - 3.2px) * 0.488), 18px);\">\u0130\u015f Geli\u015ftiricisi<\/p>\n\n\n\n<p class=\"has-text-align-center has-text-color has-link-color wp-elements-b7bf2d19077acc6b77ab8ea00ce2ee27\" style=\"color:#777777\">G\u00fcney Kore, Vietnam ve Hindistan Gujarat Eyaleti<\/p>\n\n\n\n<p class=\"has-text-align-center\"><a href=\"https:\/\/meetings-eu1.hubspot.com\/pawan-kim\/mlcall\" target=\"_blank\" rel=\"noreferrer noopener nofollow\">Arama planlay\u0131n<\/a><\/p>\n<\/div>\n<\/div>\n<\/div>\n\n<div class=\"wp-block-group alignfull polygon polygon2 has-global-padding is-layout-constrained wp-block-group-is-layout-constrained\" style=\"padding-top:var(--wp--preset--spacing--30);padding-bottom:var(--wp--preset--spacing--30)\">\n<p class=\"has-text-align-center linebefore has-contrast-3-color has-text-color has-link-color wp-elements-509e632722ff068ab24e680453861fb1\" id=\"testimonials\" style=\"font-style:normal;font-weight:600;text-transform:uppercase\">G\u00d6R\u00dc\u015eLER<\/p>\n\n\n\n<h2 class=\"wp-block-heading alignwide has-text-align-center\" style=\"margin-bottom:var(--wp--preset--spacing--30)\">Ger\u00e7ek Ba\u015far\u0131 Hikayeleri<\/h2>\n\n\n\n<div class=\"wp-block-columns alignwide videos is-layout-flex wp-container-core-columns-is-layout-28f84493 wp-block-columns-is-layout-flex\">\n<div class=\"wp-block-column sasavideo is-layout-flow wp-block-column-is-layout-flow\">\n<figure class=\"wp-block-image size-large has-custom-border\"><img decoding=\"async\" src=\"\/wp-content\/uploads\/2024\/07\/sasa-min.jpg\" alt=\"\" style=\"border-radius:10px\"\/><\/figure>\n\n\n\n<p style=\"font-size:clamp(15.747px, 0.984rem + ((1vw - 3.2px) * 1.006), 24px);\"><strong>Sa\u0161a Cvetojevi\u0107<br\/><\/strong>Adriyatik B\u00f6lgesi Franchise Sahibi<\/p>\n\n\n\n<p class=\"play\"><a href=\"#\">\u015eimdi izle<\/a><\/p>\n<\/div>\n\n\n\n<div class=\"wp-block-column kennethvideo is-layout-flow wp-block-column-is-layout-flow\">\n<figure class=\"wp-block-image size-large has-custom-border\"><img decoding=\"async\" src=\"\/wp-content\/uploads\/2024\/08\/france-rev.jpg\" alt=\"\" style=\"border-radius:10px\"\/><\/figure>\n\n\n\n<p style=\"font-size:clamp(15.747px, 0.984rem + ((1vw - 3.2px) * 1.006), 24px);\"><strong>MBE Faaliyetleri Frans\u0131z<\/strong> M\u00fc\u015fteriler Fikirlerini Payla\u015f\u0131yor<\/p>\n\n\n\n<p class=\"play\"><a href=\"#\">\u015eimdi izle<\/a><\/p>\n<\/div>\n\n\n\n<div class=\"wp-block-column claytonvideo is-layout-flow wp-block-column-is-layout-flow\">\n<figure class=\"wp-block-image size-large has-custom-border\"><img decoding=\"async\" src=\"\/wp-content\/uploads\/2024\/09\/paolo-fiorelli.jpg\" alt=\"\" style=\"border-radius:10px\"\/><\/figure>\n\n\n\n<p style=\"font-size:clamp(15.747px, 0.984rem + ((1vw - 3.2px) * 1.006), 24px);\"><strong>Paolo Fiorelli<\/strong><br\/>MBE Worldwide Y\u00f6netim Kurulu Ba\u015fkan\u0131 ve CEO<\/p>\n\n\n\n<p class=\"play\"><a href=\"#\">\u015eimdi izle<\/a><\/p>\n<\/div>\n<\/div>\n<\/div>\n\n<p><\/p>\n","protected":false},"excerpt":{"rendered":"<p>Mail Boxes Etc. Hakk\u0131nda 1980 y\u0131l\u0131nda San Diego, California (ABD)\u2019de kurulan Mail Boxes Etc. (&#8220;MBE&#8221;), zamanla ticari ve bireysel m\u00fc\u015fterilere y\u00f6nelik perakende temelli kargo, lojistik, bask\u0131, pazarlama ve ileti\u015fim \u00e7\u00f6z\u00fcmleri sunan d\u00fcnyan\u0131n en b\u00fcy\u00fck uluslararas\u0131 franchise a\u011flar\u0131ndan biri haline gelmi\u015ftir.D\u00fcnyada 50&#8217;den fazla \u00fclkede 1800&#8217;den fazla MBE Hizmet Lokasyonu. YILLAR BOYUNCA D\u00f6n\u00fcm Noktalar\u0131m\u0131z 2001&#8217;de UPS Inc. [&hellip;]<\/p>\n","protected":false},"author":1,"featured_media":0,"parent":0,"menu_order":0,"comment_status":"closed","ping_status":"closed","template":"","meta":{"_acf_changed":false,"content-type":"","footnotes":""},"class_list":["post-13763","page","type-page","status-publish","hentry"],"acf":[],"_links":{"self":[{"href":"https:\/\/mbefranchise.com\/tr\/wp-json\/wp\/v2\/pages\/13763","targetHints":{"allow":["GET"]}}],"collection":[{"href":"https:\/\/mbefranchise.com\/tr\/wp-json\/wp\/v2\/pages"}],"about":[{"href":"https:\/\/mbefranchise.com\/tr\/wp-json\/wp\/v2\/types\/page"}],"author":[{"embeddable":true,"href":"https:\/\/mbefranchise.com\/tr\/wp-json\/wp\/v2\/users\/1"}],"replies":[{"embeddable":true,"href":"https:\/\/mbefranchise.com\/tr\/wp-json\/wp\/v2\/comments?post=13763"}],"version-history":[{"count":2,"href":"https:\/\/mbefranchise.com\/tr\/wp-json\/wp\/v2\/pages\/13763\/revisions"}],"predecessor-version":[{"id":14283,"href":"https:\/\/mbefranchise.com\/tr\/wp-json\/wp\/v2\/pages\/13763\/revisions\/14283"}],"wp:attachment":[{"href":"https:\/\/mbefranchise.com\/tr\/wp-json\/wp\/v2\/media?parent=13763"}],"curies":[{"name":"wp","href":"https:\/\/api.w.org\/{rel}","templated":true}]}}