{"id":13881,"date":"2025-02-12T13:54:02","date_gmt":"2025-02-12T13:54:02","guid":{"rendered":"https:\/\/mbefranchise.com\/gorusler\/"},"modified":"2025-12-17T14:21:19","modified_gmt":"2025-12-17T14:21:19","slug":"gorusler","status":"publish","type":"page","link":"https:\/\/mbefranchise.com\/tr\/gorusler\/","title":{"rendered":"G\u00f6r\u00fc\u015fler"},"content":{"rendered":"\n<div class=\"wp-block-group alignfull hero has-global-padding is-layout-constrained wp-block-group-is-layout-constrained has-background\" style=\"margin-top:0;margin-bottom:0;background-image:url(&apos;https:\/\/mbefranchise.com\/wp-content\/uploads\/2024\/07\/franchising.webp&apos;);background-position:100% 50%;background-repeat:no-repeat;background-size:contain;\">\n<div class=\"wp-block-columns alignwide is-layout-flex wp-container-core-columns-is-layout-f1061711 wp-block-columns-is-layout-flex\" style=\"padding-right:var(--wp--preset--spacing--20);padding-left:var(--wp--preset--spacing--20)\">\n<div class=\"wp-block-column is-layout-flow wp-block-column-is-layout-flow\" style=\"padding-right:0;padding-left:0;flex-basis:100%\">\n<h1 class=\"wp-block-heading alignwide\">Hikayelerimiz<\/h1>\n\n\n\n<p style=\"margin-top:var(--wp--preset--spacing--30);margin-bottom:var(--wp--preset--spacing--30)\">MBE A\u011f\u0131&#8217;n\u0131n tutkusu \u00fcyelerinden g\u00fc\u00e7 al\u0131r. Ama siz sadece bizim s\u00f6z\u00fcm\u00fcze kanmay\u0131n\u2026 MBE Giri\u015fimcilerimizle tan\u0131\u015f\u0131n.  <\/p>\n<\/div>\n\n\n\n<div class=\"wp-block-column is-layout-flow wp-block-column-is-layout-flow\" style=\"flex-basis:100%\"><\/div>\n<\/div>\n<\/div>\n\n\n\n<div class=\"wp-block-group alignfull polygon polygon2 has-global-padding is-layout-constrained wp-block-group-is-layout-constrained\" style=\"padding-top:var(--wp--preset--spacing--30);padding-bottom:var(--wp--preset--spacing--30)\">\n<p class=\"has-text-align-center linebefore has-contrast-3-color has-text-color has-link-color wp-elements-7addc24e082b4c46d7ec3924a10dad63\" id=\"testimonials\" style=\"font-style:normal;font-weight:600;text-transform:uppercase\">G\u00f6r\u00fc\u015fler<\/p>\n\n\n\n<h2 class=\"wp-block-heading alignwide has-text-align-center\" style=\"margin-bottom:var(--wp--preset--spacing--30)\">Ger\u00e7ek Ba\u015far\u0131 Hikayeleri<\/h2>\n\n\n\n<div class=\"wp-block-columns alignwide are-vertically-aligned-center stories is-layout-flex wp-container-core-columns-is-layout-63c0096e wp-block-columns-is-layout-flex\" style=\"margin-top:0;margin-bottom:0;padding-top:0;padding-right:0;padding-bottom:0;padding-left:0\">\n<div class=\"wp-block-column is-vertically-aligned-center is-layout-flow wp-block-column-is-layout-flow\">\n<p class=\"cite has-large-font-size\" style=\"line-height:1.2\"><strong>M\u00fc\u015fteri odakl\u0131 olun. M\u00fc\u015fteriler i\u00e7in do\u011fru olan\u0131 yapmaya odaklan\u0131rsan\u0131z, t\u00fcm kap\u0131lar a\u00e7\u0131l\u0131r. <\/strong><\/p>\n\n\n\n<p class=\"has-medium-font-size\">Venezuela&#8217;da do\u011fup b\u00fcy\u00fcyen Kenneth, MBE Konseptini ABD&#8217;de e\u011fitim g\u00f6r\u00fcrken ke\u015ffetti. K\u00fcresel bir dan\u0131\u015fmanl\u0131k \u015firketinde 2 y\u0131l \u00e7al\u0131\u015ft\u0131ktan sonra, Venezuela ve Meksika&#8217;da MBE&#8217;yi kurmaya karar verdi. Kenneth&#8217;in kariyer yolculu\u011funu ve gelecekteki planlar\u0131n\u0131 g\u00f6rmek i\u00e7in videoyu izleyin.  <\/p>\n<\/div>\n\n\n\n<div class=\"wp-block-column is-vertically-aligned-center is-layout-flow wp-block-column-is-layout-flow\">\n<figure class=\"wp-block-embed is-type-video is-provider-youtube wp-block-embed-youtube wp-embed-aspect-16-9 wp-has-aspect-ratio\"><div class=\"wp-block-embed__wrapper\">\n<iframe title=\"MBE Master Franchisee Mexico and Venezuela: Kenneth Landau\" width=\"500\" height=\"281\" src=\"https:\/\/www.youtube.com\/embed\/uZRIVJTzthI?feature=oembed\" frameborder=\"0\" allow=\"accelerometer; autoplay; clipboard-write; encrypted-media; gyroscope; picture-in-picture; web-share\" referrerpolicy=\"strict-origin-when-cross-origin\" allowfullscreen><\/iframe>\n<\/div><\/figure>\n<\/div>\n<\/div>\n\n\n\n<div class=\"wp-block-columns alignwide stories is-layout-flex wp-container-core-columns-is-layout-1e834ece wp-block-columns-is-layout-flex\" style=\"margin-top:0;margin-bottom:0;padding-top:var(--wp--preset--spacing--50);padding-bottom:0\">\n<div class=\"wp-block-column is-vertically-aligned-center is-layout-flow wp-block-column-is-layout-flow\">\n<p class=\"cite has-large-font-size\" style=\"line-height:1.2\"><strong>Uzun vadeli ve s\u00fcrd\u00fcr\u00fclebilir bir i\u015f kurmak i\u00e7in sa\u011flam bir temel.<\/strong><\/p>\n\n\n\n<p class=\"has-medium-font-size\">20 y\u0131l\u0131 a\u015fk\u0131n s\u00fcredir lojistik ve da\u011f\u0131t\u0131m sekt\u00f6r\u00fcnde bir giri\u015fimci olarak, her zaman yeni f\u0131rsatlar ve i\u015f modelleri aray\u0131\u015f\u0131nday\u0131m. MBE iyi bir marka, ve franchise operasyonuna h\u0131zl\u0131 bir \u015fekilde ba\u015flamak i\u00e7in MBE Master Franchise&#8217;\u0131 bir f\u0131rsat olarak g\u00f6rd\u00fcm. <\/p>\n<\/div>\n\n\n\n<div class=\"wp-block-column is-layout-flow wp-block-column-is-layout-flow\">\n<figure class=\"wp-block-embed is-type-video is-provider-youtube wp-block-embed-youtube wp-embed-aspect-16-9 wp-has-aspect-ratio\"><div class=\"wp-block-embed__wrapper\">\n<iframe title=\"MBE Master Licensee: Sa\u0161a Cvetojevi\u0107, Adriatic Region\" width=\"500\" height=\"281\" src=\"https:\/\/www.youtube.com\/embed\/Rae4ZSxWFrI?feature=oembed\" frameborder=\"0\" allow=\"accelerometer; autoplay; clipboard-write; encrypted-media; gyroscope; picture-in-picture; web-share\" referrerpolicy=\"strict-origin-when-cross-origin\" allowfullscreen><\/iframe>\n<\/div><\/figure>\n<\/div>\n<\/div>\n<\/div>\n\n\n\n<div class=\"wp-block-columns alignwide is-layout-flex wp-container-core-columns-is-layout-28f84493 wp-block-columns-is-layout-flex\">\n<div class=\"wp-block-column is-vertically-aligned-center is-layout-flow wp-block-column-is-layout-flow\" style=\"flex-basis:60%\">\n<p class=\"has-text-align-right\" style=\"font-size:clamp(14px, 0.875rem + ((1vw - 3.2px) * 0.732), 20px);\">YouTube Kanal\u0131m\u0131zdan Daha Fazla \u0130lham Verici Hikayelere G\u00f6z At\u0131n<\/p>\n<\/div>\n\n\n\n<div class=\"wp-block-column is-layout-flow wp-block-column-is-layout-flow\" style=\"flex-basis:40%\">\n<div class=\"wp-block-buttons is-layout-flex wp-container-core-buttons-is-layout-da267d74 wp-block-buttons-is-layout-flex\">\n<div class=\"wp-block-button is-style-fill\"><a class=\"wp-block-button__link has-base-color has-contrast-2-background-color has-text-color has-background has-link-color wp-element-button\" href=\"https:\/\/www.youtube.com\/channel\/UC0Cqrv39pq1xRxhZSCrTbNw\" style=\"border-radius:50px;padding-right:var(--wp--preset--spacing--30);padding-left:var(--wp--preset--spacing--30)\" target=\"_blank\" rel=\"noreferrer noopener nofollow\">\u015eimdi G\u00f6z At<\/a><\/div>\n<\/div>\n<\/div>\n<\/div>\n\n\n\n<div class=\"wp-block-group alignfull polygon polygon2 has-global-padding is-layout-constrained wp-block-group-is-layout-constrained\" style=\"padding-top:var(--wp--preset--spacing--30);padding-bottom:var(--wp--preset--spacing--30)\">\n<p class=\"has-text-align-center linebefore has-contrast-3-color has-text-color has-link-color wp-elements-3d3def959bada986103468868f68643f\" id=\"testimonials\" style=\"font-style:normal;font-weight:600;text-transform:uppercase\">Mail Boxes Etc. \u00d6nemli Noktalar <\/p>\n\n\n\n<h2 class=\"wp-block-heading alignwide has-text-align-center\" style=\"margin-bottom:var(--wp--preset--spacing--30)\">\u00d6zel Y\u00f6netim R\u00f6portajlar\u0131<\/h2>\n\n\n\n<div class=\"wp-block-columns alignwide videos is-layout-flex wp-container-core-columns-is-layout-28f84493 wp-block-columns-is-layout-flex\">\n<div class=\"wp-block-column claytonvideo is-layout-flow wp-block-column-is-layout-flow\">\n<figure class=\"wp-block-image size-full has-custom-border\"><img decoding=\"async\" width=\"366\" height=\"206\" src=\"https:\/\/mbefranchise.com\/wp-content\/uploads\/2024\/09\/paolo-fiorelli.jpg\" alt=\"\" class=\"wp-image-12094\" style=\"border-radius:10px\" srcset=\"https:\/\/mbefranchise.com\/wp-content\/uploads\/2024\/09\/paolo-fiorelli.jpg 366w, https:\/\/mbefranchise.com\/wp-content\/uploads\/2024\/09\/paolo-fiorelli-300x169.jpg 300w\" sizes=\"(max-width: 366px) 100vw, 366px\" \/><\/figure>\n\n\n\n<p style=\"font-size:clamp(15.747px, 0.984rem + ((1vw - 3.2px) * 1.006), 24px);\"><strong>Paolo Fiorelli<\/strong><br>MBE Worldwide Y\u00f6netim Kurulu Ba\u015fkan\u0131 ve CEO<\/p>\n\n\n\n<p class=\"play\"><a href=\"#\">\u015eimdi izle<\/a><\/p>\n<\/div>\n\n\n\n<div class=\"wp-block-column samuelevideo is-layout-flow wp-block-column-is-layout-flow\">\n<figure class=\"wp-block-image size-full has-custom-border\"><img decoding=\"async\" width=\"366\" height=\"206\" src=\"https:\/\/mbefranchise.com\/wp-content\/uploads\/2024\/09\/samuele-spaccia.jpg\" alt=\"\" class=\"wp-image-12113\" style=\"border-radius:10px\" srcset=\"https:\/\/mbefranchise.com\/wp-content\/uploads\/2024\/09\/samuele-spaccia.jpg 366w, https:\/\/mbefranchise.com\/wp-content\/uploads\/2024\/09\/samuele-spaccia-300x169.jpg 300w\" sizes=\"(max-width: 366px) 100vw, 366px\" \/><\/figure>\n\n\n\n<p style=\"font-size:clamp(15.747px, 0.984rem + ((1vw - 3.2px) * 1.006), 24px);\"><strong>Samuele Spaccia<\/strong><br>MBE Worldwide Group Finans Direkt\u00f6r\u00fc<\/p>\n\n\n\n<p class=\"play\"><a href=\"#\">\u015eimdi izle<\/a><\/p>\n<\/div>\n\n\n\n<div class=\"wp-block-column rudivideo is-layout-flow wp-block-column-is-layout-flow\">\n<figure class=\"wp-block-image size-full has-custom-border\"><img decoding=\"async\" width=\"366\" height=\"206\" src=\"https:\/\/mbefranchise.com\/wp-content\/uploads\/2024\/09\/giuseppe-rudi.jpg\" alt=\"\" class=\"wp-image-12121\" style=\"border-radius:10px\" srcset=\"https:\/\/mbefranchise.com\/wp-content\/uploads\/2024\/09\/giuseppe-rudi.jpg 366w, https:\/\/mbefranchise.com\/wp-content\/uploads\/2024\/09\/giuseppe-rudi-300x169.jpg 300w\" sizes=\"(max-width: 366px) 100vw, 366px\" \/><\/figure>\n\n\n\n<p style=\"font-size:clamp(15.747px, 0.984rem + ((1vw - 3.2px) * 1.006), 24px);\"><strong>Giuseppe Rudi<br><\/strong>MBE Worldwide Group Ba\u015f Operasyon Sorumlusu<br><\/p>\n\n\n\n<p class=\"play\"><a href=\"#\">\u015eimdi izle<\/a><\/p>\n<\/div>\n<\/div>\n<\/div>\n\n\n\n<div class=\"wp-block-group alignwide form has-global-padding is-layout-constrained wp-block-group-is-layout-constrained\" style=\"padding-top:var(--wp--preset--spacing--30);padding-bottom:var(--wp--preset--spacing--30)\">\n<p class=\"has-text-align-center linebefore has-contrast-3-color has-text-color has-link-color wp-elements-debea872549e90f15e870c72e67c0a74\" id=\"apply\" style=\"font-style:normal;font-weight:600;text-transform:uppercase\">B\u0130ZE ULA\u015eIN<\/p>\n\n\n\n<div class=\"hs-form-frame\" data-region=\"eu1\" data-form-id=\"9fe84554-9f3e-4de2-bfa3-0c13760f2b8b\" data-portal-id=\"144081496\"><\/div>\n<\/div>\n","protected":false},"excerpt":{"rendered":"<p>Hikayelerimiz MBE A\u011f\u0131&#8217;n\u0131n tutkusu \u00fcyelerinden g\u00fc\u00e7 al\u0131r. Ama siz sadece bizim s\u00f6z\u00fcm\u00fcze kanmay\u0131n\u2026 MBE Giri\u015fimcilerimizle tan\u0131\u015f\u0131n. G\u00f6r\u00fc\u015fler Ger\u00e7ek Ba\u015far\u0131 Hikayeleri M\u00fc\u015fteri odakl\u0131 olun. M\u00fc\u015fteriler i\u00e7in do\u011fru olan\u0131 yapmaya odaklan\u0131rsan\u0131z, t\u00fcm kap\u0131lar a\u00e7\u0131l\u0131r. Venezuela&#8217;da do\u011fup b\u00fcy\u00fcyen Kenneth, MBE Konseptini ABD&#8217;de e\u011fitim g\u00f6r\u00fcrken ke\u015ffetti. K\u00fcresel bir dan\u0131\u015fmanl\u0131k \u015firketinde 2 y\u0131l \u00e7al\u0131\u015ft\u0131ktan sonra, Venezuela ve Meksika&#8217;da MBE&#8217;yi kurmaya [&hellip;]<\/p>\n","protected":false},"author":1,"featured_media":0,"parent":0,"menu_order":0,"comment_status":"closed","ping_status":"closed","template":"","meta":{"_acf_changed":false,"content-type":"","footnotes":""},"class_list":["post-13881","page","type-page","status-publish","hentry"],"acf":[],"_links":{"self":[{"href":"https:\/\/mbefranchise.com\/tr\/wp-json\/wp\/v2\/pages\/13881","targetHints":{"allow":["GET"]}}],"collection":[{"href":"https:\/\/mbefranchise.com\/tr\/wp-json\/wp\/v2\/pages"}],"about":[{"href":"https:\/\/mbefranchise.com\/tr\/wp-json\/wp\/v2\/types\/page"}],"author":[{"embeddable":true,"href":"https:\/\/mbefranchise.com\/tr\/wp-json\/wp\/v2\/users\/1"}],"replies":[{"embeddable":true,"href":"https:\/\/mbefranchise.com\/tr\/wp-json\/wp\/v2\/comments?post=13881"}],"version-history":[{"count":2,"href":"https:\/\/mbefranchise.com\/tr\/wp-json\/wp\/v2\/pages\/13881\/revisions"}],"predecessor-version":[{"id":16919,"href":"https:\/\/mbefranchise.com\/tr\/wp-json\/wp\/v2\/pages\/13881\/revisions\/16919"}],"wp:attachment":[{"href":"https:\/\/mbefranchise.com\/tr\/wp-json\/wp\/v2\/media?parent=13881"}],"curies":[{"name":"wp","href":"https:\/\/api.w.org\/{rel}","templated":true}]}}