{"id":13087,"date":"2025-01-15T13:42:09","date_gmt":"2025-01-15T13:42:09","guid":{"rendered":"https:\/\/mbefranchise.com\/gioi-thieu\/"},"modified":"2026-04-08T08:42:58","modified_gmt":"2026-04-08T07:42:58","slug":"gioi-thieu","status":"publish","type":"page","link":"https:\/\/mbefranchise.com\/vi\/gioi-thieu\/","title":{"rendered":"Gi\u1edbi thi\u1ec7u"},"content":{"rendered":"\n<div class=\"wp-block-group alignfull hero has-global-padding is-layout-constrained wp-block-group-is-layout-constrained has-background\" style=\"margin-top:0;margin-bottom:0;padding-top:0;padding-bottom:0;background-image:url(&apos;https:\/\/mbefranchise.com\/wp-content\/uploads\/2024\/07\/mbe-2-copy-8-.webp&apos;);background-position:100% 50%;background-repeat:no-repeat;background-size:contain;\">\n<div class=\"wp-block-columns alignfull is-layout-flex wp-container-core-columns-is-layout-f1061711 wp-block-columns-is-layout-flex\" style=\"padding-right:var(--wp--preset--spacing--20);padding-left:var(--wp--preset--spacing--20)\">\n<div class=\"wp-block-column is-layout-flow wp-block-column-is-layout-flow\" style=\"padding-right:0;padding-left:0;flex-basis:100%\">\n<h1 class=\"wp-block-heading alignwide\">V\u1ec1 Mail Boxes Etc.<\/h1>\n\n\n\n<p style=\"margin-top:var(--wp--preset--spacing--30);margin-bottom:var(--wp--preset--spacing--30)\">\u0110\u01b0\u1ee3c th\u00e0nh l\u1eadp t\u1ea1i San Diego, California (Hoa K\u1ef3) v\u00e0o n\u0103m 1980, Mail Boxes Etc. (&#8220;MBE&#8221;) \u0111\u00e3 kh\u00f4ng ng\u1eebng ph\u00e1t tri\u1ec3n v\u00e0 tr\u1edf th\u00e0nh m\u1ed9t trong nh\u1eefng m\u1ea1ng l\u01b0\u1edbi nh\u01b0\u1ee3ng quy\u1ec1n qu\u1ed1c t\u1ebf l\u1edbn nh\u1ea5t th\u1ebf gi\u1edbi, cung c\u1ea5p c\u00e1c gi\u1ea3i ph\u00e1p b\u00e1n l\u1ebb v\u1ec1 v\u1eadn chuy\u1ec3n, logistics, in \u1ea5n, marketing v\u00e0 truy\u1ec1n th\u00f4ng cho kh\u00e1ch h\u00e0ng doanh nghi\u1ec7p v\u00e0 c\u00e1 nh\u00e2n.<br><strong>1.800 \u0111\u1ecba \u0111i\u1ec3m d\u1ecbch v\u1ee5 MBE t\u1ea1i h\u01a1n 50 qu\u1ed1c gia tr\u00ean th\u1ebf gi\u1edbi<\/strong><\/p>\n<\/div>\n\n\n\n<div class=\"wp-block-column is-layout-flow wp-block-column-is-layout-flow\" style=\"flex-basis:100%\"><\/div>\n<\/div>\n<\/div>\n\n\n\n<div class=\"wp-block-group alignfull has-global-padding is-layout-constrained wp-block-group-is-layout-constrained\" style=\"padding-top:var(--wp--preset--spacing--30);padding-bottom:var(--wp--preset--spacing--30)\">\n<p class=\"has-text-align-center linebefore has-contrast-3-color has-text-color has-link-color wp-elements-ca485ccf96a1e7d220d2a656d9c5a0d1\" style=\"font-style:normal;font-weight:600;text-transform:uppercase\">THEO TH\u1edcI GIAN<\/p>\n\n\n\n<h2 class=\"wp-block-heading alignwide has-text-align-center\" style=\"margin-bottom:var(--wp--preset--spacing--30)\">C\u00c1C C\u1ed8T M\u1ed0C QUAN TR\u1eccNG<\/h2>\n\n\n\n<div class=\"wp-block-group alignwide timeline is-vertical is-content-justification-stretch is-layout-flex wp-container-core-group-is-layout-353c4f5a wp-block-group-is-layout-flex\">\n<div class=\"wp-block-columns are-vertically-aligned-center is-layout-flex wp-container-core-columns-is-layout-28f84493 wp-block-columns-is-layout-flex\">\n<div class=\"wp-block-column is-vertically-aligned-center is-layout-flow wp-block-column-is-layout-flow\">\n<h3 class=\"wp-block-heading\">N\u0103m 2001<\/h3>\n\n\n\n<p>UPS Inc. mua l\u1ea1i Mail Boxes Etc., v\u00e0 v\u00e0o n\u0103m 2003 b\u1eaft \u0111\u1ea7u t\u00e1i th\u01b0\u01a1ng hi\u1ec7u m\u1ea1ng l\u01b0\u1edbi MBE t\u1ea1i c\u1ea3 Hoa K\u1ef3 v\u00e0 Canada th\u00e0nh &#8220;The UPS Store&#8221;<\/p>\n<\/div>\n\n\n\n<div class=\"wp-block-column is-vertically-aligned-center is-layout-flow wp-block-column-is-layout-flow\"><\/div>\n<\/div>\n\n\n\n<div class=\"wp-block-columns are-vertically-aligned-center is-layout-flex wp-container-core-columns-is-layout-28f84493 wp-block-columns-is-layout-flex\">\n<div class=\"wp-block-column is-vertically-aligned-center is-layout-flow wp-block-column-is-layout-flow\"><\/div>\n\n\n\n<div class=\"wp-block-column is-vertically-aligned-center is-layout-flow wp-block-column-is-layout-flow\">\n<h3 class=\"wp-block-heading\">N\u0103m 2009<\/h3>\n\n\n\n<p>MBE Worldwide S.p.A. \u0111\u00e3 mua l\u1ea1i m\u1ea1ng l\u01b0\u1edbi c\u00e1c trung t\u00e2m d\u1ecbch v\u1ee5 b\u00e1n l\u1ebb MBE tr\u00ean to\u00e0n th\u1ebf gi\u1edbi (ngo\u1ea1i tr\u1eeb c\u00e1c trung t\u00e2m t\u1ea1i B\u1eafc M\u1ef9). \u0110\u1ebfn th\u1eddi \u0111i\u1ec3m n\u00e0y, MBE l\u00e0 m\u1ed9t doanh nghi\u1ec7p gia \u0111\u00ecnh c\u00f3 tr\u1ee5 s\u1edf t\u1ea1i Milan, \u00dd, b\u1eaft \u0111\u1ea7u ho\u1ea1t \u0111\u1ed9ng v\u00e0o n\u0103m 1993 v\u1edbi t\u01b0 c\u00e1ch l\u00e0 Nh\u00e0 Nh\u01b0\u1ee3ng quy\u1ec1n Ch\u00ednh c\u1ee7a Mail Boxes Etc. t\u1ea1i \u00dd, sau \u0111\u00f3 m\u1edf r\u1ed9ng sang T\u00e2y Ban Nha v\u00e0 \u0110\u1ee9c.  <\/p>\n<\/div>\n<\/div>\n\n\n\n<div class=\"wp-block-columns are-vertically-aligned-center is-layout-flex wp-container-core-columns-is-layout-28f84493 wp-block-columns-is-layout-flex\">\n<div class=\"wp-block-column is-vertically-aligned-center is-layout-flow wp-block-column-is-layout-flow\">\n<h3 class=\"wp-block-heading\">N\u0103m 2017<\/h3>\n\n\n\n<p>MBE Worldwide \u0111\u00e3 tr\u1edf th\u00e0nh c\u1ed5 \u0111\u00f4ng ch\u00ednh c\u1ee7a s\u00e0n giao d\u1ecbch logistics Spedingo. V\u1edbi vi\u1ec7c mua l\u1ea1i c\u1ea3 AlphaGraphics v\u00e0 PostNet v\u00e0o n\u0103m 2017, M\u1ea1ng l\u01b0\u1edbi To\u00e0n c\u1ea7u c\u1ee7a MBE \u0111\u00e3 m\u1edf r\u1ed9ng l\u00ean kho\u1ea3ng 2.600 Trung t\u00e2m D\u1ecbch v\u1ee5 t\u1ea1i h\u01a1n 50 qu\u1ed1c gia Bosnia v\u00e0 Herzegovina, Croatia, Kosovo, Macedonia, Montenegro, Serbia, Slovenia<\/p>\n<\/div>\n\n\n\n<div class=\"wp-block-column is-vertically-aligned-center is-layout-flow wp-block-column-is-layout-flow\"><\/div>\n<\/div>\n\n\n\n<div class=\"wp-block-columns are-vertically-aligned-center is-layout-flex wp-container-core-columns-is-layout-28f84493 wp-block-columns-is-layout-flex\">\n<div class=\"wp-block-column is-vertically-aligned-center is-layout-flow wp-block-column-is-layout-flow\"><\/div>\n\n\n\n<div class=\"wp-block-column is-vertically-aligned-center is-layout-flow wp-block-column-is-layout-flow\">\n<h3 class=\"wp-block-heading\">T\u1eeb 2018<\/h3>\n\n\n\n<p>H\u1ed3ng K\u00f4ng, Romania, Hungary<\/p>\n<\/div>\n<\/div>\n\n\n\n<div class=\"wp-block-columns are-vertically-aligned-center is-layout-flex wp-container-core-columns-is-layout-28f84493 wp-block-columns-is-layout-flex\">\n<div class=\"wp-block-column is-vertically-aligned-center is-layout-flow wp-block-column-is-layout-flow\">\n<h3 class=\"wp-block-heading\">N\u0103m 2021<\/h3>\n\n\n\n<p>MBE mua l\u1ea1i PrestaShop, PACK &amp; SEND v\u00e0 Multicopy;<br>MBE thi\u1ebft l\u1eadp s\u1ef1 hi\u1ec7n di\u1ec7n tr\u1ef1c ti\u1ebfp (DOC) t\u1ea1i V\u01b0\u01a1ng qu\u1ed1c Anh v\u00e0 Ireland. C\u00e1c n\u01b0\u1edbc B\u1ec9, \u1ea2 R\u1eadp X\u00ea \u00dat v\u00e0 c\u00e1c qu\u1ed1c gia v\u00f9ng V\u1ecbnh \u0111\u00e3 k\u00fd k\u1ebft nh\u01b0\u1ee3ng quy\u1ec1n ch\u00ednh.<\/p>\n\n\n\n<figure class=\"wp-block-gallery aligncenter has-nested-images columns-default wp-block-gallery-1 is-layout-flex wp-block-gallery-is-layout-flex\">\n<figure class=\"wp-block-image size-full\"><img decoding=\"async\" width=\"239\" height=\"43\" data-id=\"3411\" src=\"https:\/\/mbefranchise.com\/wp-content\/uploads\/2022\/05\/prestashop-logo-min.png\" alt=\"\" class=\"wp-image-3411\"\/><\/figure>\n\n\n\n<figure class=\"wp-block-image size-full\"><img decoding=\"async\" width=\"201\" height=\"44\" data-id=\"3413\" src=\"https:\/\/mbefranchise.com\/wp-content\/uploads\/2022\/05\/packsend-logo-min.png\" alt=\"pack send logo\" class=\"wp-image-3413\"\/><\/figure>\n\n\n\n<figure class=\"wp-block-image size-large\"><img decoding=\"async\" width=\"137\" height=\"62\" data-id=\"3409\" src=\"https:\/\/mbefranchise.com\/wp-content\/uploads\/2022\/05\/multicopy-logo-min.png\" alt=\"Multicopy logo\" class=\"wp-image-3409\"\/><\/figure>\n<\/figure>\n<\/div>\n\n\n\n<div class=\"wp-block-column is-vertically-aligned-center is-layout-flow wp-block-column-is-layout-flow\"><\/div>\n<\/div>\n\n\n\n<div class=\"wp-block-columns are-vertically-aligned-center is-layout-flex wp-container-core-columns-is-layout-28f84493 wp-block-columns-is-layout-flex\">\n<div class=\"wp-block-column is-vertically-aligned-center is-layout-flow wp-block-column-is-layout-flow\"><\/div>\n\n\n\n<div class=\"wp-block-column is-vertically-aligned-center is-layout-flow wp-block-column-is-layout-flow\">\n<h3 class=\"wp-block-heading\">N\u0103m 2022<\/h3>\n\n\n\n<p>MBE mua l\u1ea1i GEL Proximity v\u00e0 WORLD OPTIONS.<br>Morocco, Colombia, Ecuador.<\/p>\n\n\n\n<figure class=\"wp-block-gallery alignleft has-nested-images columns-default galleryfix wp-block-gallery-2 is-layout-flex wp-block-gallery-is-layout-flex\">\n<figure class=\"wp-block-image alignleft size-full\"><img decoding=\"async\" width=\"78\" height=\"41\" data-id=\"11464\" src=\"https:\/\/mbefranchise.com\/wp-content\/uploads\/2024\/07\/gel-proximity-for-woocommerce.png\" alt=\"\" class=\"wp-image-11464\"\/><\/figure>\n\n\n\n<figure class=\"wp-block-image alignleft size-full\"><img decoding=\"async\" width=\"181\" height=\"51\" data-id=\"11456\" src=\"https:\/\/mbefranchise.com\/wp-content\/uploads\/2024\/07\/world-optios-uk-secondary-logo-colour-transparent.png\" alt=\"\" class=\"wp-image-11456\"\/><\/figure>\n<\/figure>\n<\/div>\n<\/div>\n\n\n\n<div class=\"wp-block-columns are-vertically-aligned-center is-layout-flex wp-container-core-columns-is-layout-28f84493 wp-block-columns-is-layout-flex\">\n<div class=\"wp-block-column is-vertically-aligned-center is-layout-flow wp-block-column-is-layout-flow\">\n<h3 class=\"wp-block-heading\">N\u0103m 2023<\/h3>\n\n\n\n<p>MBE mua l\u1ea1i PACK &amp; SEND UK t\u1eeb nh\u01b0\u1ee3ng quy\u1ec1n Master tr\u01b0\u1edbc \u0111\u00f3<br> Malta, Paraguay, Uruguay v\u00e0 New Delhi (\u1ea4n \u0110\u1ed9).<\/p>\n<\/div>\n\n\n\n<div class=\"wp-block-column is-vertically-aligned-center is-layout-flow wp-block-column-is-layout-flow\"><\/div>\n<\/div>\n\n\n\n<div class=\"line\"><span class=\"redline\"><\/span><\/div>\n<\/div>\n<\/div>\n\n\n\n<div class=\"wp-block-group alignfull polygon has-global-padding is-layout-constrained wp-block-group-is-layout-constrained\" style=\"padding-top:var(--wp--preset--spacing--30);padding-bottom:var(--wp--preset--spacing--30)\">\n<p class=\"has-text-align-center linebefore has-contrast-3-color has-text-color has-link-color wp-elements-6d2bf9d7be99053bb1604f703ef2ca7b\" style=\"font-style:normal;font-weight:600;text-transform:uppercase\">TH\u1ed0NG K\u00ca TO\u00c0N C\u1ea6U<\/p>\n\n\n\n<h2 class=\"wp-block-heading alignwide has-text-align-center\" style=\"margin-bottom:var(--wp--preset--spacing--30)\">T\u1eadp \u0111o\u00e0n MBE Worldwide Group qua c\u00e1c con s\u1ed1<\/h2>\n\n\n\n<div class=\"wp-block-columns alignwide counter is-layout-flex wp-container-core-columns-is-layout-c5150b4a wp-block-columns-is-layout-flex\">\n<div class=\"wp-block-column is-layout-flow wp-container-core-column-is-layout-b108c007 wp-block-column-is-layout-flow\" style=\"padding-right:0;padding-left:0\">\n<p class=\"number has-contrast-3-color has-text-color has-link-color wp-elements-ca702ea177ff0cbba6cc0d369efe0ecc\" style=\"font-size:clamp(43.728px, 2.733rem + ((1vw - 3.2px) * 4.911), 84px);font-style:normal;font-weight:700;line-height:1\">30<\/p>\n\n\n\n<p style=\"margin-right:var(--wp--preset--spacing--20);font-size:clamp(14px, 0.875rem + ((1vw - 3.2px) * 0.732), 20px);\">&gt; 30 N\u0103m kinh nghi\u1ec7m nh\u01b0\u1ee3ng quy\u1ec1n th\u01b0\u01a1ng m\u1ea1i<\/p>\n<\/div>\n\n\n\n<div class=\"wp-block-column is-layout-flow wp-container-core-column-is-layout-b108c007 wp-block-column-is-layout-flow\" style=\"padding-right:0;padding-left:0\">\n<p class=\"number has-contrast-3-color has-text-color has-link-color wp-elements-9aa6be881e932b414b73b83673a85deb\" style=\"font-size:clamp(43.728px, 2.733rem + ((1vw - 3.2px) * 4.911), 84px);font-style:normal;font-weight:700;line-height:1\">1700<\/p>\n\n\n\n<p style=\"margin-right:var(--wp--preset--spacing--20);font-size:clamp(14px, 0.875rem + ((1vw - 3.2px) * 0.732), 20px);\">> 1700 \u0110\u1ecba \u0111i\u1ec3m nh\u01b0\u1ee3ng <br>quy\u1ec1n tr\u00ean to\u00e0n th\u1ebf gi\u1edbi<\/p>\n<\/div>\n\n\n\n<div class=\"wp-block-column is-layout-flow wp-container-core-column-is-layout-b108c007 wp-block-column-is-layout-flow\" style=\"padding-right:0;padding-left:0\">\n<p class=\"number has-contrast-3-color has-text-color has-link-color wp-elements-532a2c6b507ac0b56c61455331b43ae5\" style=\"font-size:clamp(43.728px, 2.733rem + ((1vw - 3.2px) * 4.911), 84px);font-style:normal;font-weight:700;line-height:1\">45<\/p>\n\n\n\n<p style=\"margin-right:var(--wp--preset--spacing--20);font-size:clamp(14px, 0.875rem + ((1vw - 3.2px) * 0.732), 20px);\">&gt; 45 Qu\u1ed1c gia<\/p>\n<\/div>\n\n\n\n<div class=\"wp-block-column is-layout-flow wp-container-core-column-is-layout-b108c007 wp-block-column-is-layout-flow\" style=\"padding-right:0;padding-left:0\">\n<p class=\"number thousand has-contrast-3-color has-text-color has-link-color wp-elements-a787e6d7929c560953f17558e256b3b8\" style=\"font-size:clamp(41.65px, 2.603rem + ((1vw - 3.2px) * 4.555), 79px);font-style:normal;font-weight:700;line-height:1\">1100<\/p>\n\n\n\n<p style=\"font-size:clamp(14px, 0.875rem + ((1vw - 3.2px) * 0.732), 20px);\">&gt; 1.100.000 Kh\u00e1ch h\u00e0ng doanh nghi\u1ec7p<\/p>\n\n\n\n<p class=\"has-text-align-right has-text-color has-link-color wp-elements-1cdf06a640d2b20ea0a14053f4de5696\" style=\"color:#777777;margin-top:var(--wp--preset--spacing--20);font-size:14px\">*MBE Worldwide SPA As per December 31 2023<\/p>\n<\/div>\n<\/div>\n<\/div>\n\n\n\n<div class=\"wp-block-group alignfull ctaline has-global-padding is-layout-constrained wp-block-group-is-layout-constrained\" style=\"margin-top:var(--wp--preset--spacing--30);margin-bottom:var(--wp--preset--spacing--30);padding-top:var(--wp--preset--spacing--30);padding-bottom:var(--wp--preset--spacing--30)\">\n<div class=\"wp-block-columns alignwide is-layout-flex wp-container-core-columns-is-layout-28f84493 wp-block-columns-is-layout-flex\">\n<div class=\"wp-block-column is-layout-flow wp-block-column-is-layout-flow\">\n<p class=\"has-medium-font-size\">T\u00ecm hi\u1ec3u th\u00eam t\u1eeb brochure c\u1ee7a ch\u00fang t\u00f4i.<\/p>\n\n\n\n<div class=\"wp-block-buttons is-layout-flex wp-block-buttons-is-layout-flex\">\n<div class=\"wp-block-button downlBtn\"><a class=\"wp-block-button__link wp-element-button\">T\u1ea3i xu\u1ed1ng<\/a><\/div>\n<\/div>\n<\/div>\n\n\n\n<div class=\"wp-block-column is-layout-flow wp-block-column-is-layout-flow\">\n<p class=\"has-medium-font-size\">S\u1eb5n s\u00e0ng \u0111\u1ec3 b\u1eaft \u0111\u1ea7u?<\/p>\n\n\n\n<div class=\"wp-block-buttons is-layout-flex wp-block-buttons-is-layout-flex\">\n<div class=\"wp-block-button\"><a class=\"wp-block-button__link wp-element-button\" href=\"https:\/\/mbefranchise.com\/#apply\">\u0110\u0103ng k\u00fd ngay<\/a><\/div>\n<\/div>\n<\/div>\n<\/div>\n<\/div>\n\n\n\n<div class=\"wp-block-group alignfull has-global-padding is-layout-constrained wp-block-group-is-layout-constrained\" style=\"padding-top:var(--wp--preset--spacing--30);padding-bottom:var(--wp--preset--spacing--30)\">\n<p class=\"has-text-align-center linebefore has-contrast-3-color has-text-color has-link-color wp-elements-6abcddbaa35502c85a728e6085c0a7b0\" style=\"font-style:normal;font-weight:600;text-transform:uppercase\">H\u00e3y g\u1eb7p g\u1ee1<\/p>\n\n\n\n<h2 class=\"wp-block-heading alignwide has-text-align-center\" style=\"margin-bottom:var(--wp--preset--spacing--30)\">\u0110\u1ed8I NG\u0168 H\u1ed6 TR\u1ee2 C\u1ee6A B\u1ea0N<\/h2>\n\n\n\n<div class=\"wp-block-columns alignwide is-not-stacked-on-mobile team is-layout-flex wp-container-core-columns-is-layout-28f84493 wp-block-columns-is-layout-flex\">\n<div class=\"wp-block-column is-layout-flow wp-block-column-is-layout-flow\">\n<figure class=\"wp-block-image size-full\"><img decoding=\"async\" width=\"316\" height=\"429\" src=\"https:\/\/mbefranchise.com\/wp-content\/uploads\/2022\/12\/giuseppe-2.jpg\" alt=\"\" class=\"wp-image-5815\" srcset=\"https:\/\/mbefranchise.com\/wp-content\/uploads\/2022\/12\/giuseppe-2.jpg 316w, https:\/\/mbefranchise.com\/wp-content\/uploads\/2022\/12\/giuseppe-2-221x300.jpg 221w\" sizes=\"(max-width: 316px) 100vw, 316px\" \/><\/figure>\n\n\n\n<p class=\"has-text-align-center\" style=\"font-size:clamp(15.747px, 0.984rem + ((1vw - 3.2px) * 1.006), 24px);\"><strong>Giuseppe Bergonzi<\/strong><\/p>\n\n\n\n<p class=\"has-text-align-center\" style=\"font-size:clamp(14px, 0.875rem + ((1vw - 3.2px) * 0.488), 18px);\">Gi\u00e1m \u0111\u1ed1c Khu v\u1ef1c MBE Worldwide<\/p>\n\n\n\n<p class=\"has-text-align-center has-text-color has-link-color wp-elements-780b199f2fc7e8ad9fc29d02d3ae9a02\" style=\"color:#777777\">To\u00e0n c\u1ea7u<\/p>\n<\/div>\n\n\n\n<div class=\"wp-block-column is-layout-flow wp-block-column-is-layout-flow\">\n<figure class=\"wp-block-image size-full\"><img decoding=\"async\" width=\"316\" height=\"474\" src=\"https:\/\/mbefranchise.com\/wp-content\/uploads\/2021\/02\/maria.jpg\" alt=\"MBE Employee\" class=\"wp-image-229\" srcset=\"https:\/\/mbefranchise.com\/wp-content\/uploads\/2021\/02\/maria.jpg 316w, https:\/\/mbefranchise.com\/wp-content\/uploads\/2021\/02\/maria-200x300.jpg 200w\" sizes=\"(max-width: 316px) 100vw, 316px\" \/><\/figure>\n\n\n\n<p class=\"has-text-align-center\" style=\"font-size:clamp(15.747px, 0.984rem + ((1vw - 3.2px) * 1.006), 24px);\"><strong>Maria Ilicheva<\/strong><\/p>\n\n\n\n<p class=\"has-text-align-center\" style=\"font-size:clamp(14px, 0.875rem + ((1vw - 3.2px) * 0.488), 18px);\">Gi\u00e1m s\u00e1t Ph\u00e1t tri\u1ec3n To\u00e0n c\u1ea7u<\/p>\n\n\n\n<p class=\"has-text-align-center has-text-color has-link-color wp-elements-a572efb9c440afae3ffa3c8192b01252\" style=\"color:#777777\">Ch\u00e2u \u00c2u v\u00e0 Israel, CIS<\/p>\n\n\n\n<p class=\"has-text-align-center\"><a href=\"https:\/\/meetings-eu1.hubspot.com\/mariia-ilicheva\/mail-boxes-etc?uuid=2e3bde48-1ac7-4d2f-9f61-8aacecba078e\" target=\"_blank\" rel=\"noreferrer noopener nofollow\">\u0110\u1eb7t l\u1ecbch g\u1ecdi<\/a><\/p>\n<\/div>\n\n\n\n<div class=\"wp-block-column is-layout-flow wp-block-column-is-layout-flow\">\n<figure class=\"wp-block-image size-full\"><img decoding=\"async\" width=\"314\" height=\"469\" src=\"https:\/\/mbefranchise.com\/wp-content\/uploads\/2021\/02\/iliess-1.jpg\" alt=\"Mbe Employee\" class=\"wp-image-236\" srcset=\"https:\/\/mbefranchise.com\/wp-content\/uploads\/2021\/02\/iliess-1.jpg 314w, https:\/\/mbefranchise.com\/wp-content\/uploads\/2021\/02\/iliess-1-201x300.jpg 201w\" sizes=\"(max-width: 314px) 100vw, 314px\" \/><\/figure>\n\n\n\n<p class=\"has-text-align-center\" style=\"font-size:clamp(15.747px, 0.984rem + ((1vw - 3.2px) * 1.006), 24px);\"><strong>Iliess Ayad<\/strong><\/p>\n\n\n\n<p class=\"has-text-align-center\" style=\"font-size:clamp(14px, 0.875rem + ((1vw - 3.2px) * 0.488), 18px);\">Gi\u00e1m s\u00e1t Ph\u00e1t tri\u1ec3n To\u00e0n c\u1ea7u<\/p>\n\n\n\n<p class=\"has-text-align-center has-text-color has-link-color wp-elements-7179843eacd6d631ca4bf8e5a104cc24\" style=\"color:#777777\">Ch\u00e2u Phi, \u1ea4n \u0110\u1ed9 v\u00e0 Th\u1ed5 Nh\u0129 K\u1ef3<\/p>\n\n\n\n<p class=\"has-text-align-center\"><a href=\"https:\/\/meetings-eu1.hubspot.com\/mbe\/15-minutes-meeting-with-iliess-?uuid=f8036ac0-8644-4b8c-8f08-307702497751\" target=\"_blank\" rel=\"noreferrer noopener nofollow\">\u0110\u1eb7t l\u1ecbch g\u1ecdi<\/a><\/p>\n<\/div>\n\n\n\n<div class=\"wp-block-column is-layout-flow wp-block-column-is-layout-flow\">\n<figure class=\"wp-block-image size-full\"><img decoding=\"async\" width=\"316\" height=\"474\" src=\"https:\/\/mbefranchise.com\/wp-content\/uploads\/2021\/10\/cesar.jpg\" alt=\"MBE representative\" class=\"wp-image-1969\" srcset=\"https:\/\/mbefranchise.com\/wp-content\/uploads\/2021\/10\/cesar.jpg 316w, https:\/\/mbefranchise.com\/wp-content\/uploads\/2021\/10\/cesar-200x300.jpg 200w\" sizes=\"(max-width: 316px) 100vw, 316px\" \/><\/figure>\n\n\n\n<p class=\"has-text-align-center\" style=\"font-size:clamp(15.747px, 0.984rem + ((1vw - 3.2px) * 1.006), 24px);\"><strong>Cesar Bergamo<\/strong><\/p>\n\n\n\n<p class=\"has-text-align-center\" style=\"font-size:clamp(14px, 0.875rem + ((1vw - 3.2px) * 0.488), 18px);\">Nh\u00e0 Ph\u00e1t tri\u1ec3n Kinh doanh<\/p>\n\n\n\n<p class=\"has-text-align-center has-text-color has-link-color wp-elements-eebf4006c4302a4d9480045cab0f49bd\" style=\"color:#777777\">Nam M\u1ef9<\/p>\n<\/div>\n\n\n\n<div class=\"wp-block-column is-layout-flow wp-block-column-is-layout-flow\">\n<figure class=\"wp-block-image size-full\"><img decoding=\"async\" width=\"416\" height=\"474\" src=\"https:\/\/mbefranchise.com\/wp-content\/uploads\/2022\/12\/MBE-Potrait-Ruonan.jpg\" alt=\"\" class=\"wp-image-5791\" srcset=\"https:\/\/mbefranchise.com\/wp-content\/uploads\/2022\/12\/MBE-Potrait-Ruonan.jpg 416w, https:\/\/mbefranchise.com\/wp-content\/uploads\/2022\/12\/MBE-Potrait-Ruonan-263x300.jpg 263w\" sizes=\"(max-width: 416px) 100vw, 416px\" \/><\/figure>\n\n\n\n<p class=\"has-text-align-center\" style=\"font-size:clamp(15.747px, 0.984rem + ((1vw - 3.2px) * 1.006), 24px);\"><strong>Ruonan Chen<\/strong><\/p>\n\n\n\n<p class=\"has-text-align-center\" style=\"font-size:clamp(14px, 0.875rem + ((1vw - 3.2px) * 0.488), 18px);\">Nh\u00e0 Ph\u00e1t tri\u1ec3n Kinh doanh<\/p>\n\n\n\n<p class=\"has-text-align-center has-text-color has-link-color wp-elements-4d0336ed421432c751c2be3c199e7457\" style=\"color:#777777\">Ch\u00e2u \u00c1<\/p>\n\n\n\n<p class=\"has-text-align-center\"><a href=\"https:\/\/meetings-eu1.hubspot.com\/ruonan\" target=\"_blank\" rel=\"noreferrer noopener nofollow\">\u0110\u1eb7t l\u1ecbch g\u1ecdi<\/a><\/p>\n<\/div>\n\n\n\n<div class=\"wp-block-column is-layout-flow wp-block-column-is-layout-flow\">\n<figure class=\"wp-block-image size-full\"><img decoding=\"async\" width=\"330\" height=\"350\" src=\"https:\/\/mbefranchise.com\/wp-content\/uploads\/2024\/08\/pawan-kim.jpeg\" alt=\"\" class=\"wp-image-12033\" srcset=\"https:\/\/mbefranchise.com\/wp-content\/uploads\/2024\/08\/pawan-kim.jpeg 330w, https:\/\/mbefranchise.com\/wp-content\/uploads\/2024\/08\/pawan-kim-283x300.jpeg 283w\" sizes=\"(max-width: 330px) 100vw, 330px\" \/><\/figure>\n\n\n\n<p class=\"has-text-align-center\" style=\"font-size:clamp(15.747px, 0.984rem + ((1vw - 3.2px) * 1.006), 24px);\"><strong><strong><strong>Pawan Kim<\/strong><\/strong><\/strong><\/p>\n\n\n\n<p class=\"has-text-align-center\" style=\"font-size:clamp(14px, 0.875rem + ((1vw - 3.2px) * 0.488), 18px);\">Nh\u00e0 Ph\u00e1t tri\u1ec3n Kinh doanh<\/p>\n\n\n\n<p class=\"has-text-align-center has-text-color has-link-color wp-elements-3cbeabd03fb773ad6889a923377a3d07\" style=\"color:#777777\">H\u00e0n Qu\u1ed1c, Vi\u1ec7t Nam v\u00e0 bang Gujarat, \u1ea4n \u0110\u1ed9<\/p>\n\n\n\n<p class=\"has-text-align-center\"><a href=\"https:\/\/meetings-eu1.hubspot.com\/pawan-kim\/mlcall\" target=\"_blank\" rel=\"noreferrer noopener nofollow\">\u0110\u1eb7t l\u1ecbch g\u1ecdi<\/a><\/p>\n<\/div>\n<\/div>\n<\/div>\n\n\n\n<div class=\"wp-block-group alignfull polygon polygon2 has-global-padding is-layout-constrained wp-block-group-is-layout-constrained\" style=\"padding-top:var(--wp--preset--spacing--30);padding-bottom:var(--wp--preset--spacing--30)\">\n<p class=\"has-text-align-center linebefore has-contrast-3-color has-text-color has-link-color wp-elements-347be3a8d4f585ceb5d3886007568cad\" id=\"testimonials\" style=\"font-style:normal;font-weight:600;text-transform:uppercase\">\u0110\u00c1NH GI\u00c1 C\u1ee6A KH\u00c1CH H\u00c0NG<\/p>\n\n\n\n<h2 class=\"wp-block-heading alignwide has-text-align-center\" style=\"margin-bottom:var(--wp--preset--spacing--30)\">C\u00e2u chuy\u1ec7n c\u1ee7a s\u1ef1 th\u00e0nh c\u00f4ng<\/h2>\n\n\n\n<div class=\"wp-block-columns alignwide videos is-layout-flex wp-container-core-columns-is-layout-28f84493 wp-block-columns-is-layout-flex\">\n<div class=\"wp-block-column sasavideo is-layout-flow wp-block-column-is-layout-flow\">\n<figure class=\"wp-block-image size-large has-custom-border\"><img decoding=\"async\" src=\"\/wp-content\/uploads\/2024\/07\/sasa-min.jpg\" alt=\"\" style=\"border-radius:10px\"\/><\/figure>\n\n\n\n<p style=\"font-size:clamp(15.747px, 0.984rem + ((1vw - 3.2px) * 1.006), 24px);\"><strong>Sa\u0161a Cvetojevi\u0107<br><\/strong>B\u00ean nh\u1eadn Nh\u01b0\u1ee3ng quy\u1ec1n khu v\u1ef1c Adriatic<\/p>\n\n\n\n<p class=\"play\"><a href=\"#\">Xem video<\/a><\/p>\n<\/div>\n\n\n\n<div class=\"wp-block-column kennethvideo is-layout-flow wp-block-column-is-layout-flow\">\n<figure class=\"wp-block-image size-large has-custom-border\"><img decoding=\"async\" src=\"\/wp-content\/uploads\/2024\/08\/france-rev.jpg\" alt=\"\" style=\"border-radius:10px\"\/><\/figure>\n\n\n\n<p style=\"font-size:clamp(15.747px, 0.984rem + ((1vw - 3.2px) * 1.006), 24px);\"><strong>MBE trong Th\u1ef1c Ti\u1ec5n<\/strong><br>Kh\u00e1ch h\u00e0ng ng\u01b0\u1eddi Ph\u00e1p chia s\u1ebb \u00fd ki\u1ebfn c\u1ee7a h\u1ecd<\/p>\n\n\n\n<p class=\"play\"><a href=\"#\">Xem video<\/a><\/p>\n<\/div>\n\n\n\n<div class=\"wp-block-column claytonvideo is-layout-flow wp-block-column-is-layout-flow\">\n<figure class=\"wp-block-image size-large has-custom-border\"><img decoding=\"async\" src=\"\/wp-content\/uploads\/2024\/09\/paolo-fiorelli.jpg\" alt=\"\" style=\"border-radius:10px\"\/><\/figure>\n\n\n\n<p style=\"font-size:clamp(15.747px, 0.984rem + ((1vw - 3.2px) * 1.006), 24px);\"><strong>Paolo Fiorelli<\/strong><br>Ch\u1ee7 t\u1ecbch v\u00e0 CEO MBE Worldwide<\/p>\n\n\n\n<p class=\"play\"><a href=\"#\">Xem video<\/a><\/p>\n<\/div>\n<\/div>\n<\/div>\n\n\n\n<p><\/p>\n","protected":false},"excerpt":{"rendered":"<p>V\u1ec1 Mail Boxes Etc. \u0110\u01b0\u1ee3c th\u00e0nh l\u1eadp t\u1ea1i San Diego, California (Hoa K\u1ef3) v\u00e0o n\u0103m 1980, Mail Boxes Etc. (&#8220;MBE&#8221;) \u0111\u00e3 kh\u00f4ng ng\u1eebng ph\u00e1t tri\u1ec3n v\u00e0 tr\u1edf th\u00e0nh m\u1ed9t trong nh\u1eefng m\u1ea1ng l\u01b0\u1edbi nh\u01b0\u1ee3ng quy\u1ec1n qu\u1ed1c t\u1ebf l\u1edbn nh\u1ea5t th\u1ebf gi\u1edbi, cung c\u1ea5p c\u00e1c gi\u1ea3i ph\u00e1p b\u00e1n l\u1ebb v\u1ec1 v\u1eadn chuy\u1ec3n, logistics, in \u1ea5n, marketing [&hellip;]<\/p>\n","protected":false},"author":1,"featured_media":0,"parent":0,"menu_order":0,"comment_status":"closed","ping_status":"closed","template":"","meta":{"_acf_changed":false,"content-type":"","footnotes":""},"class_list":["post-13087","page","type-page","status-publish","hentry"],"acf":[],"_links":{"self":[{"href":"https:\/\/mbefranchise.com\/vi\/wp-json\/wp\/v2\/pages\/13087","targetHints":{"allow":["GET"]}}],"collection":[{"href":"https:\/\/mbefranchise.com\/vi\/wp-json\/wp\/v2\/pages"}],"about":[{"href":"https:\/\/mbefranchise.com\/vi\/wp-json\/wp\/v2\/types\/page"}],"author":[{"embeddable":true,"href":"https:\/\/mbefranchise.com\/vi\/wp-json\/wp\/v2\/users\/1"}],"replies":[{"embeddable":true,"href":"https:\/\/mbefranchise.com\/vi\/wp-json\/wp\/v2\/comments?post=13087"}],"version-history":[{"count":3,"href":"https:\/\/mbefranchise.com\/vi\/wp-json\/wp\/v2\/pages\/13087\/revisions"}],"predecessor-version":[{"id":18495,"href":"https:\/\/mbefranchise.com\/vi\/wp-json\/wp\/v2\/pages\/13087\/revisions\/18495"}],"wp:attachment":[{"href":"https:\/\/mbefranchise.com\/vi\/wp-json\/wp\/v2\/media?parent=13087"}],"curies":[{"name":"wp","href":"https:\/\/api.w.org\/{rel}","templated":true}]}}