{"id":13529,"date":"2025-02-05T13:25:28","date_gmt":"2025-02-05T13:25:28","guid":{"rendered":"https:\/\/mbefranchise.com\/danh-gia-cua-khach-hang\/"},"modified":"2025-12-17T14:22:32","modified_gmt":"2025-12-17T14:22:32","slug":"danh-gia-cua-khach-hang","status":"publish","type":"page","link":"https:\/\/mbefranchise.com\/vi\/danh-gia-cua-khach-hang\/","title":{"rendered":"\u0110\u00c1NH GI\u00c1 C\u1ee6A KH\u00c1CH H\u00c0NG"},"content":{"rendered":"\n<div class=\"wp-block-group alignfull hero has-global-padding is-layout-constrained wp-block-group-is-layout-constrained has-background\" style=\"margin-top:0;margin-bottom:0;background-image:url(&apos;https:\/\/mbefranchise.com\/wp-content\/uploads\/2024\/07\/franchising.webp&apos;);background-position:100% 50%;background-repeat:no-repeat;background-size:contain;\">\n<div class=\"wp-block-columns alignwide is-layout-flex wp-container-core-columns-is-layout-f1061711 wp-block-columns-is-layout-flex\" style=\"padding-right:var(--wp--preset--spacing--20);padding-left:var(--wp--preset--spacing--20)\">\n<div class=\"wp-block-column is-layout-flow wp-block-column-is-layout-flow\" style=\"padding-right:0;padding-left:0;flex-basis:100%\">\n<h1 class=\"wp-block-heading alignwide\">Nh\u1eefng c\u00e2u chuy\u1ec7n c\u1ee7a ch\u00fang t\u00f4i<\/h1>\n\n\n\n<p style=\"margin-top:var(--wp--preset--spacing--30);margin-bottom:var(--wp--preset--spacing--30)\">M\u1ea1ng l\u01b0\u1edbi MBE \u0111\u01b0\u1ee3c x\u00e2y d\u1ef1ng d\u1ef1a tr\u00ean ni\u1ec1m \u0111am m\u00ea c\u1ee7a \u0111\u1ed9i ng\u0169 nh\u00e2n vi\u00ean, MBE Network. H\u1ecd l\u00e0 m\u1ed9t trong nh\u1eefng tr\u1ee5 c\u1ed9t c\u1ee7a th\u01b0\u01a1ng hi\u1ec7u ch\u00fang t\u00f4i. Nh\u01b0ng \u0111\u1eebng ch\u1ec9 nghe t\u1eeb ch\u00fang t\u00f4i&#8230; H\u00e3y l\u00e0m quen v\u1edbi c\u00e1c Doanh nh\u00e2n MBE.  <\/p>\n<\/div>\n\n\n\n<div class=\"wp-block-column is-layout-flow wp-block-column-is-layout-flow\" style=\"flex-basis:100%\"><\/div>\n<\/div>\n<\/div>\n\n\n\n<div class=\"wp-block-group alignfull polygon polygon2 has-global-padding is-layout-constrained wp-block-group-is-layout-constrained\" style=\"padding-top:var(--wp--preset--spacing--30);padding-bottom:var(--wp--preset--spacing--30)\">\n<p class=\"has-text-align-center linebefore has-contrast-3-color has-text-color has-link-color wp-elements-347be3a8d4f585ceb5d3886007568cad\" id=\"testimonials\" style=\"font-style:normal;font-weight:600;text-transform:uppercase\">\u0110\u00c1NH GI\u00c1 C\u1ee6A KH\u00c1CH H\u00c0NG<\/p>\n\n\n\n<h2 class=\"wp-block-heading alignwide has-text-align-center\" style=\"margin-bottom:var(--wp--preset--spacing--30)\">C\u00e2u chuy\u1ec7n c\u1ee7a s\u1ef1 th\u00e0nh c\u00f4ng<\/h2>\n\n\n\n<div class=\"wp-block-columns alignwide are-vertically-aligned-center stories is-layout-flex wp-container-core-columns-is-layout-63c0096e wp-block-columns-is-layout-flex\" style=\"margin-top:0;margin-bottom:0;padding-top:0;padding-right:0;padding-bottom:0;padding-left:0\">\n<div class=\"wp-block-column is-vertically-aligned-center is-layout-flow wp-block-column-is-layout-flow\">\n<p class=\"cite has-large-font-size\" style=\"line-height:1.2\"><strong>H\u00e3y \u0111\u1ea3m b\u1ea3o r\u1eb1ng b\u1ea1n lu\u00f4n \u0111\u1eb7t kh\u00e1ch h\u00e0ng l\u00ean h\u00e0ng \u0111\u1ea7u. T\u01b0\u01a1ng lai c\u1ee7a b\u1ea1n s\u1ebd \u0111\u1ea7y h\u1ee9a h\u1eb9n n\u1ebfu b\u1ea1n ch\u00fa tr\u1ecdng v\u00e0o vi\u1ec7c l\u00e0m nh\u1eefng \u0111i\u1ec1u \u0111\u00fang \u0111\u1eafn cho kh\u00e1ch h\u00e0ng. <\/strong><\/p>\n\n\n\n<p class=\"has-medium-font-size\">Sinh ra v\u00e0 l\u1edbn l\u00ean \u1edf Venezuela, Kenneth \u0111\u00e3 h\u1ecdc t\u1eadp t\u1ea1i Hoa K\u1ef3, n\u01a1i anh \u1ea5y kh\u00e1m ph\u00e1 ra Kh\u00e1i ni\u1ec7m MBE. Sau 2 n\u0103m l\u00e0m vi\u1ec7c t\u1ea1i m\u1ed9t c\u00f4ng ty t\u01b0 v\u1ea5n to\u00e0n c\u1ea7u, Kenneth quy\u1ebft \u0111\u1ecbnh th\u00e0nh l\u1eadp MBE t\u1ea1i Venezuela v\u00e0 Mexico. H\u00e3y xem video \u0111\u1ec3 th\u1ea5y con \u0111\u01b0\u1eddng s\u1ef1 nghi\u1ec7p c\u1ee7a anh \u1ea5y v\u00e0 k\u1ebf ho\u1ea1ch t\u01b0\u01a1ng lai c\u1ee7a anh \u1ea5y  <\/p>\n<\/div>\n\n\n\n<div class=\"wp-block-column is-vertically-aligned-center is-layout-flow wp-block-column-is-layout-flow\">\n<figure class=\"wp-block-embed is-type-video is-provider-youtube wp-block-embed-youtube wp-embed-aspect-16-9 wp-has-aspect-ratio\"><div class=\"wp-block-embed__wrapper\">\n<iframe title=\"MBE Master Franchisee Mexico and Venezuela: Kenneth Landau\" width=\"500\" height=\"281\" src=\"https:\/\/www.youtube.com\/embed\/uZRIVJTzthI?feature=oembed\" frameborder=\"0\" allow=\"accelerometer; autoplay; clipboard-write; encrypted-media; gyroscope; picture-in-picture; web-share\" referrerpolicy=\"strict-origin-when-cross-origin\" allowfullscreen><\/iframe>\n<\/div><\/figure>\n<\/div>\n<\/div>\n\n\n\n<div class=\"wp-block-columns alignwide stories is-layout-flex wp-container-core-columns-is-layout-1e834ece wp-block-columns-is-layout-flex\" style=\"margin-top:0;margin-bottom:0;padding-top:var(--wp--preset--spacing--50);padding-bottom:0\">\n<div class=\"wp-block-column is-vertically-aligned-center is-layout-flow wp-block-column-is-layout-flow\">\n<p class=\"cite has-large-font-size\" style=\"line-height:1.2\"><strong>M\u1ed9t n\u1ec1n t\u1ea3ng v\u1eefng ch\u1eafc \u0111\u1ec3 ph\u00e1t tri\u1ec3n m\u1ed9t doanh nghi\u1ec7p b\u1ec1n v\u1eefng v\u00e0 l\u00e2u d\u00e0i<\/strong><\/p>\n\n\n\n<p class=\"has-medium-font-size\">T\u00f4i l\u00e0 m\u1ed9t doanh nh\u00e2n trong l\u0129nh v\u1ef1c logistics v\u00e0 ph\u00e2n ph\u1ed1i \u0111\u00e3 h\u01a1n 20 n\u0103m, nh\u01b0ng t\u00f4i lu\u00f4n t\u00ecm ki\u1ebfm nhi\u1ec1u c\u01a1 h\u1ed9i v\u00e0 c\u00e1c m\u00f4 h\u00ecnh kinh doanh m\u1edbi. MBE l\u00e0 m\u1ed9t th\u01b0\u01a1ng hi\u1ec7u uy t\u00edn, t\u00f4i nh\u1eadn th\u1ea5y vi\u1ec7c Nh\u01b0\u1ee3ng quy\u1ec1n Th\u01b0\u01a1ng hi\u1ec7u MBE l\u00e0 m\u1ed9t c\u01a1 h\u1ed9i l\u00fd t\u01b0\u1edfng \u0111\u1ec3 kh\u1edfi \u0111\u1ea7u cho ho\u1ea1t \u0111\u1ed9ng nh\u01b0\u1ee3ng quy\u1ec1n. <\/p>\n<\/div>\n\n\n\n<div class=\"wp-block-column is-layout-flow wp-block-column-is-layout-flow\">\n<figure class=\"wp-block-embed is-type-video is-provider-youtube wp-block-embed-youtube wp-embed-aspect-16-9 wp-has-aspect-ratio\"><div class=\"wp-block-embed__wrapper\">\n<iframe title=\"MBE Master Licensee: Sa\u0161a Cvetojevi\u0107, Adriatic Region\" width=\"500\" height=\"281\" src=\"https:\/\/www.youtube.com\/embed\/Rae4ZSxWFrI?feature=oembed\" frameborder=\"0\" allow=\"accelerometer; autoplay; clipboard-write; encrypted-media; gyroscope; picture-in-picture; web-share\" referrerpolicy=\"strict-origin-when-cross-origin\" allowfullscreen><\/iframe>\n<\/div><\/figure>\n<\/div>\n<\/div>\n<\/div>\n\n\n\n<div class=\"wp-block-columns alignwide is-layout-flex wp-container-core-columns-is-layout-28f84493 wp-block-columns-is-layout-flex\">\n<div class=\"wp-block-column is-vertically-aligned-center is-layout-flow wp-block-column-is-layout-flow\" style=\"flex-basis:60%\">\n<p class=\"has-text-align-right\" style=\"font-size:clamp(14px, 0.875rem + ((1vw - 3.2px) * 0.732), 20px);\">Kh\u00e1m ph\u00e1 th\u00eam nhi\u1ec1u C\u00e2u chuy\u1ec7n truy\u1ec1n c\u1ea3m h\u1ee9ng tr\u00ean K\u00eanh YouTube c\u1ee7a ch\u00fang t\u00f4i<\/p>\n<\/div>\n\n\n\n<div class=\"wp-block-column is-layout-flow wp-block-column-is-layout-flow\" style=\"flex-basis:40%\">\n<div class=\"wp-block-buttons is-layout-flex wp-container-core-buttons-is-layout-da267d74 wp-block-buttons-is-layout-flex\">\n<div class=\"wp-block-button is-style-fill\"><a class=\"wp-block-button__link has-base-color has-contrast-2-background-color has-text-color has-background has-link-color wp-element-button\" href=\"https:\/\/www.youtube.com\/channel\/UC0Cqrv39pq1xRxhZSCrTbNw\" style=\"border-radius:50px;padding-right:var(--wp--preset--spacing--30);padding-left:var(--wp--preset--spacing--30)\" target=\"_blank\" rel=\"noreferrer noopener nofollow\">Kh\u00e1m ph\u00e1 ngay<\/a><\/div>\n<\/div>\n<\/div>\n<\/div>\n\n\n\n<div class=\"wp-block-group alignfull polygon polygon2 has-global-padding is-layout-constrained wp-block-group-is-layout-constrained\" style=\"padding-top:var(--wp--preset--spacing--30);padding-bottom:var(--wp--preset--spacing--30)\">\n<p class=\"has-text-align-center linebefore has-contrast-3-color has-text-color has-link-color wp-elements-21428298142f0987bea3cdf0bcc471ee\" id=\"testimonials\" style=\"font-style:normal;font-weight:600;text-transform:uppercase\">Mail Boxes Etc. \u0110i\u1ec3m n\u1ed5i b\u1eadt <\/p>\n\n\n\n<h2 class=\"wp-block-heading alignwide has-text-align-center\" style=\"margin-bottom:var(--wp--preset--spacing--30)\">Ph\u1ecfng v\u1ea5n qu\u1ea3n l\u00fd \u0111\u1ed9c quy\u1ec1n<\/h2>\n\n\n\n<div class=\"wp-block-columns alignwide videos is-layout-flex wp-container-core-columns-is-layout-28f84493 wp-block-columns-is-layout-flex\">\n<div class=\"wp-block-column claytonvideo is-layout-flow wp-block-column-is-layout-flow\">\n<figure class=\"wp-block-image size-full has-custom-border\"><img decoding=\"async\" width=\"366\" height=\"206\" src=\"https:\/\/mbefranchise.com\/wp-content\/uploads\/2024\/09\/paolo-fiorelli.jpg\" alt=\"\" class=\"wp-image-12094\" style=\"border-radius:10px\" srcset=\"https:\/\/mbefranchise.com\/wp-content\/uploads\/2024\/09\/paolo-fiorelli.jpg 366w, https:\/\/mbefranchise.com\/wp-content\/uploads\/2024\/09\/paolo-fiorelli-300x169.jpg 300w\" sizes=\"(max-width: 366px) 100vw, 366px\" \/><\/figure>\n\n\n\n<p style=\"font-size:clamp(15.747px, 0.984rem + ((1vw - 3.2px) * 1.006), 24px);\"><strong>Paolo Fiorelli<\/strong><br>Ch\u1ee7 t\u1ecbch v\u00e0 CEO MBE Worldwide<\/p>\n\n\n\n<p class=\"play\"><a href=\"#\">Xem video<\/a><\/p>\n<\/div>\n\n\n\n<div class=\"wp-block-column samuelevideo is-layout-flow wp-block-column-is-layout-flow\">\n<figure class=\"wp-block-image size-full has-custom-border\"><img decoding=\"async\" width=\"366\" height=\"206\" src=\"https:\/\/mbefranchise.com\/wp-content\/uploads\/2024\/09\/samuele-spaccia.jpg\" alt=\"\" class=\"wp-image-12113\" style=\"border-radius:10px\" srcset=\"https:\/\/mbefranchise.com\/wp-content\/uploads\/2024\/09\/samuele-spaccia.jpg 366w, https:\/\/mbefranchise.com\/wp-content\/uploads\/2024\/09\/samuele-spaccia-300x169.jpg 300w\" sizes=\"(max-width: 366px) 100vw, 366px\" \/><\/figure>\n\n\n\n<p style=\"font-size:clamp(15.747px, 0.984rem + ((1vw - 3.2px) * 1.006), 24px);\"><strong>Samuele Spaccia<\/strong><br>MBE Worldwide Group Chief Finance Officer<\/p>\n\n\n\n<p class=\"play\"><a href=\"#\">Xem video<\/a><\/p>\n<\/div>\n\n\n\n<div class=\"wp-block-column rudivideo is-layout-flow wp-block-column-is-layout-flow\">\n<figure class=\"wp-block-image size-full has-custom-border\"><img decoding=\"async\" width=\"366\" height=\"206\" src=\"https:\/\/mbefranchise.com\/wp-content\/uploads\/2024\/09\/giuseppe-rudi.jpg\" alt=\"\" class=\"wp-image-12121\" style=\"border-radius:10px\" srcset=\"https:\/\/mbefranchise.com\/wp-content\/uploads\/2024\/09\/giuseppe-rudi.jpg 366w, https:\/\/mbefranchise.com\/wp-content\/uploads\/2024\/09\/giuseppe-rudi-300x169.jpg 300w\" sizes=\"(max-width: 366px) 100vw, 366px\" \/><\/figure>\n\n\n\n<p style=\"font-size:clamp(15.747px, 0.984rem + ((1vw - 3.2px) * 1.006), 24px);\"><strong>Giuseppe Rudi<br><\/strong>MBE Worldwide Group Chief Operating Officer<\/p>\n\n\n\n<p class=\"play\"><a href=\"#\">Xem video<\/a><\/p>\n<\/div>\n<\/div>\n<\/div>\n\n\n\n<div class=\"wp-block-group alignwide form has-global-padding is-layout-constrained wp-block-group-is-layout-constrained\" style=\"padding-top:var(--wp--preset--spacing--30);padding-bottom:var(--wp--preset--spacing--30)\">\n<p class=\"has-text-align-center linebefore has-contrast-3-color has-text-color has-link-color wp-elements-9f2ddf01aeaacaa45cd0387a769af9a7\" id=\"apply\" style=\"font-style:normal;font-weight:600;text-transform:uppercase\">LI\u00caN H\u1ec6<\/p>\n\n\n\n<div class=\"hs-form-frame\" data-region=\"eu1\" data-form-id=\"9fe84554-9f3e-4de2-bfa3-0c13760f2b8b\" data-portal-id=\"144081496\"><\/div>\n<\/div>\n","protected":false},"excerpt":{"rendered":"<p>Nh\u1eefng c\u00e2u chuy\u1ec7n c\u1ee7a ch\u00fang t\u00f4i M\u1ea1ng l\u01b0\u1edbi MBE \u0111\u01b0\u1ee3c x\u00e2y d\u1ef1ng d\u1ef1a tr\u00ean ni\u1ec1m \u0111am m\u00ea c\u1ee7a \u0111\u1ed9i ng\u0169 nh\u00e2n vi\u00ean, MBE Network. H\u1ecd l\u00e0 m\u1ed9t trong nh\u1eefng tr\u1ee5 c\u1ed9t c\u1ee7a th\u01b0\u01a1ng hi\u1ec7u ch\u00fang t\u00f4i. Nh\u01b0ng \u0111\u1eebng ch\u1ec9 nghe t\u1eeb ch\u00fang t\u00f4i&#8230; H\u00e3y l\u00e0m quen v\u1edbi c\u00e1c Doanh nh\u00e2n MBE. \u0110\u00c1NH GI\u00c1 C\u1ee6A KH\u00c1CH [&hellip;]<\/p>\n","protected":false},"author":1,"featured_media":0,"parent":0,"menu_order":0,"comment_status":"closed","ping_status":"closed","template":"","meta":{"_acf_changed":false,"content-type":"","footnotes":""},"class_list":["post-13529","page","type-page","status-publish","hentry"],"acf":[],"_links":{"self":[{"href":"https:\/\/mbefranchise.com\/vi\/wp-json\/wp\/v2\/pages\/13529","targetHints":{"allow":["GET"]}}],"collection":[{"href":"https:\/\/mbefranchise.com\/vi\/wp-json\/wp\/v2\/pages"}],"about":[{"href":"https:\/\/mbefranchise.com\/vi\/wp-json\/wp\/v2\/types\/page"}],"author":[{"embeddable":true,"href":"https:\/\/mbefranchise.com\/vi\/wp-json\/wp\/v2\/users\/1"}],"replies":[{"embeddable":true,"href":"https:\/\/mbefranchise.com\/vi\/wp-json\/wp\/v2\/comments?post=13529"}],"version-history":[{"count":2,"href":"https:\/\/mbefranchise.com\/vi\/wp-json\/wp\/v2\/pages\/13529\/revisions"}],"predecessor-version":[{"id":16927,"href":"https:\/\/mbefranchise.com\/vi\/wp-json\/wp\/v2\/pages\/13529\/revisions\/16927"}],"wp:attachment":[{"href":"https:\/\/mbefranchise.com\/vi\/wp-json\/wp\/v2\/media?parent=13529"}],"curies":[{"name":"wp","href":"https:\/\/api.w.org\/{rel}","templated":true}]}}